{"id":22916,"date":"2021-12-07T08:36:24","date_gmt":"2021-12-07T08:36:24","guid":{"rendered":"https:\/\/sani.debem.com\/?page_id=22916"},"modified":"2022-06-28T06:07:25","modified_gmt":"2022-06-28T06:07:25","slug":"azienda","status":"publish","type":"page","link":"https:\/\/sani.debem.com\/it\/azienda\/","title":{"rendered":"Azienda"},"content":{"rendered":"<section class=\"vc_row wpb_row vc_row-fluid  vc_custom_1642418633132 wow fadeIn vc_row-has-fill pofo-row-responsive-69d0ae9244815\"><div class=\"wpb_column vc_column_container vc_col-sm-12  col-xs-mobile-fullwidth\"><div class=\"vc_column-inner \"><div class=\"wpb_wrapper\"><div class=\"vc_row wpb_row vc_inner vc_row-fluid\"><div class=\"wpb_column vc_column_container vc_col-lg-3 vc_col-md-3 vc_hidden-sm col-xs-mobile-fullwidth\"><div class=\"vc_column-inner \"><div class=\"wpb_wrapper\"><\/div><\/div><\/div><div class=\"wpb_column vc_column_container vc_col-lg-6 vc_col-md-6 col-xs-mobile-fullwidth text-center md-text-center sm-text-left xs-text-left\"><div class=\"vc_column-inner \"><div class=\"wpb_wrapper\"><span class=\"text-extra-dark-gray margin-20px-bottom font-weight-600 display-inline-block alt-font heading-style2  vc_custom_1638866756576  heading-1\"  style=\"font-size: 15px; line-height: 22px; font-weight: 400; color: #0069a5;\" data-fontsize=\"15px\" data-lineheight=\"22px\">DEBEM<\/span><h1 class=\"text-extra-dark-gray margin-20px-bottom font-weight-600 display-inline-block alt-font  pofo_font_1638878119505 heading-style2  heading-2\"  style=\"font-size: 36px; line-height: 40px; font-weight: 500;\" data-fontsize=\"36px\" data-lineheight=\"40px\">Leader nella produzione di soluzioni di pompaggio<\/h1><div class=\"text-medium line-height-28  vc_custom_1638866413805 last-paragraph-no-margin pofo-text-block-responsive-69d0ae9244baf\" style=\"width: 100%;\"><p>L\u2019azienda Debem srl \u00e8 specializzata nell\u2019offrire soluzioni di pompaggio idonee al trasferimento di fluidi nei settori alimentari, delle bevande, farmaceutici, cosmetici e tricologici.<\/p>\n<\/div><\/div><\/div><\/div><div class=\"wpb_column vc_column_container vc_col-lg-3 vc_col-md-3 vc_hidden-sm col-xs-mobile-fullwidth\"><div class=\"vc_column-inner \"><div class=\"wpb_wrapper\"><\/div><\/div><\/div><\/div><\/div><\/div><\/div><div class=\"wpb_column vc_column_container  col-xs-mobile-fullwidth\"><div class=\"vc_column-inner \"><div class=\"wpb_wrapper\">[vc_raw_html el_class=&#8221;sgBreadcrumb&#8221;]JTVCYWlvc2VvX2JyZWFkY3J1bWJzJTVE[\/vc_raw_html]<\/div><\/div><\/div><\/section><section data-vc-full-width=\"true\" data-vc-full-width-init=\"false\" class=\"vc_row wpb_row vc_row-fluid  vc_custom_1642685441911 wow fadeIn vc_row-has-fill pofo-stretch-content pofo-stretch-row-container pofo-row-responsive-69d0ae9244ccc\" style=\"min-height: 900px;\"><div class=\"wpb_column vc_column_container vc_col-sm-12  col-xs-mobile-fullwidth\"><div class=\"vc_column-inner \"><div class=\"wpb_wrapper\"><\/div><\/div><\/div><\/section><div class=\"vc_row-full-width vc_clearfix\"><\/div><section class=\"vc_row wpb_row vc_row-fluid  vc_custom_1642677827808\"><div class=\"wpb_column vc_column_container vc_col-sm-12  col-xs-mobile-fullwidth\"><div class=\"vc_column-inner \"><div class=\"wpb_wrapper\"><div id=\"pofo-client-image-slider-1\" class=\"swiper-container pofo-client-image-slider-1  black-move\" data-slider-options=\"{&quot;stopOnLastSlide&quot;:true,&quot;disableOnInteraction&quot;:false,&quot;keyboard&quot;:true,&quot;mousewheel&quot;:false,&quot;slidesPerView&quot;:&quot;2&quot;,&quot;breakpoints&quot;:{&quot;768&quot;:{&quot;slidesPerView&quot;:&quot;2&quot;},&quot;992&quot;:{&quot;slidesPerView&quot;:&quot;3&quot;},&quot;1200&quot;:{&quot;slidesPerView&quot;:&quot;5&quot;}},&quot;loop&quot;:true,&quot;autoplay&quot;:{&quot;delay&quot;:3000},&quot;navigation&quot;:{&quot;nextEl&quot;:&quot;.swiper-next-1&quot;,&quot;prevEl&quot;:&quot;.swiper-prev-1&quot;}}\"><div class=\"swiper-wrapper\"><div class=\"swiper-slide slide-content-middle text-center\"><img loading=\"lazy\" decoding=\"async\" src=\"https:\/\/sani.debem.com\/wp-content\/uploads\/2021\/11\/a3.png\" width=\"225\" height=\"110\" alt=\"\" srcset=\"https:\/\/sani.debem.com\/wp-content\/uploads\/2021\/11\/a3.png 225w, https:\/\/sani.debem.com\/wp-content\/uploads\/2021\/11\/a3-120x59.png 120w, https:\/\/sani.debem.com\/wp-content\/uploads\/2021\/11\/a3-81x40.png 81w\" sizes=\"auto, (max-width: 225px) 100vw, 225px\"\/><\/div><div class=\"swiper-slide slide-content-middle text-center\"><img loading=\"lazy\" decoding=\"async\" src=\"https:\/\/sani.debem.com\/wp-content\/uploads\/2022\/01\/Moca_1.png\" width=\"225\" height=\"110\" alt=\"\" srcset=\"https:\/\/sani.debem.com\/wp-content\/uploads\/2022\/01\/Moca_1.png 225w, https:\/\/sani.debem.com\/wp-content\/uploads\/2022\/01\/Moca_1-120x59.png 120w, https:\/\/sani.debem.com\/wp-content\/uploads\/2022\/01\/Moca_1-81x40.png 81w\" sizes=\"auto, (max-width: 225px) 100vw, 225px\"\/><\/div><div class=\"swiper-slide slide-content-middle text-center\"><img loading=\"lazy\" decoding=\"async\" src=\"https:\/\/sani.debem.com\/wp-content\/uploads\/2022\/05\/FDA.png\" width=\"166\" height=\"72\" alt=\"FDA\" srcset=\"https:\/\/sani.debem.com\/wp-content\/uploads\/2022\/05\/FDA.png 166w, https:\/\/sani.debem.com\/wp-content\/uploads\/2022\/05\/FDA-120x52.png 120w, https:\/\/sani.debem.com\/wp-content\/uploads\/2022\/05\/FDA-81x35.png 81w\" sizes=\"auto, (max-width: 166px) 100vw, 166px\"\/><\/div><div class=\"swiper-slide slide-content-middle text-center\"><img loading=\"lazy\" decoding=\"async\" src=\"https:\/\/sani.debem.com\/wp-content\/uploads\/2022\/01\/atex.png\" width=\"225\" height=\"110\" alt=\"\" srcset=\"https:\/\/sani.debem.com\/wp-content\/uploads\/2022\/01\/atex.png 225w, https:\/\/sani.debem.com\/wp-content\/uploads\/2022\/01\/atex-120x59.png 120w, https:\/\/sani.debem.com\/wp-content\/uploads\/2022\/01\/atex-81x40.png 81w\" sizes=\"auto, (max-width: 225px) 100vw, 225px\"\/><\/div><div class=\"swiper-slide slide-content-middle text-center\"><img loading=\"lazy\" decoding=\"async\" src=\"https:\/\/sani.debem.com\/wp-content\/uploads\/2022\/01\/iso-9001-V1.png\" width=\"225\" height=\"110\" alt=\"\" srcset=\"https:\/\/sani.debem.com\/wp-content\/uploads\/2022\/01\/iso-9001-V1.png 225w, https:\/\/sani.debem.com\/wp-content\/uploads\/2022\/01\/iso-9001-V1-120x59.png 120w, https:\/\/sani.debem.com\/wp-content\/uploads\/2022\/01\/iso-9001-V1-81x40.png 81w\" sizes=\"auto, (max-width: 225px) 100vw, 225px\"\/><\/div><div class=\"swiper-slide slide-content-middle text-center\"><img loading=\"lazy\" decoding=\"async\" src=\"https:\/\/sani.debem.com\/wp-content\/uploads\/2022\/01\/CertificazioneCE.png\" width=\"225\" height=\"110\" alt=\"\" srcset=\"https:\/\/sani.debem.com\/wp-content\/uploads\/2022\/01\/CertificazioneCE.png 225w, https:\/\/sani.debem.com\/wp-content\/uploads\/2022\/01\/CertificazioneCE-120x59.png 120w, https:\/\/sani.debem.com\/wp-content\/uploads\/2022\/01\/CertificazioneCE-81x40.png 81w\" sizes=\"auto, (max-width: 225px) 100vw, 225px\"\/><\/div><div class=\"swiper-slide slide-content-middle text-center\"><img loading=\"lazy\" decoding=\"async\" src=\"https:\/\/sani.debem.com\/wp-content\/uploads\/2021\/11\/lifegate-energy.png\" width=\"225\" height=\"110\" alt=\"\" srcset=\"https:\/\/sani.debem.com\/wp-content\/uploads\/2021\/11\/lifegate-energy.png 225w, https:\/\/sani.debem.com\/wp-content\/uploads\/2021\/11\/lifegate-energy-120x59.png 120w, https:\/\/sani.debem.com\/wp-content\/uploads\/2021\/11\/lifegate-energy-81x40.png 81w\" sizes=\"auto, (max-width: 225px) 100vw, 225px\"\/><\/div><\/div><div class=\"swiper-button-next swiper-next-1 slider-long-arrow-white\"><\/div>\n                            <div class=\"swiper-button-prev swiper-prev-1 slider-long-arrow-white\"><\/div><\/div><\/div><\/div><\/div><\/section><section data-vc-full-width=\"true\" data-vc-full-width-init=\"false\" data-vc-stretch-content=\"true\" class=\"vc_row wpb_row vc_row-fluid  vc_custom_1638883032145 wow fadeIn vc_row-has-fill pofo-stretch-content vc_row-o-equal-height vc_row-flex\"><div class=\"wpb_column vc_column_container vc_col-has-fill vc_col-sm-12 vc_col-lg-6 vc_col-md-6 vc_col-xs-12 vc_hidden-xs wow fadeIn pofo-column-responsive-69d0ae9245dc7\"><div class=\"vc_column-inner cover-background vc_custom_1650529120099\"><div class=\"wpb_wrapper\"><\/div><\/div><\/div><div class=\"wpb_column vc_column_container vc_col-sm-12 vc_col-lg-6 vc_col-md-6 vc_col-xs-12 wow fadeIn sm-text-left xs-text-left\"><div class=\"vc_column-inner \"><div class=\"wpb_wrapper\"><div class=\"vc_row wpb_row vc_inner vc_row-fluid  vc_custom_1509538648256 pofo-inner-row-responsive-69d0ae9245f05\"><div class=\"wpb_column vc_column_container  col-xs-mobile-fullwidth pofo-column-responsive-69d0ae9245fd2\"><div class=\"vc_column-inner \"><div class=\"wpb_wrapper\"><span class=\"text-extra-dark-gray margin-20px-bottom font-weight-600 display-block alt-font heading-style2  vc_custom_1638878295930  heading-3\"  style=\"font-size: 15px; line-height: 22px; font-weight: 400; color: #0069a5;\" data-fontsize=\"15px\" data-lineheight=\"22px\">I NOSTRI PUNTI DI FORZA<\/span><span class=\"text-extra-dark-gray margin-20px-bottom font-weight-600 display-inline-block alt-font  pofo_font_1638878090678 heading-style2  heading-4\"  style=\"font-size: 36px; line-height: 40px; font-weight: 500;\" data-fontsize=\"36px\" data-lineheight=\"40px\">Perch\u00e9 scegliere Debem?<\/span><div class=\"text-medium line-height-28  vc_custom_1650535655962 last-paragraph-no-margin pofo-text-block-responsive-69d0ae92460a9\"><p>Debem Hygienic Solutions \u00e8 una realt\u00e0 italiana presente sul mercato delle pompe alimentari e farmaceutiche dal 1982. Una lunga esperienza nel campo della progettazione e costruzione di prodotti idonei alla movimentazione di fluidi alimentari, anche ad elevata viscosit\u00e0 e con parti solide in sospensione.<br \/>\nDebem esporta le sue pompe in tutto il mondo ed \u00e8 sempre la prima scelta per centinaia di aziende leader di settore, che vogliono un prodotto affidabile, di alta qualit\u00e0, che riesca a soddisfare le pi\u00f9 critiche e delicate esigenze del processo produttivo.<br \/>\nTutte le nostre pompe hanno un sistema di funzionamento brevettato, sono certificate secondo le restrittive regolamentazioni di settore quali 3A e MOCA e possono essere sottoposte ai principali processi di lavaggio e sanificazioni (C.I.P \u2013 S.I.P \u2013 C.O.P).<\/p>\n<\/div><\/div><\/div><\/div><div class=\"wpb_column vc_column_container vc_col-sm-6 vc_col-lg-6 vc_col-md-12 vc_col-xs-12 wow none sm-text-left xs-text-left pofo-column-responsive-69d0ae9246117\"><div class=\"vc_column-inner vc_custom_1638879375351\"><div class=\"wpb_wrapper\"><div class=\"featurebox31 pofo-featurebox featurebox31-1\" ><div class=\"text-light-gray margin-10px-bottom sm-margin-5px-bottom alt-font\"><span class=\"text-deep-pink margin-15px-right pull-left text-large xs-display-block xs-margin-lr-auto xs-width-100\" style=\"font-size:16px; line-height:24px; \">01.<\/span><span class=\"text-extra-dark-gray \" style=\"font-size: 16px; line-height: 24px; font-weight: 500; color: #0069a5;\" data-fontsize=\"16px\" data-lineheight=\"24px\">STORICIT\u00c0<\/span><\/div><div class=\"last-paragraph-no-margin\"><p>La comprovata soddisfazione di centinaia di clienti in tutto il mondo \u00e8 la prova tangibile del successo dei nostri prodotti.<\/p>\n<\/div><\/div><\/div><\/div><\/div><div class=\"wpb_column vc_column_container vc_col-sm-6 vc_col-lg-6 vc_col-md-12 vc_col-xs-12 wow none sm-text-left xs-text-left pofo-column-responsive-69d0ae9246268\"><div class=\"vc_column-inner vc_custom_1638879381292\"><div class=\"wpb_wrapper\"><div class=\"featurebox31 pofo-featurebox featurebox31-2\" ><div class=\"text-light-gray margin-10px-bottom sm-margin-5px-bottom alt-font\"><span class=\"text-deep-pink margin-15px-right pull-left text-large xs-display-block xs-margin-lr-auto xs-width-100\" style=\"font-size:16px; line-height:24px; \">02.<\/span><span class=\"text-extra-dark-gray \" style=\"font-size: 16px; line-height: 24px; font-weight: 500; color: #0069a5;\" data-fontsize=\"16px\" data-lineheight=\"24px\">MADE IN ITALY<\/span><\/div><div class=\"last-paragraph-no-margin\"><p>Le pompe Debem \u2013 Hygienic Solutions sono prodotti di alta <a href=\"https:\/\/sani.debem.com\/wp-content\/uploads\/2022\/01\/Brevetti-Debem.pdf\" target=\"_blank\" rel=\"noopener\"><span style=\"color: #0069a5;\">tecnologia brevettata<\/span><\/a> \u201cMade in Italy\u201d, unici sul mercato.<\/p>\n<\/div><\/div><\/div><\/div><\/div><div class=\"wpb_column vc_column_container vc_col-sm-6 vc_col-lg-6 vc_col-md-12 vc_col-xs-12 clear-both wow none sm-text-left xs-text-left pofo-column-responsive-69d0ae924635f\" data-clear-both=\"clear-both\"><div class=\"vc_column-inner \"><div class=\"wpb_wrapper\"><div class=\"featurebox31 pofo-featurebox featurebox31-3\" ><div class=\"text-light-gray margin-10px-bottom sm-margin-5px-bottom alt-font\"><span class=\"text-deep-pink margin-15px-right pull-left text-large xs-display-block xs-margin-lr-auto xs-width-100\" style=\"font-size:16px; line-height:24px; \">03.<\/span><span class=\"text-extra-dark-gray \" style=\"font-size: 16px; line-height: 24px; font-weight: 500; color: #0069a5;\" data-fontsize=\"16px\" data-lineheight=\"24px\">INTERNAZIONALIT\u00c0<\/span><\/div><div class=\"last-paragraph-no-margin\"><p>Le nostre pompe seguono direttive e standard internazionali, vengono vendute in tutto il mondo, tenendo alta la bandiera del Made in Italy.<\/p>\n<\/div><\/div><\/div><\/div><\/div><div class=\"wpb_column vc_column_container vc_col-sm-6 vc_col-lg-6 vc_col-md-12 vc_col-xs-12 wow none sm-text-left xs-text-left pofo-column-responsive-69d0ae924644e\"><div class=\"vc_column-inner \"><div class=\"wpb_wrapper\"><div class=\"featurebox31 pofo-featurebox featurebox31-4\" ><div class=\"text-light-gray margin-10px-bottom sm-margin-5px-bottom alt-font\"><span class=\"text-deep-pink margin-15px-right pull-left text-large xs-display-block xs-margin-lr-auto xs-width-100\" style=\"font-size:16px; line-height:24px; \">04.<\/span><span class=\"text-extra-dark-gray \" style=\"font-size: 16px; line-height: 24px; font-weight: 500; color: #0069a5;\" data-fontsize=\"16px\" data-lineheight=\"24px\">QUALIT\u00c0<\/span><\/div><div class=\"last-paragraph-no-margin\"><p>I materiali costruttivi delle pompe Debem sono certificati, tracciabili e sottoposti a rigidi controlli qualitativi come da normative di settore.<\/p>\n<\/div><\/div><\/div><\/div><\/div><\/div><\/div><\/div><\/div><\/section><div class=\"vc_row-full-width vc_clearfix\"><\/div><section class=\"vc_row wpb_row vc_row-fluid\"><div class=\"wpb_column vc_column_container vc_col-sm-12  col-xs-mobile-fullwidth\"><div class=\"vc_column-inner \"><div class=\"wpb_wrapper\"><div class=\"vc_row wpb_row vc_inner vc_row-fluid  vc_custom_1638880097381\"><div class=\"wpb_column vc_column_container vc_col-lg-3 vc_col-md-3 vc_hidden-sm col-xs-mobile-fullwidth\"><div class=\"vc_column-inner \"><div class=\"wpb_wrapper\"><\/div><\/div><\/div><div class=\"wpb_column vc_column_container vc_col-lg-6 vc_col-md-6 col-xs-mobile-fullwidth text-center md-text-center sm-text-left xs-text-left\"><div class=\"vc_column-inner \"><div class=\"wpb_wrapper\"><span class=\"text-extra-dark-gray margin-20px-bottom font-weight-600 display-block alt-font heading-style2  vc_custom_1642419643827  heading-5\"  style=\"font-size: 15px; line-height: 22px; font-weight: 400; color: #0069a5;\" data-fontsize=\"15px\" data-lineheight=\"22px\">SERVIZI<\/span><h1 class=\"text-extra-dark-gray margin-20px-bottom font-weight-600 display-block alt-font  pofo_font_1642419637957 heading-style2  heading-6\"  style=\"font-size: 36px; line-height: 40px; font-weight: 500;\" data-fontsize=\"36px\" data-lineheight=\"40px\">Una gamma innovativa di servizi<\/h1><div class=\"text-medium line-height-28  vc_custom_1638866413805 last-paragraph-no-margin pofo-text-block-responsive-69d0ae9246796\" style=\"width: 100%;\"><p>L\u2019azienda Debem srl \u00e8 specializzata nell\u2019offrire soluzioni di pompaggio idonee al trasferimento di fluidi nei settori alimentari, delle bevande, farmaceutici, cosmetici e tricologici.<\/p>\n<\/div><\/div><\/div><\/div><div class=\"wpb_column vc_column_container vc_col-lg-3 vc_col-md-3 vc_hidden-sm col-xs-mobile-fullwidth\"><div class=\"vc_column-inner \"><div class=\"wpb_wrapper\"><\/div><\/div><\/div><\/div><div class=\"vc_row wpb_row vc_inner vc_row-fluid\"><div class=\"wpb_column vc_column_container vc_col-sm-4 vc_col-xs-6 pofo-column-responsive-69d0ae92468d5\"><div class=\"vc_column-inner vc_custom_1642419561798\"><div class=\"wpb_wrapper\"><div class=\"featurebox2 pofo-featurebox featurebox2-1\" ><div class=\"col-md-3 col-sm-4 col-xs-12 no-padding-left xs-no-padding-right pull-left\"><img decoding=\"async\" src=\"https:\/\/sani.debem.com\/wp-content\/uploads\/2021\/12\/Scelta-Materiali.png\" alt=\"Scelta materiali\" class=\"icon-image xs-margin-15px-bottom position-relative top-minus2\" style=\"max-width: 45px;\"\/><span class=\"separator-line-verticle-large margin-ten-right bg-deep-pink vertical-align-top pull-right margin-two-top hidden-xs\"><\/span><\/div><div class=\"col-md-9 col-sm-8 col-xs-12 sm-no-padding-lr\"><span class=\"text-medium margin-10px-bottom text-extra-dark-gray alt-font display-block\" style=\"font-size: 15px; font-weight: 600;\" data-fontsize=\"15px\">SCELTA MATERIALI<\/span><div class=\"width-90 md-width-100 last-paragraph-no-margin\"><p>Le pompe Debem si differenziano per materiali di alta qualit\u00e0, certificati e sottoposti ai pi\u00f9 rigidi controlli secondo le normative di settore.<\/p>\n<\/div><\/div><\/div><\/div><\/div><\/div><div class=\"wpb_column vc_column_container vc_col-sm-4 vc_col-xs-6 pofo-column-responsive-69d0ae9246b27\"><div class=\"vc_column-inner vc_custom_1642419679965\"><div class=\"wpb_wrapper\"><div class=\"featurebox2 pofo-featurebox featurebox2-2\" ><div class=\"col-md-3 col-sm-4 col-xs-12 no-padding-left xs-no-padding-right pull-left\"><img decoding=\"async\" src=\"https:\/\/sani.debem.com\/wp-content\/uploads\/2021\/12\/Soluzioni-Custom.png\" alt=\"Soluzioni custom\" class=\"icon-image xs-margin-15px-bottom position-relative top-minus2\" style=\"max-width: 45px;\"\/><span class=\"separator-line-verticle-large margin-ten-right bg-deep-pink vertical-align-top pull-right margin-two-top hidden-xs\"><\/span><\/div><div class=\"col-md-9 col-sm-8 col-xs-12 sm-no-padding-lr\"><span class=\"text-medium margin-10px-bottom text-extra-dark-gray alt-font display-block\" style=\"font-size: 15px; font-weight: 600;\" data-fontsize=\"15px\">SOLUZIONI CUSTOM<\/span><div class=\"width-90 md-width-100 last-paragraph-no-margin\"><p>Le pompe Debem possono essere adattate a tutte le esigenze produttive per assolvere al meglio le operazioni di movimentazione dei fluidi.<\/p>\n<\/div><\/div><\/div><\/div><\/div><\/div><div class=\"wpb_column vc_column_container vc_col-sm-4 vc_col-xs-6 pofo-column-responsive-69d0ae9246d6d\"><div class=\"vc_column-inner vc_custom_1642419694164\"><div class=\"wpb_wrapper\"><div class=\"featurebox2 pofo-featurebox featurebox2-3\" ><div class=\"col-md-3 col-sm-4 col-xs-12 no-padding-left xs-no-padding-right pull-left\"><img decoding=\"async\" src=\"https:\/\/sani.debem.com\/wp-content\/uploads\/2021\/12\/Consulenza.png\" alt=\"Consulenza\" class=\"icon-image xs-margin-15px-bottom position-relative top-minus2\" style=\"max-width: 45px;\"\/><span class=\"separator-line-verticle-large margin-ten-right bg-deep-pink vertical-align-top pull-right margin-two-top hidden-xs\"><\/span><\/div><div class=\"col-md-9 col-sm-8 col-xs-12 sm-no-padding-lr\"><span class=\"text-medium margin-10px-bottom text-extra-dark-gray alt-font display-block\" style=\"font-size: 15px; font-weight: 600;\" data-fontsize=\"15px\">CONSULENZA<\/span><div class=\"width-90 md-width-100 last-paragraph-no-margin\"><p>Debem dispone di un reparto di customer service di alta competenza tecnica, al fine di individuare il prodotto pi\u00f9 idoneo in base all\u2019applicazione.<\/p>\n<\/div><\/div><\/div><\/div><\/div><\/div><div class=\"wpb_column vc_column_container vc_col-sm-4 vc_col-xs-6 pofo-column-responsive-69d0ae9246fb7\"><div class=\"vc_column-inner vc_custom_1642419705718\"><div class=\"wpb_wrapper\"><div class=\"featurebox2 pofo-featurebox featurebox2-4\" ><div class=\"col-md-3 col-sm-4 col-xs-12 no-padding-left xs-no-padding-right pull-left\"><img decoding=\"async\" src=\"https:\/\/sani.debem.com\/wp-content\/uploads\/2021\/12\/Ricerca-Innovazione.png\" alt=\"Ricerca e Innovazione\" class=\"icon-image xs-margin-15px-bottom position-relative top-minus2\" style=\"max-width: 45px;\"\/><span class=\"separator-line-verticle-large margin-ten-right bg-deep-pink vertical-align-top pull-right margin-two-top hidden-xs\"><\/span><\/div><div class=\"col-md-9 col-sm-8 col-xs-12 sm-no-padding-lr\"><span class=\"text-medium margin-10px-bottom text-extra-dark-gray alt-font display-block\" style=\"font-size: 15px; font-weight: 600;\" data-fontsize=\"15px\">RICERCA E INNOVAZIONE<\/span><div class=\"width-90 md-width-100 last-paragraph-no-margin\"><p>Debem \u00e8 sempre al lavoro sul fronte dell\u2019innovazione per offrire prodotti unici, forte anche della filosofia aziendale in merito agli investimenti in R&amp;D.<\/p>\n<\/div><\/div><\/div><\/div><\/div><\/div><div class=\"wpb_column vc_column_container vc_col-sm-4 vc_col-xs-6 pofo-column-responsive-69d0ae9247207\"><div class=\"vc_column-inner vc_custom_1642419712304\"><div class=\"wpb_wrapper\"><div class=\"featurebox2 pofo-featurebox featurebox2-5\" ><div class=\"col-md-3 col-sm-4 col-xs-12 no-padding-left xs-no-padding-right pull-left\"><img decoding=\"async\" src=\"https:\/\/sani.debem.com\/wp-content\/uploads\/2021\/12\/Laboratorio.png\" alt=\"Laboratorio Analisi\" class=\"icon-image xs-margin-15px-bottom position-relative top-minus2\" style=\"max-width: 45px;\"\/><span class=\"separator-line-verticle-large margin-ten-right bg-deep-pink vertical-align-top pull-right margin-two-top hidden-xs\"><\/span><\/div><div class=\"col-md-9 col-sm-8 col-xs-12 sm-no-padding-lr\"><span class=\"text-medium margin-10px-bottom text-extra-dark-gray alt-font display-block\" style=\"font-size: 15px; font-weight: 600;\" data-fontsize=\"15px\">LABORATORIO DI ANALISI<\/span><div class=\"width-90 md-width-100 last-paragraph-no-margin\"><p>Debem dispone di un laboratorio di analisi applicative per simulare le condizioni impiantistiche del cliente e trovare il prodotto pi\u00f9 idoneo a ogni esigenza produttiva.<\/p>\n<\/div><\/div><\/div><\/div><\/div><\/div><div class=\"wpb_column vc_column_container vc_col-sm-4 vc_col-xs-6 pofo-column-responsive-69d0ae924744a\"><div class=\"vc_column-inner vc_custom_1642419718552\"><div class=\"wpb_wrapper\"><div class=\"featurebox2 pofo-featurebox featurebox2-6\" ><div class=\"col-md-3 col-sm-4 col-xs-12 no-padding-left xs-no-padding-right pull-left\"><img decoding=\"async\" src=\"https:\/\/sani.debem.com\/wp-content\/uploads\/2021\/12\/Assistenza-PostVendita1.png\" alt=\"Assistenza post-vendita\" class=\"icon-image xs-margin-15px-bottom position-relative top-minus2\" style=\"max-width: 45px;\"\/><span class=\"separator-line-verticle-large margin-ten-right bg-deep-pink vertical-align-top pull-right margin-two-top hidden-xs\"><\/span><\/div><div class=\"col-md-9 col-sm-8 col-xs-12 sm-no-padding-lr\"><span class=\"text-medium margin-10px-bottom text-extra-dark-gray alt-font display-block\" style=\"font-size: 15px; font-weight: 600;\" data-fontsize=\"15px\">SERVIZIO POST-VENDITA<\/span><div class=\"width-90 md-width-100 last-paragraph-no-margin\"><p>Supporto tecnico post-vendita in grado di rispondere a ogni quesito inerente il corretto utilizzo, l&#8217;installazione, il funzionamento e la manutenzione delle pompe acquistate.<\/p>\n<\/div><\/div><\/div><\/div><\/div><\/div><\/div><\/div><\/div><\/div><\/section><section data-vc-full-width=\"true\" data-vc-full-width-init=\"false\" class=\"vc_row wpb_row vc_row-fluid  vc_custom_1638461520204 cover-background wow fadeIn vc_row-has-fill pofo-stretch-content pofo-stretch-row-container pofo-row-responsive-69d0ae92476a8\"><div class=\"wpb_column vc_column_container vc_col-sm-12 vc_col-md-12 col-xs-mobile-fullwidth text-center\"><div class=\"vc_column-inner \"><div class=\"wpb_wrapper\"><span class=\"text-extra-large margin-25px-bottom vertical-align-middle sm-width-100 display-inline-block alt-font heading-style3  vc_custom_1636384071485 pofo-button-responsive-69d0ae9247813  heading-7\"  style=\"color: #ffffff;\">Desideri ricevere informazioni? Non esitare a contattarci<\/span><a  href=\"https:\/\/sani.debem.com\/it\/contatti\/\" target=\"_self\" class=\"btn pofo-button-1 button-style2  btn-white  btn-medium   vc_custom_1650546738323 pofo-button-responsive-69d0ae9247857\"  style=\"color:#0069a5; \">CONTATTACI<\/a><\/div><\/div><\/div><\/section><div class=\"vc_row-full-width vc_clearfix\"><\/div>\n","protected":false},"excerpt":{"rendered":"DEBEMLeader nella produzione di soluzioni di pompaggioL\u2019azienda Debem srl \u00e8 specializzata nell\u2019offrire soluzioni di pompaggio idonee al trasferimento di fluidi nei settori alimentari, delle bevande, farmaceutici, cosmetici e tricologici. [vc_raw_html el_class=\"sgBreadcrumb\"]JTVCYWlvc2VvX2JyZWFkY3J1bWJzJTVE[\/vc_raw_html] I NOSTRI PUNTI DI FORZAPerch\u00e9 scegliere Debem?Debem Hygienic Solutions \u00e8 una realt\u00e0 italiana presente sul mercato delle pompe alimentari e farmaceutiche dal 1982. Una lunga esperienza nel campo della progettazione e costruzione di prodotti idonei alla movimentazione di fluidi alimentari, anche ad elevata viscosit\u00e0 e con parti solide in sospensione. Debem esporta le sue pompe in tutto il mondo ed \u00e8 sempre la prima scelta per centinaia di aziende leader di settore, che vogliono un prodotto affidabile, di alta qualit\u00e0, che riesca a soddisfare le pi\u00f9 critiche e delicate esigenze del processo produttivo. Tutte le nostre pompe hanno un sistema di funzionamento brevettato, sono certificate secondo le restrittive regolamentazioni di settore quali 3A e MOCA e possono essere sottoposte ai principali processi di lavaggio e sanificazioni (C.I.P \u2013 S.I.P \u2013 C.O.P). 01.STORICIT\u00c0La comprovata soddisfazione di centinaia di clienti in tutto il mondo \u00e8 la prova tangibile del successo dei nostri prodotti. 02.MADE IN ITALYLe pompe Debem \u2013 Hygienic Solutions sono prodotti di alta tecnologia brevettata \u201cMade in Italy\u201d, unici...","protected":false},"author":1,"featured_media":0,"parent":0,"menu_order":0,"comment_status":"closed","ping_status":"closed","template":"","meta":{"footnotes":""},"class_list":["post-22916","page","type-page","status-publish","hentry"],"aioseo_notices":[],"_links":{"self":[{"href":"https:\/\/sani.debem.com\/it\/wp-json\/wp\/v2\/pages\/22916","targetHints":{"allow":["GET"]}}],"collection":[{"href":"https:\/\/sani.debem.com\/it\/wp-json\/wp\/v2\/pages"}],"about":[{"href":"https:\/\/sani.debem.com\/it\/wp-json\/wp\/v2\/types\/page"}],"author":[{"embeddable":true,"href":"https:\/\/sani.debem.com\/it\/wp-json\/wp\/v2\/users\/1"}],"replies":[{"embeddable":true,"href":"https:\/\/sani.debem.com\/it\/wp-json\/wp\/v2\/comments?post=22916"}],"version-history":[{"count":82,"href":"https:\/\/sani.debem.com\/it\/wp-json\/wp\/v2\/pages\/22916\/revisions"}],"predecessor-version":[{"id":26778,"href":"https:\/\/sani.debem.com\/it\/wp-json\/wp\/v2\/pages\/22916\/revisions\/26778"}],"wp:attachment":[{"href":"https:\/\/sani.debem.com\/it\/wp-json\/wp\/v2\/media?parent=22916"}],"curies":[{"name":"wp","href":"https:\/\/api.w.org\/{rel}","templated":true}]}}