{"id":29537,"date":"2025-03-20T17:43:20","date_gmt":"2025-03-20T17:43:20","guid":{"rendered":"https:\/\/sani.debem.com\/?page_id=29537"},"modified":"2025-05-28T13:33:00","modified_gmt":"2025-05-28T13:33:00","slug":"analyse-de-cas","status":"publish","type":"page","link":"https:\/\/sani.debem.com\/fr\/analyse-de-cas\/","title":{"rendered":"Analyse de cas"},"content":{"rendered":"<section data-vc-full-width=\"true\" data-vc-full-width-init=\"false\" class=\"vc_row wpb_row vc_row-fluid big-section first-section vc_custom_1742304137150 wow fadeIn vc_row-has-fill pofo-stretch-content pofo-stretch-row-container vc_row-o-equal-height vc_row-o-content-middle vc_row-flex pofo-row-responsive-69dc60c198128\"><div class=\"wpb_column vc_column_container vc_col-md-2 col-xs-mobile-fullwidth\"><div class=\"vc_column-inner \"><div class=\"wpb_wrapper\"><div class=\"sm-display-none separator-line-horrizontal-full bg-extra-light-gray center-col pofo-separator  vc_custom_1738849714940\" style=\"background-color:#ffffff;\"><\/div><\/div><\/div><\/div><div class=\"wpb_column vc_column_container vc_col-md-offset-2 vc_col-md-8 col-xs-mobile-fullwidth\"><div class=\"vc_column-inner vc_custom_1507701469315\" style=\"min-height: 400px;\"><div class=\"wpb_wrapper\">[vc_single_image image=\u00a0\u00bb25119&Prime; img_size=\u00a0\u00bb60&#215;60&Prime; el_class=\u00a0\u00bbmargin-five-bottom\u00a0\u00bb css=\u00a0\u00bb.vc_custom_1742298840520{margin-bottom: 30px !important;}\u00a0\u00bb]<h2 class=\"text-medium-gray text-small margin-5px-bottom alt-font text-uppercase heading-style4  heading-1\"  style=\"letter-spacing: 1px; font-weight: 600; color: #43c7e7;\">\u00c9TUDES<\/h2><h1 class=\"text-extra-dark-gray margin-20px-bottom font-weight-600 display-inline-block alt-font  pofo_font_1742492573601 heading-style2  vc_custom_1742492573601 pofo-button-responsive-69dc60c1983f1  heading-2\"  style=\"width: 80%; font-size: 40px; line-height: 46px; font-weight: 400; color: #44c6e7;\" data-fontsize=\"40px\" data-lineheight=\"46px\">Analyse de cas : applications r\u00e9elles des solutions de pompage<\/h1><span class=\"text-extra-large margin-25px-bottom display-block alt-font  pofo_font_1742492578818 heading-style3  vc_custom_1742492578819 pofo-button-responsive-69dc60c19842c  heading-3\"  style=\"width: 85%; font-size: 18px; line-height: 28px; font-weight: 300; color: #ffffff;\" data-fontsize=\"18px\" data-lineheight=\"28px\">D\u00e9couvrez des cas concrets o\u00f9 les pompes Debem ont optimis\u00e9 les processus de production dans les secteurs de l\u2019agroalimentaire, de la pharmacie et des cosm\u00e9tiques. Du transfert efficace des ingr\u00e9dients \u00e0 la gestion hygi\u00e9nique et s\u00e9curis\u00e9e des fluides, nos \u00e9tudes de cas montrent comment les entreprises ont am\u00e9lior\u00e9 l\u2019efficacit\u00e9 du flux de travail, r\u00e9duit les temps d\u2019arr\u00eat et maintenu les normes de qualit\u00e9 les plus \u00e9lev\u00e9es.<\/span><a  href=\"#case\" class=\"btn pofo-button-1 section-link button-style9  btn-link text-extra-dark-gray text-deep-pink-hover  btn-medium \"  style=\"color:#43c7e7; \">D\u00e9couvrir<\/a><\/div><\/div><\/div><\/section><div class=\"vc_row-full-width vc_clearfix\"><\/div><section id=\"case\" class=\"vc_row wpb_row vc_row-fluid  vc_custom_1742304155447 wow fadeIn vc_row-has-fill pofo-row-responsive-69dc60c1984d7\"><div class=\"wpb_column vc_column_container  col-xs-mobile-fullwidth pofo-column-responsive-69dc60c198585\"><div class=\"vc_column-inner vc_custom_1742304681501\"><div class=\"wpb_wrapper\"><ul class=\"portfolio-grid hover-option6 work-3col gutter-medium portfolio-style-6 pofo-portfolio-layout-1\" data-uniqueid=\"pofo-portfolio-layout-1\"><li class=\"grid-sizer\"><\/li><li class=\"grid-item portfolio-filter-135-pofo-portfolio-layout-1 \"><div class=\"pofo-rich-snippet display-none post-30612 portfolio type-portfolio status-publish format-standard has-post-thumbnail hentry portfolio-category-cases-fr\"><div class=\"pofo-rich-snippet display-none\"><span class=\"entry-title\">Pompe pour le transfert d&rsquo;huile d&rsquo;olive extra vierge<\/span><span class=\"author vcard\"><a class=\"url fn n\" href=\"https:\/\/sani.debem.com\/fr\/author\/debem\/\">debem<\/a><\/span><span class=\"published\">30 janvier 2026<\/span><time class=\"updated\" datetime=\"2026-01-30T11:32:07+00:00\">30 janvier 2026<\/time><\/div><\/div><figure><div class=\"portfolio-img bg-deep-pink position-relative text-center overflow-hidden pofo-portfolio-page-background\"><img loading=\"lazy\" decoding=\"async\" class=\"skip-lazy\" src=\"https:\/\/sani.debem.com\/wp-content\/uploads\/2026\/01\/Copertine_Case_13.jpg\" width=\"800\" height=\"800\" alt=\"\" srcset=\"https:\/\/sani.debem.com\/wp-content\/uploads\/2026\/01\/Copertine_Case_13.jpg 800w, https:\/\/sani.debem.com\/wp-content\/uploads\/2026\/01\/Copertine_Case_13-300x300.jpg 300w, https:\/\/sani.debem.com\/wp-content\/uploads\/2026\/01\/Copertine_Case_13-150x150.jpg 150w, https:\/\/sani.debem.com\/wp-content\/uploads\/2026\/01\/Copertine_Case_13-768x768.jpg 768w, https:\/\/sani.debem.com\/wp-content\/uploads\/2026\/01\/Copertine_Case_13-771x771.jpg 771w, https:\/\/sani.debem.com\/wp-content\/uploads\/2026\/01\/Copertine_Case_13-120x120.jpg 120w, https:\/\/sani.debem.com\/wp-content\/uploads\/2026\/01\/Copertine_Case_13-81x81.jpg 81w\" sizes=\"auto, (max-width: 800px) 100vw, 800px\"><div class=\"portfolio-icon\"><a class=\"text-center\" href=\"https:\/\/sani.debem.com\/fr\/app\/pompe-pour-le-transfert-dhuile-dolive-extra-vierge\/\" target=\"_self\"><i class=\"fas fa-link text-extra-dark-gray\" aria-hidden=\"true\"><\/i><\/a><\/div><\/div><figcaption><div class=\"text-center portfolio-hover-main\"><div class=\"vertical-align-middle portfolio-hover-box\"><div class=\"portfolio-hover-content position-relative\"><span class=\"display-block\"><a class=\"line-height-normal font-weight-600 text-small alt-font margin-5px-bottom text-extra-dark-gray text-uppercase\" style=\"font-size: 14px; line-height: 20px;\" data-fontsize=\"14px\" data-lineheight=\"20px\" href=\"https:\/\/sani.debem.com\/fr\/app\/pompe-pour-le-transfert-dhuile-dolive-extra-vierge\/\" target=\"_self\">Pompe pour le transfert d&rsquo;huile d&rsquo;olive extra vierge<\/a><\/span><p class=\"text-medium-gray text-extra-small no-margin-bottom text-uppercase\" style=\"font-size: 13px; line-height: 26px; font-weight: 600; color: #43c7e7;\" data-fontsize=\"13px\" data-lineheight=\"26px\">AISIBOXER 01<\/p><\/div><\/div><\/div><\/figcaption><\/figure><\/li><li class=\"grid-item portfolio-filter-135-pofo-portfolio-layout-1 \"><div class=\"pofo-rich-snippet display-none post-30482 portfolio type-portfolio status-publish format-standard has-post-thumbnail hentry portfolio-category-cases-fr\"><div class=\"pofo-rich-snippet display-none\"><span class=\"entry-title\">Pompe pour gels et produits cosm\u00e9tiques<\/span><span class=\"author vcard\"><a class=\"url fn n\" href=\"https:\/\/sani.debem.com\/fr\/author\/debem\/\">debem<\/a><\/span><span class=\"published\">25 novembre 2025<\/span><time class=\"updated\" datetime=\"2025-11-25T07:09:32+00:00\">25 novembre 2025<\/time><\/div><\/div><figure><div class=\"portfolio-img bg-deep-pink position-relative text-center overflow-hidden pofo-portfolio-page-background\"><img loading=\"lazy\" decoding=\"async\" class=\"skip-lazy\" src=\"https:\/\/sani.debem.com\/wp-content\/uploads\/2025\/11\/Copertine_Case_11-1.jpg\" width=\"800\" height=\"800\" alt=\"\" srcset=\"https:\/\/sani.debem.com\/wp-content\/uploads\/2025\/11\/Copertine_Case_11-1.jpg 800w, https:\/\/sani.debem.com\/wp-content\/uploads\/2025\/11\/Copertine_Case_11-1-300x300.jpg 300w, https:\/\/sani.debem.com\/wp-content\/uploads\/2025\/11\/Copertine_Case_11-1-150x150.jpg 150w, https:\/\/sani.debem.com\/wp-content\/uploads\/2025\/11\/Copertine_Case_11-1-768x768.jpg 768w, https:\/\/sani.debem.com\/wp-content\/uploads\/2025\/11\/Copertine_Case_11-1-771x771.jpg 771w, https:\/\/sani.debem.com\/wp-content\/uploads\/2025\/11\/Copertine_Case_11-1-120x120.jpg 120w, https:\/\/sani.debem.com\/wp-content\/uploads\/2025\/11\/Copertine_Case_11-1-81x81.jpg 81w\" sizes=\"auto, (max-width: 800px) 100vw, 800px\"><div class=\"portfolio-icon\"><a class=\"text-center\" href=\"https:\/\/sani.debem.com\/fr\/app\/pompe-pour-gels-et-produits-cosmetiques\/\" target=\"_self\"><i class=\"fas fa-link text-extra-dark-gray\" aria-hidden=\"true\"><\/i><\/a><\/div><\/div><figcaption><div class=\"text-center portfolio-hover-main\"><div class=\"vertical-align-middle portfolio-hover-box\"><div class=\"portfolio-hover-content position-relative\"><span class=\"display-block\"><a class=\"line-height-normal font-weight-600 text-small alt-font margin-5px-bottom text-extra-dark-gray text-uppercase\" style=\"font-size: 14px; line-height: 20px;\" data-fontsize=\"14px\" data-lineheight=\"20px\" href=\"https:\/\/sani.debem.com\/fr\/app\/pompe-pour-gels-et-produits-cosmetiques\/\" target=\"_self\">Pompe pour gels et produits cosm\u00e9tiques<\/a><\/span><p class=\"text-medium-gray text-extra-small no-margin-bottom text-uppercase\" style=\"font-size: 13px; line-height: 26px; font-weight: 600; color: #43c7e7;\" data-fontsize=\"13px\" data-lineheight=\"26px\">AISIBOXER 03<\/p><\/div><\/div><\/div><\/figcaption><\/figure><\/li><li class=\"grid-item portfolio-filter-135-pofo-portfolio-layout-1 \"><div class=\"pofo-rich-snippet display-none post-30123 portfolio type-portfolio status-publish format-standard has-post-thumbnail hentry portfolio-category-cases-fr\"><div class=\"pofo-rich-snippet display-none\"><span class=\"entry-title\">Pompe pour m\u00e9langes botaniques<\/span><span class=\"author vcard\"><a class=\"url fn n\" href=\"https:\/\/sani.debem.com\/fr\/author\/debem\/\">debem<\/a><\/span><span class=\"published\">23 septembre 2025<\/span><time class=\"updated\" datetime=\"2025-09-23T13:22:26+00:00\">23 septembre 2025<\/time><\/div><\/div><figure><div class=\"portfolio-img bg-deep-pink position-relative text-center overflow-hidden pofo-portfolio-page-background\"><img loading=\"lazy\" decoding=\"async\" class=\"skip-lazy\" src=\"https:\/\/sani.debem.com\/wp-content\/uploads\/2025\/08\/Copertine_Case_9.jpg\" width=\"800\" height=\"800\" alt=\"\" srcset=\"https:\/\/sani.debem.com\/wp-content\/uploads\/2025\/08\/Copertine_Case_9.jpg 800w, https:\/\/sani.debem.com\/wp-content\/uploads\/2025\/08\/Copertine_Case_9-300x300.jpg 300w, https:\/\/sani.debem.com\/wp-content\/uploads\/2025\/08\/Copertine_Case_9-150x150.jpg 150w, https:\/\/sani.debem.com\/wp-content\/uploads\/2025\/08\/Copertine_Case_9-768x768.jpg 768w, https:\/\/sani.debem.com\/wp-content\/uploads\/2025\/08\/Copertine_Case_9-771x771.jpg 771w, https:\/\/sani.debem.com\/wp-content\/uploads\/2025\/08\/Copertine_Case_9-120x120.jpg 120w, https:\/\/sani.debem.com\/wp-content\/uploads\/2025\/08\/Copertine_Case_9-81x81.jpg 81w\" sizes=\"auto, (max-width: 800px) 100vw, 800px\"><div class=\"portfolio-icon\"><a class=\"text-center\" href=\"https:\/\/sani.debem.com\/fr\/app\/pompe-pour-melanges-botaniques\/\" target=\"_self\"><i class=\"fas fa-link text-extra-dark-gray\" aria-hidden=\"true\"><\/i><\/a><\/div><\/div><figcaption><div class=\"text-center portfolio-hover-main\"><div class=\"vertical-align-middle portfolio-hover-box\"><div class=\"portfolio-hover-content position-relative\"><span class=\"display-block\"><a class=\"line-height-normal font-weight-600 text-small alt-font margin-5px-bottom text-extra-dark-gray text-uppercase\" style=\"font-size: 14px; line-height: 20px;\" data-fontsize=\"14px\" data-lineheight=\"20px\" href=\"https:\/\/sani.debem.com\/fr\/app\/pompe-pour-melanges-botaniques\/\" target=\"_self\">Pompe pour m\u00e9langes botaniques<\/a><\/span><p class=\"text-medium-gray text-extra-small no-margin-bottom text-uppercase\" style=\"font-size: 13px; line-height: 26px; font-weight: 600; color: #43c7e7;\" data-fontsize=\"13px\" data-lineheight=\"26px\">AISIBOXER 01<\/p><\/div><\/div><\/div><\/figcaption><\/figure><\/li><li class=\"grid-item portfolio-filter-135-pofo-portfolio-layout-1 \"><div class=\"pofo-rich-snippet display-none post-30039 portfolio type-portfolio status-publish format-standard has-post-thumbnail hentry portfolio-category-cases-fr\"><div class=\"pofo-rich-snippet display-none\"><span class=\"entry-title\">Pompe \u00e0 p\u00e2te \u00e0 cr\u00eapes<\/span><span class=\"author vcard\"><a class=\"url fn n\" href=\"https:\/\/sani.debem.com\/fr\/author\/debem\/\">debem<\/a><\/span><span class=\"published\">16 juillet 2025<\/span><time class=\"updated\" datetime=\"2025-07-16T07:53:15+00:00\">16 juillet 2025<\/time><\/div><\/div><figure><div class=\"portfolio-img bg-deep-pink position-relative text-center overflow-hidden pofo-portfolio-page-background\"><img loading=\"lazy\" decoding=\"async\" class=\"skip-lazy\" src=\"https:\/\/sani.debem.com\/wp-content\/uploads\/2025\/06\/Copertine_Case_7.jpg\" width=\"800\" height=\"800\" alt=\"\" srcset=\"https:\/\/sani.debem.com\/wp-content\/uploads\/2025\/06\/Copertine_Case_7.jpg 800w, https:\/\/sani.debem.com\/wp-content\/uploads\/2025\/06\/Copertine_Case_7-300x300.jpg 300w, https:\/\/sani.debem.com\/wp-content\/uploads\/2025\/06\/Copertine_Case_7-150x150.jpg 150w, https:\/\/sani.debem.com\/wp-content\/uploads\/2025\/06\/Copertine_Case_7-768x768.jpg 768w, https:\/\/sani.debem.com\/wp-content\/uploads\/2025\/06\/Copertine_Case_7-771x771.jpg 771w, https:\/\/sani.debem.com\/wp-content\/uploads\/2025\/06\/Copertine_Case_7-120x120.jpg 120w, https:\/\/sani.debem.com\/wp-content\/uploads\/2025\/06\/Copertine_Case_7-81x81.jpg 81w\" sizes=\"auto, (max-width: 800px) 100vw, 800px\"><div class=\"portfolio-icon\"><a class=\"text-center\" href=\"https:\/\/sani.debem.com\/fr\/app\/pompe-a-pate-a-crepes\/\" target=\"_self\"><i class=\"fas fa-link text-extra-dark-gray\" aria-hidden=\"true\"><\/i><\/a><\/div><\/div><figcaption><div class=\"text-center portfolio-hover-main\"><div class=\"vertical-align-middle portfolio-hover-box\"><div class=\"portfolio-hover-content position-relative\"><span class=\"display-block\"><a class=\"line-height-normal font-weight-600 text-small alt-font margin-5px-bottom text-extra-dark-gray text-uppercase\" style=\"font-size: 14px; line-height: 20px;\" data-fontsize=\"14px\" data-lineheight=\"20px\" href=\"https:\/\/sani.debem.com\/fr\/app\/pompe-a-pate-a-crepes\/\" target=\"_self\">Pompe \u00e0 p\u00e2te \u00e0 cr\u00eapes<\/a><\/span><p class=\"text-medium-gray text-extra-small no-margin-bottom text-uppercase\" style=\"font-size: 13px; line-height: 26px; font-weight: 600; color: #43c7e7;\" data-fontsize=\"13px\" data-lineheight=\"26px\">AISIBOXER 02<\/p><\/div><\/div><\/div><\/figcaption><\/figure><\/li><li class=\"grid-item portfolio-filter-135-pofo-portfolio-layout-1 \"><div class=\"pofo-rich-snippet display-none post-29923 portfolio type-portfolio status-publish format-standard has-post-thumbnail hentry portfolio-category-cases-fr\"><div class=\"pofo-rich-snippet display-none\"><span class=\"entry-title\">Pompe \u00e0 sauce pour pesto alla genovese<\/span><span class=\"author vcard\"><a class=\"url fn n\" href=\"https:\/\/sani.debem.com\/fr\/author\/debem\/\">debem<\/a><\/span><span class=\"published\">28 mai 2025<\/span><time class=\"updated\" datetime=\"2025-05-28T13:45:38+00:00\">28 mai 2025<\/time><\/div><\/div><figure><div class=\"portfolio-img bg-deep-pink position-relative text-center overflow-hidden pofo-portfolio-page-background\"><img loading=\"lazy\" decoding=\"async\" class=\"skip-lazy\" src=\"https:\/\/sani.debem.com\/wp-content\/uploads\/2025\/05\/Copertine_Case_5.jpg\" width=\"800\" height=\"800\" alt=\"\" srcset=\"https:\/\/sani.debem.com\/wp-content\/uploads\/2025\/05\/Copertine_Case_5.jpg 800w, https:\/\/sani.debem.com\/wp-content\/uploads\/2025\/05\/Copertine_Case_5-300x300.jpg 300w, https:\/\/sani.debem.com\/wp-content\/uploads\/2025\/05\/Copertine_Case_5-150x150.jpg 150w, https:\/\/sani.debem.com\/wp-content\/uploads\/2025\/05\/Copertine_Case_5-768x768.jpg 768w, https:\/\/sani.debem.com\/wp-content\/uploads\/2025\/05\/Copertine_Case_5-771x771.jpg 771w, https:\/\/sani.debem.com\/wp-content\/uploads\/2025\/05\/Copertine_Case_5-120x120.jpg 120w, https:\/\/sani.debem.com\/wp-content\/uploads\/2025\/05\/Copertine_Case_5-81x81.jpg 81w\" sizes=\"auto, (max-width: 800px) 100vw, 800px\"><div class=\"portfolio-icon\"><a class=\"text-center\" href=\"https:\/\/sani.debem.com\/fr\/app\/pompe-a-sauce-pour-pesto-alla-genovese\/\" target=\"_self\"><i class=\"fas fa-link text-extra-dark-gray\" aria-hidden=\"true\"><\/i><\/a><\/div><\/div><figcaption><div class=\"text-center portfolio-hover-main\"><div class=\"vertical-align-middle portfolio-hover-box\"><div class=\"portfolio-hover-content position-relative\"><span class=\"display-block\"><a class=\"line-height-normal font-weight-600 text-small alt-font margin-5px-bottom text-extra-dark-gray text-uppercase\" style=\"font-size: 14px; line-height: 20px;\" data-fontsize=\"14px\" data-lineheight=\"20px\" href=\"https:\/\/sani.debem.com\/fr\/app\/pompe-a-sauce-pour-pesto-alla-genovese\/\" target=\"_self\">Pompe \u00e0 sauce pour pesto alla genovese<\/a><\/span><p class=\"text-medium-gray text-extra-small no-margin-bottom text-uppercase\" style=\"font-size: 13px; line-height: 26px; font-weight: 600; color: #43c7e7;\" data-fontsize=\"13px\" data-lineheight=\"26px\">AISIBOXER 03<\/p><\/div><\/div><\/div><\/figcaption><\/figure><\/li><li class=\"grid-item portfolio-filter-135-pofo-portfolio-layout-1 \"><div class=\"pofo-rich-snippet display-none post-29363 portfolio type-portfolio status-publish format-standard has-post-thumbnail hentry portfolio-category-cases-fr\"><div class=\"pofo-rich-snippet display-none\"><span class=\"entry-title\">Pompe pour l&rsquo;industrie laiti\u00e8re<\/span><span class=\"author vcard\"><a class=\"url fn n\" href=\"https:\/\/sani.debem.com\/fr\/author\/debem\/\">debem<\/a><\/span><span class=\"published\">17 mars 2025<\/span><time class=\"updated\" datetime=\"2025-03-17T17:00:33+00:00\">17 mars 2025<\/time><\/div><\/div><figure><div class=\"portfolio-img bg-deep-pink position-relative text-center overflow-hidden pofo-portfolio-page-background\"><img loading=\"lazy\" decoding=\"async\" class=\"skip-lazy\" src=\"https:\/\/sani.debem.com\/wp-content\/uploads\/2025\/03\/Copertine_Case_3.jpg\" width=\"800\" height=\"800\" alt=\"\" srcset=\"https:\/\/sani.debem.com\/wp-content\/uploads\/2025\/03\/Copertine_Case_3.jpg 800w, https:\/\/sani.debem.com\/wp-content\/uploads\/2025\/03\/Copertine_Case_3-300x300.jpg 300w, https:\/\/sani.debem.com\/wp-content\/uploads\/2025\/03\/Copertine_Case_3-150x150.jpg 150w, https:\/\/sani.debem.com\/wp-content\/uploads\/2025\/03\/Copertine_Case_3-768x768.jpg 768w, https:\/\/sani.debem.com\/wp-content\/uploads\/2025\/03\/Copertine_Case_3-771x771.jpg 771w, https:\/\/sani.debem.com\/wp-content\/uploads\/2025\/03\/Copertine_Case_3-120x120.jpg 120w, https:\/\/sani.debem.com\/wp-content\/uploads\/2025\/03\/Copertine_Case_3-81x81.jpg 81w\" sizes=\"auto, (max-width: 800px) 100vw, 800px\"><div class=\"portfolio-icon\"><a class=\"text-center\" href=\"https:\/\/sani.debem.com\/fr\/app\/aisiboxer-02\/\" target=\"_self\"><i class=\"fas fa-link text-extra-dark-gray\" aria-hidden=\"true\"><\/i><\/a><\/div><\/div><figcaption><div class=\"text-center portfolio-hover-main\"><div class=\"vertical-align-middle portfolio-hover-box\"><div class=\"portfolio-hover-content position-relative\"><span class=\"display-block\"><a class=\"line-height-normal font-weight-600 text-small alt-font margin-5px-bottom text-extra-dark-gray text-uppercase\" style=\"font-size: 14px; line-height: 20px;\" data-fontsize=\"14px\" data-lineheight=\"20px\" href=\"https:\/\/sani.debem.com\/fr\/app\/aisiboxer-02\/\" target=\"_self\">Pompe pour l&rsquo;industrie laiti\u00e8re<\/a><\/span><p class=\"text-medium-gray text-extra-small no-margin-bottom text-uppercase\" style=\"font-size: 13px; line-height: 26px; font-weight: 600; color: #43c7e7;\" data-fontsize=\"13px\" data-lineheight=\"26px\">AISIBOXER 02<\/p><\/div><\/div><\/div><\/figcaption><\/figure><\/li><li class=\"grid-item portfolio-filter-135-pofo-portfolio-layout-1 \"><div class=\"pofo-rich-snippet display-none post-29187 portfolio type-portfolio status-publish format-standard has-post-thumbnail hentry portfolio-category-cases-fr\"><div class=\"pofo-rich-snippet display-none\"><span class=\"entry-title\">Pompe pour l&rsquo;industrie de la pizza surgel\u00e9e<\/span><span class=\"author vcard\"><a class=\"url fn n\" href=\"https:\/\/sani.debem.com\/fr\/author\/debem\/\">debem<\/a><\/span><span class=\"published\">13 f\u00e9vrier 2025<\/span><time class=\"updated\" datetime=\"2025-02-13T11:13:17+00:00\">13 f\u00e9vrier 2025<\/time><\/div><\/div><figure><div class=\"portfolio-img bg-deep-pink position-relative text-center overflow-hidden pofo-portfolio-page-background\"><img loading=\"lazy\" decoding=\"async\" class=\"skip-lazy\" src=\"https:\/\/sani.debem.com\/wp-content\/uploads\/2025\/03\/Copertine_Case_1.jpg\" width=\"800\" height=\"800\" alt=\"\" srcset=\"https:\/\/sani.debem.com\/wp-content\/uploads\/2025\/03\/Copertine_Case_1.jpg 800w, https:\/\/sani.debem.com\/wp-content\/uploads\/2025\/03\/Copertine_Case_1-300x300.jpg 300w, https:\/\/sani.debem.com\/wp-content\/uploads\/2025\/03\/Copertine_Case_1-150x150.jpg 150w, https:\/\/sani.debem.com\/wp-content\/uploads\/2025\/03\/Copertine_Case_1-768x768.jpg 768w, https:\/\/sani.debem.com\/wp-content\/uploads\/2025\/03\/Copertine_Case_1-771x771.jpg 771w, https:\/\/sani.debem.com\/wp-content\/uploads\/2025\/03\/Copertine_Case_1-120x120.jpg 120w, https:\/\/sani.debem.com\/wp-content\/uploads\/2025\/03\/Copertine_Case_1-81x81.jpg 81w\" sizes=\"auto, (max-width: 800px) 100vw, 800px\"><div class=\"portfolio-icon\"><a class=\"text-center\" href=\"https:\/\/sani.debem.com\/fr\/app\/aisiboxer-01-ab001aadwaawcc\/\" target=\"_self\"><i class=\"fas fa-link text-extra-dark-gray\" aria-hidden=\"true\"><\/i><\/a><\/div><\/div><figcaption><div class=\"text-center portfolio-hover-main\"><div class=\"vertical-align-middle portfolio-hover-box\"><div class=\"portfolio-hover-content position-relative\"><span class=\"display-block\"><a class=\"line-height-normal font-weight-600 text-small alt-font margin-5px-bottom text-extra-dark-gray text-uppercase\" style=\"font-size: 14px; line-height: 20px;\" data-fontsize=\"14px\" data-lineheight=\"20px\" href=\"https:\/\/sani.debem.com\/fr\/app\/aisiboxer-01-ab001aadwaawcc\/\" target=\"_self\">Pompe pour l&rsquo;industrie de la pizza surgel\u00e9e<\/a><\/span><p class=\"text-medium-gray text-extra-small no-margin-bottom text-uppercase\" style=\"font-size: 13px; line-height: 26px; font-weight: 600; color: #43c7e7;\" data-fontsize=\"13px\" data-lineheight=\"26px\">AISIBOXER 01<\/p><\/div><\/div><\/div><\/figcaption><\/figure><\/li><\/ul><\/div><\/div><\/div><\/section><section data-vc-full-width=\"true\" data-vc-full-width-init=\"false\" data-vc-stretch-content=\"true\" class=\"vc_row wpb_row vc_row-fluid  vc_custom_1739264258190 pofo-stretch-content vc_row-no-padding\"><div class=\"wpb_column vc_column_container vc_col-sm-12  col-xs-mobile-fullwidth\"><div class=\"vc_column-inner vc_custom_1739264209753\"><div class=\"wpb_wrapper\"><video autoplay muted loop playsinline class=\"pofo-html5-video\"><source type=\"video\/mp4\" src=\"https:\/\/sani.debem.com\/wp-content\/uploads\/2025\/03\/LogoReveal_1920x1080_Background.mp4\"><\/video><\/div><\/div><\/div><\/section><div class=\"vc_row-full-width vc_clearfix\"><\/div><section data-vc-full-width=\"true\" data-vc-full-width-init=\"false\" class=\"vc_row wpb_row vc_row-fluid  vc_custom_1638461520204 cover-background wow fadeIn vc_row-has-fill pofo-stretch-content pofo-stretch-row-container pofo-row-responsive-69dc60c19d243\"><div class=\"wpb_column vc_column_container vc_col-sm-12 vc_col-md-12 col-xs-mobile-fullwidth text-center\"><div class=\"vc_column-inner \"><div class=\"wpb_wrapper\"><span class=\"text-extra-large margin-25px-bottom vertical-align-middle sm-width-100 display-inline-block alt-font heading-style3  vc_custom_1742492652421 pofo-button-responsive-69dc60c19d374  heading-4\"  style=\"color: #ffffff;\">Souhaitez-vous recevoir plus d\u2019informations ? N\u2019h\u00e9sitez pas \u00e0 nous contacter<\/span><a  href=\"https:\/\/sani.debem.com\/fr\/contacts\" target=\"_self\" class=\"btn pofo-button-2 button-style2  btn-white  btn-medium   vc_custom_1742492667639 pofo-button-responsive-69dc60c19d3af\"  style=\"color:#0069a5; \">CONTACTEZ-NOUS!<\/a><\/div><\/div><\/div><\/section><div class=\"vc_row-full-width vc_clearfix\"><\/div>\n","protected":false},"excerpt":{"rendered":"[vc_single_image image=\"29100\" img_size=\"full\" el_class=\"margin-five-bottom\" css=\".vc_custom_1738918542361{margin-bottom: 30px !important;}\"]Optimisation du processus de productionAISIBOXER-01 \/ Pompe pour l'industrie de la pizza surgel\u00e9e sans glutenUne importante entreprise italienne sp\u00e9cialis\u00e9e dans la production de pizzas surgel\u00e9es sans gluten a optimis\u00e9 son efficacit\u00e9 op\u00e9rationnelle en int\u00e9grant la pompe Debem AISIBOXER-01 pour le transfert de la sauce tomate. Gr\u00e2ce \u00e0 un flux pressuris\u00e9 continu et \u00e0 la conformit\u00e9 MOCA, cette nouvelle pompe a remplac\u00e9 un syst\u00e8me obsol\u00e8te, r\u00e9duisant les temps d\u2019arr\u00eat, am\u00e9liorant la s\u00e9curit\u00e9 du produit et renfor\u00e7ant la fiabilit\u00e9 de l\u2019ensemble du processus de production.D\u00e9couvrirSYNTH\u00c8SEProfil de l'entrepriseL\u2019entreprise est active dans le secteur des pizzas surgel\u00e9es sans gluten et sans lactose, avec une sp\u00e9cialisation dans les plats pr\u00e9cuits destin\u00e9s aux personnes c\u0153liaques et intol\u00e9rantes au lactose. Troisi\u00e8me producteur italien dans ce segment de march\u00e9, elle joue un r\u00f4le cl\u00e9 dans la r\u00e9ponse \u00e0 la demande mondiale croissante d\u2019aliments sans allerg\u00e8nes. Gr\u00e2ce \u00e0 un engagement fort en mati\u00e8re d\u2019innovation et de s\u00e9curit\u00e9 alimentaire, elle dessert \u00e0 la fois le march\u00e9 national et international, en garantissant une conformit\u00e9 totale aux r\u00e9glementations en vigueur. CLIENTTroisi\u00e8me producteur italienSECTEUR D'ACTIVIT\u00c9Industrie des aliments surgel\u00e9s sans glutenSOLUTIONAISIBOXER 1MOD\u00c8LEAB001AADWAAWCC--R0 avec chevalet[vc_single_image image=\"29231\" img_size=\"full\"]ApplicationApplication de la pompe AISIBOXER-01La pompe AISIBOXER-01 permet d'optimiser deux \u00e9tapes essentielles du...","protected":false},"author":1,"featured_media":0,"parent":0,"menu_order":0,"comment_status":"closed","ping_status":"closed","template":"","meta":{"footnotes":""},"class_list":["post-29537","page","type-page","status-publish","hentry"],"aioseo_notices":[],"_links":{"self":[{"href":"https:\/\/sani.debem.com\/fr\/wp-json\/wp\/v2\/pages\/29537","targetHints":{"allow":["GET"]}}],"collection":[{"href":"https:\/\/sani.debem.com\/fr\/wp-json\/wp\/v2\/pages"}],"about":[{"href":"https:\/\/sani.debem.com\/fr\/wp-json\/wp\/v2\/types\/page"}],"author":[{"embeddable":true,"href":"https:\/\/sani.debem.com\/fr\/wp-json\/wp\/v2\/users\/1"}],"replies":[{"embeddable":true,"href":"https:\/\/sani.debem.com\/fr\/wp-json\/wp\/v2\/comments?post=29537"}],"version-history":[{"count":6,"href":"https:\/\/sani.debem.com\/fr\/wp-json\/wp\/v2\/pages\/29537\/revisions"}],"predecessor-version":[{"id":29946,"href":"https:\/\/sani.debem.com\/fr\/wp-json\/wp\/v2\/pages\/29537\/revisions\/29946"}],"wp:attachment":[{"href":"https:\/\/sani.debem.com\/fr\/wp-json\/wp\/v2\/media?parent=29537"}],"curies":[{"name":"wp","href":"https:\/\/api.w.org\/{rel}","templated":true}]}}