{"id":26141,"date":"2022-04-27T10:21:42","date_gmt":"2022-04-27T10:21:42","guid":{"rendered":"https:\/\/sani.debem.com\/?page_id=26141"},"modified":"2024-07-26T09:17:42","modified_gmt":"2024-07-26T09:17:42","slug":"contacts","status":"publish","type":"page","link":"https:\/\/sani.debem.com\/fr\/contacts\/","title":{"rendered":"Contacts"},"content":{"rendered":"<section data-vc-full-width=\"true\" data-vc-full-width-init=\"false\" class=\"vc_row wpb_row vc_row-fluid  vc_custom_1639576765917 wow fadeIn vc_row-has-fill pofo-stretch-content pofo-stretch-row-container pofo-row-responsive-69d7eaf34ba81\"><div class=\"wpb_column vc_column_container  col-xs-mobile-fullwidth\"><div class=\"vc_column-inner \"><div class=\"wpb_wrapper\">[vc_raw_html el_class=\u00a0\u00bbsgBreadcrumb\u00a0\u00bb]JTVCYWlvc2VvX2JyZWFkY3J1bWJzJTVE[\/vc_raw_html]<\/div><\/div><\/div><div class=\"wpb_column vc_column_container vc_col-sm-12 vc_col-md-6 col-xs-mobile-fullwidth wow fadeIn sm-text-left xs-text-left pofo-column-responsive-69d7eaf34bbfb\"><div class=\"vc_column-inner vc_custom_1639396186051\"><div class=\"wpb_wrapper\"><span class=\"text-extra-dark-gray margin-20px-bottom font-weight-600 display-block alt-font heading-style2  vc_custom_1650983841710  heading-1\"  style=\"font-size: 16px; line-height: 23px; font-weight: 500; color: #0069a5;\" data-fontsize=\"16px\" data-lineheight=\"23px\">CONTACTS<\/span><h1 class=\"text-extra-dark-gray margin-20px-bottom font-weight-600 display-inline-block alt-font  pofo_font_1650983846450 heading-style2  heading-2\"  style=\"font-size: 36px; line-height: 40px; font-weight: 500;\" data-fontsize=\"36px\" data-lineheight=\"40px\">Contactez l\u2019\u00e9quipe Debem<\/h1><div class=\"text-medium line-height-28  vc_custom_1650983852994 last-paragraph-no-margin\"><p>L\u2019\u00e9quipe DEBEM est \u00e0 votre disposition pour toute information technique et commerciale sur les produits de la gamme Hygienic Solutions. Veuillez utiliser les coordonn\u00e9es ci-dessous ou remplir le formulaire de contact.<\/p>\n<\/div><div class=\"vc_row wpb_row vc_inner vc_row-fluid\"><div class=\"wpb_column vc_column_container vc_col-sm-6 vc_col-xs-6 text-left md-text-left sm-text-left xs-text-left\"><div class=\"vc_column-inner vc_custom_1639398658152\"><div class=\"wpb_wrapper\"><div class=\"featurebox21 pofo-featurebox featurebox21-1\" ><div class=\"display-inline-block margin-25px-bottom sm-margin-15px-bottom xs-margin-10px-bottom\"><img decoding=\"async\" src=\"https:\/\/sani.debem.com\/wp-content\/uploads\/2021\/12\/Sede_blu.png\" alt=\"\" class=\"icon-image\" style=\"max-width: 60px;\"\/><\/div><span class=\"text-extra-dark-gray display-inline-block width-100 text-small font-weight-600 alt-font margin-5px-bottom\" style=\"font-size: 16px; font-weight: 500; color: #000000;\" data-fontsize=\"16px\">SI\u00c8GE SOCIAL<\/span><div class=\"xs-margin-10px-bottom center-col last-paragraph-no-margin\"><p>Via Del bosco 41, 21052<br \/>\nBusto Arsizio (VA) &#8211; IT<\/p>\n<\/div><a class=\"pofo-info-link margin-15px-top xs-no-margin-top display-inline-block text-deep-pink text-small\" target=\"_blank\" href=\"https:\/\/www.google.com\/maps\/dir\/\/debem+srl\/data=!4m6!4m5!1m1!4e2!1m2!1m1!1s0x47868c669805548d:0xebafa40138dcc371?sa=X&#038;hl=en&#038;ved=2ahUKEwiSidzKuLv1AhV_g_0HHX-yCb4Q9Rd6BAgYEAU\">REJOINS-NOUS<\/a><\/div><\/div><\/div><\/div><div class=\"wpb_column vc_column_container vc_col-sm-6 vc_col-xs-6\"><div class=\"vc_column-inner vc_custom_1639398665400\"><div class=\"wpb_wrapper\"><div class=\"featurebox21 pofo-featurebox featurebox21-2\" ><div class=\"display-inline-block margin-25px-bottom sm-margin-15px-bottom xs-margin-10px-bottom\"><img decoding=\"async\" src=\"https:\/\/sani.debem.com\/wp-content\/uploads\/2021\/12\/Mail_blu.png\" alt=\"\" class=\"icon-image\" style=\"max-width: 60px;\"\/><\/div><span class=\"text-extra-dark-gray display-inline-block width-100 text-small font-weight-600 alt-font margin-5px-bottom\" style=\"font-size: 16px; font-weight: 500; color: #000000;\" data-fontsize=\"16px\">EMAIL<\/span><div class=\"xs-margin-10px-bottom center-col last-paragraph-no-margin\"><p><a href=\"mailto:info@debem.it\">info@debem.it<\/a><br \/>\n<a href=\"mailto:debemsrl@legalmail.it\">debemsrl@legalmail.it<\/a><\/p>\n<\/div><a class=\"pofo-info-link margin-15px-top xs-no-margin-top display-inline-block text-deep-pink text-small\" target=\"_blank\" href=\"mailto:info@debem.it\">\u00c9CRIVEZ-NOUS<\/a><\/div><\/div><\/div><\/div><div class=\"wpb_column vc_column_container vc_col-sm-6 vc_col-xs-6\"><div class=\"vc_column-inner vc_custom_1639398671627\"><div class=\"wpb_wrapper\"><div class=\"featurebox21 pofo-featurebox featurebox21-3\" ><div class=\"display-inline-block margin-25px-bottom sm-margin-15px-bottom xs-margin-10px-bottom\"><img decoding=\"async\" src=\"https:\/\/sani.debem.com\/wp-content\/uploads\/2021\/12\/Chiamaci_blu.png\" alt=\"\" class=\"icon-image\" style=\"max-width: 60px;\"\/><\/div><span class=\"text-extra-dark-gray display-inline-block width-100 text-small font-weight-600 alt-font margin-5px-bottom\" style=\"font-size: 16px; font-weight: 500; color: #000000;\" data-fontsize=\"16px\">APPELEZ-NOUS<\/span><div class=\"xs-margin-10px-bottom center-col last-paragraph-no-margin\"><p>+39 0331074034<\/p>\n<\/div><a class=\"pofo-info-link margin-15px-top xs-no-margin-top display-inline-block text-deep-pink text-small\" target=\"_blank\" href=\"tel:390331074034\">APPELEZ-NOUS<\/a><\/div><\/div><\/div><\/div><div class=\"wpb_column vc_column_container vc_col-sm-6 vc_hidden-lg vc_hidden-md vc_hidden-sm vc_col-xs-6 vc_hidden-xs\"><div class=\"vc_column-inner vc_custom_1721985456534\"><div class=\"wpb_wrapper\"><div class=\"featurebox21 pofo-featurebox featurebox21-4\" ><div class=\"display-inline-block margin-25px-bottom sm-margin-15px-bottom xs-margin-10px-bottom\"><img decoding=\"async\" src=\"https:\/\/sani.debem.com\/wp-content\/uploads\/2021\/12\/Fax_blu.png\" alt=\"\" class=\"icon-image\" style=\"max-width: 60px;\"\/><\/div><span class=\"text-extra-dark-gray display-inline-block width-100 text-small font-weight-600 alt-font margin-5px-bottom\" style=\"font-size: 16px; font-weight: 500; color: #000000;\" data-fontsize=\"16px\">FAX<\/span><div class=\"xs-margin-10px-bottom center-col last-paragraph-no-margin\"><p>+39 0331074036<\/p>\n<\/div><\/div><\/div><\/div><\/div><\/div><\/div><\/div><\/div><div class=\"wpb_column vc_column_container vc_col-has-fill vc_col-sm-12 vc_col-md-6 col-xs-mobile-fullwidth wow fadeIn pofo-column-responsive-69d7eaf34c8da\"><div class=\"vc_column-inner vc_custom_1639577192713\"><div class=\"wpb_wrapper\">\n<div class=\"wpcf7 no-js\" id=\"wpcf7-f26072-o1\" lang=\"fr-FR\" dir=\"ltr\" data-wpcf7-id=\"26072\">\n<div class=\"screen-reader-response\"><p role=\"status\" aria-live=\"polite\" aria-atomic=\"true\"><\/p> <ul><\/ul><\/div>\n<form action=\"\/fr\/wp-json\/wp\/v2\/pages\/26141#wpcf7-f26072-o1\" method=\"post\" class=\"wpcf7-form init\" aria-label=\"Formulaire de contact\" novalidate=\"novalidate\" data-status=\"init\">\n<fieldset class=\"hidden-fields-container\"><input type=\"hidden\" name=\"_wpcf7\" value=\"26072\" \/><input type=\"hidden\" name=\"_wpcf7_version\" value=\"6.1.5\" \/><input type=\"hidden\" name=\"_wpcf7_locale\" value=\"fr_FR\" \/><input type=\"hidden\" name=\"_wpcf7_unit_tag\" value=\"wpcf7-f26072-o1\" \/><input type=\"hidden\" name=\"_wpcf7_container_post\" value=\"0\" \/><input type=\"hidden\" name=\"_wpcf7_posted_data_hash\" value=\"\" \/><input type=\"hidden\" name=\"_wpcf7_recaptcha_response\" value=\"\" \/>\n<\/fieldset>\n<div class=\"text-white alt-font text-extra-large font-weight-600 margin-30px-bottom\">Envoyez-nous une demande maintenant<\/div>\n<div>\n    <span class=\"wpcf7-form-control-wrap\" data-name=\"nome\"><input size=\"40\" maxlength=\"400\" class=\"wpcf7-form-control wpcf7-text wpcf7-validates-as-required input-bg\" aria-required=\"true\" aria-invalid=\"false\" placeholder=\"Pr\u00e9nom*\" value=\"\" type=\"text\" name=\"nome\" \/><\/span>\n    <span class=\"wpcf7-form-control-wrap\" data-name=\"cognome\"><input size=\"40\" maxlength=\"400\" class=\"wpcf7-form-control wpcf7-text wpcf7-validates-as-required input-bg\" aria-required=\"true\" aria-invalid=\"false\" placeholder=\"Nom*\" value=\"\" type=\"text\" name=\"cognome\" \/><\/span>\n    <span class=\"wpcf7-form-control-wrap\" data-name=\"azienda\"><input size=\"40\" maxlength=\"400\" class=\"wpcf7-form-control wpcf7-text wpcf7-validates-as-required input-bg\" aria-required=\"true\" aria-invalid=\"false\" placeholder=\"Entreprise*\" value=\"\" type=\"text\" name=\"azienda\" \/><\/span>\n    <span class=\"wpcf7-form-control-wrap\" data-name=\"provincia\"><input size=\"40\" maxlength=\"400\" class=\"wpcf7-form-control wpcf7-text wpcf7-validates-as-required input-bg\" aria-required=\"true\" aria-invalid=\"false\" placeholder=\"Pays*\" value=\"\" type=\"text\" name=\"provincia\" \/><\/span>\n    <span class=\"wpcf7-form-control-wrap\" data-name=\"email\"><input size=\"40\" maxlength=\"400\" class=\"wpcf7-form-control wpcf7-email wpcf7-validates-as-required wpcf7-text wpcf7-validates-as-email input-bg\" aria-required=\"true\" aria-invalid=\"false\" placeholder=\"Email*\" value=\"\" type=\"email\" name=\"email\" \/><\/span>\n    <span class=\"wpcf7-form-control-wrap\" data-name=\"telefono\"><input size=\"40\" maxlength=\"400\" class=\"wpcf7-form-control wpcf7-text wpcf7-validates-as-required input-bg\" aria-required=\"true\" aria-invalid=\"false\" placeholder=\"Num\u00e9ro de t\u00e9l\u00e9phone*\" value=\"\" type=\"text\" name=\"telefono\" \/><\/span>\n    <span class=\"wpcf7-form-control-wrap\" data-name=\"messaggio\"><textarea cols=\"40\" rows=\"3\" maxlength=\"2000\" class=\"wpcf7-form-control wpcf7-textarea input-bg\" aria-invalid=\"false\" placeholder=\"Message\" name=\"messaggio\"><\/textarea><\/span>\n    <span class=\"wpcf7-form-control-wrap\" data-name=\"opt-in\"><span class=\"wpcf7-form-control wpcf7-acceptance optional\"><span class=\"wpcf7-list-item\"><label><input type=\"checkbox\" name=\"opt-in\" value=\"1\" aria-invalid=\"false\" \/><span class=\"wpcf7-list-item-label\">Je souhaite m\u2019inscrire \u00e0 la newsletter<\/span><\/label><\/span><\/span><\/span>\n    <span class=\"wpcf7-form-control-wrap\" data-name=\"contact-privacy\"><span class=\"wpcf7-form-control wpcf7-acceptance\"><span class=\"wpcf7-list-item\"><label><input type=\"checkbox\" name=\"contact-privacy\" value=\"1\" aria-invalid=\"false\" \/><span class=\"wpcf7-list-item-label\">J'accepte votre <a href=\"https:\/\/www.iubenda.com\/privacy-policy\/60472155\/legal\" target=\"_blank\">Politique de Confidentialit\u00e9<\/a><\/span><\/label><\/span><\/span><\/span>\n    <span class=\"wpcf7-form-control-wrap\" data-name=\"contact-cookie\"><span class=\"wpcf7-form-control wpcf7-acceptance\"><span class=\"wpcf7-list-item\"><label><input type=\"checkbox\" name=\"contact-cookie\" value=\"1\" aria-invalid=\"false\" \/><span class=\"wpcf7-list-item-label\">J'accepte votre <a href=\"https:\/\/www.iubenda.com\/privacy-policy\/60472155\/cookie-policy\" target=\"_blank\">Politique des Cookie<\/a><\/span><\/label><\/span><\/span><\/span><br>\n    <input class=\"wpcf7-form-control wpcf7-submit has-spinner btn btn-small border-radius-0 btn-white\" type=\"submit\" value=\"ENVOYER\" \/>\n<\/div>\n<input class=\"wpcf7-form-control wpcf7-hidden\" value=\"\" type=\"hidden\" name=\"utm_source\" \/>\n<input class=\"wpcf7-form-control wpcf7-hidden\" value=\"\" type=\"hidden\" name=\"utm_medium\" \/>\n<input class=\"wpcf7-form-control wpcf7-hidden\" value=\"\" type=\"hidden\" name=\"utm_campaign\" \/><div class=\"wpcf7-response-output\" aria-hidden=\"true\"><\/div>\n<\/form>\n<\/div>\n<\/div><\/div><\/div><\/section><div class=\"vc_row-full-width vc_clearfix\"><\/div>\n","protected":false},"excerpt":{"rendered":"[vc_raw_html el_class=\"sgBreadcrumb\"]JTVCYWlvc2VvX2JyZWFkY3J1bWJzJTVE[\/vc_raw_html]CONTACTSContactez l\u2019\u00e9quipe DebemL\u2019\u00e9quipe DEBEM est \u00e0 votre disposition pour toute information technique et commerciale sur les produits de la gamme Hygienic Solutions. Veuillez utiliser les coordonn\u00e9es ci-dessous ou remplir le formulaire de contact. SI\u00c8GE SOCIALVia Del bosco 41, 21052 Busto Arsizio (VA) - IT REJOINS-NOUSEMAILinfo@debem.it debemsrl@legalmail.it \u00c9CRIVEZ-NOUSAPPELEZ-NOUS+39 0331074034 APPELEZ-NOUSFAX+39 0331074036 Envoyez-nous une demande maintenant Je souhaite m\u2019inscrire \u00e0 la newsletter J'accepte votre Politique de Confidentialit\u00e9 J'accepte votre Politique des Cookie","protected":false},"author":1,"featured_media":0,"parent":0,"menu_order":0,"comment_status":"closed","ping_status":"closed","template":"","meta":{"footnotes":""},"class_list":["post-26141","page","type-page","status-publish","hentry"],"aioseo_notices":[],"_links":{"self":[{"href":"https:\/\/sani.debem.com\/fr\/wp-json\/wp\/v2\/pages\/26141","targetHints":{"allow":["GET"]}}],"collection":[{"href":"https:\/\/sani.debem.com\/fr\/wp-json\/wp\/v2\/pages"}],"about":[{"href":"https:\/\/sani.debem.com\/fr\/wp-json\/wp\/v2\/types\/page"}],"author":[{"embeddable":true,"href":"https:\/\/sani.debem.com\/fr\/wp-json\/wp\/v2\/users\/1"}],"replies":[{"embeddable":true,"href":"https:\/\/sani.debem.com\/fr\/wp-json\/wp\/v2\/comments?post=26141"}],"version-history":[{"count":5,"href":"https:\/\/sani.debem.com\/fr\/wp-json\/wp\/v2\/pages\/26141\/revisions"}],"predecessor-version":[{"id":28721,"href":"https:\/\/sani.debem.com\/fr\/wp-json\/wp\/v2\/pages\/26141\/revisions\/28721"}],"wp:attachment":[{"href":"https:\/\/sani.debem.com\/fr\/wp-json\/wp\/v2\/media?parent=26141"}],"curies":[{"name":"wp","href":"https:\/\/api.w.org\/{rel}","templated":true}]}}