{"id":26135,"date":"2022-04-27T10:15:01","date_gmt":"2022-04-27T10:15:01","guid":{"rendered":"https:\/\/sani.debem.com\/?page_id=26135"},"modified":"2025-11-12T12:08:33","modified_gmt":"2025-11-12T12:08:33","slug":"ressources","status":"publish","type":"page","link":"https:\/\/sani.debem.com\/fr\/ressources\/","title":{"rendered":"Ressources"},"content":{"rendered":"<section class=\"vc_row wpb_row vc_row-fluid  vc_custom_1639142734921 wow fadeIn vc_row-has-fill pofo-row-responsive-69d3a41a18e8e\"><div class=\"wpb_column vc_column_container vc_col-sm-12  col-xs-mobile-fullwidth\"><div class=\"vc_column-inner \"><div class=\"wpb_wrapper\">[vc_raw_html el_class=\u00a0\u00bbsgBreadcrumb\u00a0\u00bb]JTVCYWlvc2VvX2JyZWFkY3J1bWJzJTVE[\/vc_raw_html]<div class=\"vc_row wpb_row vc_inner vc_row-fluid\"><div class=\"wpb_column vc_column_container vc_col-lg-3 vc_col-md-3 vc_hidden-sm col-xs-mobile-fullwidth\"><div class=\"vc_column-inner \"><div class=\"wpb_wrapper\"><\/div><\/div><\/div><div class=\"wpb_column vc_column_container vc_col-lg-6 vc_col-md-6 col-xs-mobile-fullwidth text-center md-text-center sm-text-left xs-text-left\"><div class=\"vc_column-inner vc_custom_1636126277557\"><div class=\"wpb_wrapper\"><span class=\"text-extra-dark-gray margin-20px-bottom font-weight-600 display-block alt-font heading-style2  vc_custom_1650984076919  heading-1\"  style=\"font-size: 15px; line-height: 22px; font-weight: 400; color: #0069a5;\" data-fontsize=\"15px\" data-lineheight=\"22px\">RESSOURCES<\/span><h1 class=\"text-extra-dark-gray margin-20px-bottom font-weight-600 display-inline-block alt-font  pofo_font_1650984081722 heading-style2  heading-2\"  style=\"font-size: 36px; line-height: 40px; font-weight: 500;\" data-fontsize=\"36px\" data-lineheight=\"40px\">Catalogues, manuels et fiches<\/h1><div class=\"text-medium line-height-28  vc_custom_1650984088914 last-paragraph-no-margin pofo-text-block-responsive-69d3a41a19244\" style=\"width: 100%;\"><p>La gamme de produits de la gamme \u00ab Hygienic \u00bb comprend des pompes pneumatiques \u00e0 double membrane extr\u00eamement polyvalentes capables de traiter une large gamme de fluides \u00e0 viscosit\u00e9 variable de mani\u00e8re s\u00fbre et efficace.<\/p>\n<\/div><\/div><\/div><\/div><div class=\"wpb_column vc_column_container vc_col-lg-3 vc_col-md-3 vc_hidden-sm col-xs-mobile-fullwidth\"><div class=\"vc_column-inner \"><div class=\"wpb_wrapper\"><\/div><\/div><\/div><\/div><\/div><\/div><\/div><\/section><section data-vc-full-width=\"true\" data-vc-full-width-init=\"false\" class=\"vc_row wpb_row vc_row-fluid  vc_custom_1639142760264 vc_row-has-fill pofo-stretch-content pofo-stretch-row-container\"><div class=\"wpb_column vc_column_container vc_col-sm-6  col-xs-mobile-fullwidth pofo-column-responsive-69d3a41a193d3\"><div class=\"vc_column-inner vc_custom_1639142744023\"><div class=\"wpb_wrapper\"><div class=\"text-medium-gray text-small margin-5px-bottom alt-font heading-style4  vc_custom_1650984095802  heading-3\"  style=\"font-size: 18px; line-height: 20px; font-weight: 500; color: #0069a5;\" data-fontsize=\"18px\" data-lineheight=\"20px\">FICHES TECHNIQUES<\/div><div class=\"text-medium line-height-28 last-paragraph-no-margin\"><p>Sur cette page, vous pouvez t\u00e9l\u00e9charger les fiches techniques d\u00e9di\u00e9es des pompes Debem Hygienic.<\/p>\n<\/div><\/div><\/div><\/div><div class=\"wpb_column vc_column_container vc_col-sm-6  col-xs-mobile-fullwidth\"><div class=\"vc_column-inner \"><div class=\"wpb_wrapper\"><div class=\"vc_row wpb_row vc_inner vc_row-fluid\"><div class=\"wpb_column vc_column_container vc_col-sm-4 vc_col-xs-6\"><div class=\"vc_column-inner vc_custom_1639142241895\"><div class=\"wpb_wrapper\"><div class=\"featurebox21 pofo-featurebox featurebox21-1\" ><div class=\"display-inline-block margin-25px-bottom sm-margin-15px-bottom xs-margin-10px-bottom\"><i class=\"link-icon display-block icon-notebook icon-medium\"><\/i><\/div><span class=\"text-extra-dark-gray display-inline-block width-100 text-small font-weight-600 alt-font margin-5px-bottom\" style=\"font-size: 14px;\" data-fontsize=\"14px\">FICHES TECHNIQUES<\/span><div class=\"xs-margin-10px-bottom center-col last-paragraph-no-margin\"><p>Aisiboxer 01<\/p>\n<\/div><a class=\"pofo-info-link margin-15px-top xs-no-margin-top display-inline-block text-deep-pink text-small\" target=\"_blank\" href=\"https:\/\/sani.debem.com\/wp-content\/uploads\/2025\/09\/AISIBOXER-01-FR.pdf\">Download<\/a><\/div><\/div><\/div><\/div><div class=\"wpb_column vc_column_container vc_col-sm-4 vc_col-xs-6\"><div class=\"vc_column-inner vc_custom_1639142246935\"><div class=\"wpb_wrapper\"><div class=\"featurebox21 pofo-featurebox featurebox21-2\" ><div class=\"display-inline-block margin-25px-bottom sm-margin-15px-bottom xs-margin-10px-bottom\"><i class=\"link-icon display-block icon-notebook icon-medium\"><\/i><\/div><span class=\"text-extra-dark-gray display-inline-block width-100 text-small font-weight-600 alt-font margin-5px-bottom\" style=\"font-size: 14px;\" data-fontsize=\"14px\">FICHES TECHNIQUES<\/span><div class=\"xs-margin-10px-bottom center-col last-paragraph-no-margin\"><p>Aisiboxer 02<\/p>\n<\/div><a class=\"pofo-info-link margin-15px-top xs-no-margin-top display-inline-block text-deep-pink text-small\" target=\"_blank\" href=\"https:\/\/sani.debem.com\/wp-content\/uploads\/2025\/09\/AISIBOXER-02-FR.pdf\">Download<\/a><\/div><\/div><\/div><\/div><div class=\"wpb_column vc_column_container vc_col-sm-4 vc_col-xs-6\"><div class=\"vc_column-inner vc_custom_1639142251706\"><div class=\"wpb_wrapper\"><div class=\"featurebox21 pofo-featurebox featurebox21-3\" ><div class=\"display-inline-block margin-25px-bottom sm-margin-15px-bottom xs-margin-10px-bottom\"><i class=\"link-icon display-block icon-notebook icon-medium\"><\/i><\/div><span class=\"text-extra-dark-gray display-inline-block width-100 text-small font-weight-600 alt-font margin-5px-bottom\" style=\"font-size: 14px;\" data-fontsize=\"14px\">FICHES TECHNIQUES<\/span><div class=\"xs-margin-10px-bottom center-col last-paragraph-no-margin\"><p>Aisiboxer 03<\/p>\n<\/div><a class=\"pofo-info-link margin-15px-top xs-no-margin-top display-inline-block text-deep-pink text-small\" target=\"_blank\" href=\"https:\/\/sani.debem.com\/wp-content\/uploads\/2025\/09\/AISIBOXER-03-FR.pdf\">Download<\/a><\/div><\/div><\/div><\/div><div class=\"wpb_column vc_column_container vc_col-sm-4 vc_col-xs-6\"><div class=\"vc_column-inner vc_custom_1639142257064\"><div class=\"wpb_wrapper\"><div class=\"featurebox21 pofo-featurebox featurebox21-4\" ><div class=\"display-inline-block margin-25px-bottom sm-margin-15px-bottom xs-margin-10px-bottom\"><i class=\"link-icon display-block icon-notebook icon-medium\"><\/i><\/div><span class=\"text-extra-dark-gray display-inline-block width-100 text-small font-weight-600 alt-font margin-5px-bottom\" style=\"font-size: 14px;\" data-fontsize=\"14px\">FICHES TECHNIQUES<\/span><div class=\"xs-margin-10px-bottom center-col last-paragraph-no-margin\"><p>Saniboxer 01<\/p>\n<\/div><a class=\"pofo-info-link margin-15px-top xs-no-margin-top display-inline-block text-deep-pink text-small\" target=\"_blank\" href=\"https:\/\/sani.debem.com\/wp-content\/uploads\/2025\/09\/SANIBOXER-01-FR.pdf\">Download<\/a><\/div><\/div><\/div><\/div><div class=\"wpb_column vc_column_container vc_col-sm-4 vc_col-xs-6\"><div class=\"vc_column-inner vc_custom_1639142261911\"><div class=\"wpb_wrapper\"><div class=\"featurebox21 pofo-featurebox featurebox21-5\" ><div class=\"display-inline-block margin-25px-bottom sm-margin-15px-bottom xs-margin-10px-bottom\"><i class=\"link-icon display-block icon-notebook icon-medium\"><\/i><\/div><span class=\"text-extra-dark-gray display-inline-block width-100 text-small font-weight-600 alt-font margin-5px-bottom\" style=\"font-size: 14px;\" data-fontsize=\"14px\">FICHES TECHNIQUES<\/span><div class=\"xs-margin-10px-bottom center-col last-paragraph-no-margin\"><p>Saniboxer 02<\/p>\n<\/div><a class=\"pofo-info-link margin-15px-top xs-no-margin-top display-inline-block text-deep-pink text-small\" target=\"_blank\" href=\"https:\/\/sani.debem.com\/wp-content\/uploads\/2025\/09\/SANIBOXER-02-FR.pdf\">Download<\/a><\/div><\/div><\/div><\/div><div class=\"wpb_column vc_column_container vc_col-sm-4 vc_col-xs-6\"><div class=\"vc_column-inner vc_custom_1639142267105\"><div class=\"wpb_wrapper\"><div class=\"featurebox21 pofo-featurebox featurebox21-6\" ><div class=\"display-inline-block margin-25px-bottom sm-margin-15px-bottom xs-margin-10px-bottom\"><i class=\"link-icon display-block icon-notebook icon-medium\"><\/i><\/div><span class=\"text-extra-dark-gray display-inline-block width-100 text-small font-weight-600 alt-font margin-5px-bottom\" style=\"font-size: 14px;\" data-fontsize=\"14px\">FICHES TECHNIQUES<\/span><div class=\"xs-margin-10px-bottom center-col last-paragraph-no-margin\"><p>Saniboxer 03<\/p>\n<\/div><a class=\"pofo-info-link margin-15px-top xs-no-margin-top display-inline-block text-deep-pink text-small\" target=\"_blank\" href=\"https:\/\/sani.debem.com\/wp-content\/uploads\/2025\/09\/SANIBOXER-03-FR.pdf\">Download<\/a><\/div><\/div><\/div><\/div><div class=\"wpb_column vc_column_container vc_col-sm-4 vc_col-xs-6\"><div class=\"vc_column-inner vc_custom_1642513133144\"><div class=\"wpb_wrapper\"><div class=\"featurebox21 pofo-featurebox featurebox21-7\" ><div class=\"display-inline-block margin-25px-bottom sm-margin-15px-bottom xs-margin-10px-bottom\"><i class=\"link-icon display-block icon-notebook icon-medium\"><\/i><\/div><span class=\"text-extra-dark-gray display-inline-block width-100 text-small font-weight-600 alt-font margin-5px-bottom\" style=\"font-size: 14px;\" data-fontsize=\"14px\">FICHES TECHNIQUES<\/span><div class=\"xs-margin-10px-bottom center-col last-paragraph-no-margin\"><p>Aisiflow 251<\/p>\n<\/div><a class=\"pofo-info-link margin-15px-top xs-no-margin-top display-inline-block text-deep-pink text-small\" target=\"_blank\" href=\"https:\/\/sani.debem.com\/wp-content\/uploads\/2022\/05\/FULLFLOW-251_FR.pdf\">Download<\/a><\/div><\/div><\/div><\/div><\/div><\/div><\/div><\/div><\/section><div class=\"vc_row-full-width vc_clearfix\"><\/div><section class=\"vc_row wpb_row vc_row-fluid  vc_custom_1639142766805 vc_row-has-fill\"><div class=\"wpb_column vc_column_container vc_col-sm-6  col-xs-mobile-fullwidth pofo-column-responsive-69d3a41a19d15\"><div class=\"vc_column-inner vc_custom_1639142752455\"><div class=\"wpb_wrapper\"><div class=\"text-medium-gray text-small margin-5px-bottom alt-font heading-style4  vc_custom_1650984106477  heading-4\"  style=\"font-size: 18px; line-height: 20px; font-weight: 500; color: #0069a5;\" data-fontsize=\"18px\" data-lineheight=\"20px\">CATALOGUES<\/div><div class=\"text-medium line-height-28 last-paragraph-no-margin\"><p>Sur cette page, vous pouvez t\u00e9l\u00e9charger le catalogue complet des pompes Debem Hygienic.<\/p>\n<\/div><\/div><\/div><\/div><div class=\"wpb_column vc_column_container vc_col-sm-6  col-xs-mobile-fullwidth\"><div class=\"vc_column-inner \"><div class=\"wpb_wrapper\"><div class=\"vc_row wpb_row vc_inner vc_row-fluid\"><div class=\"wpb_column vc_column_container vc_col-sm-4 vc_col-xs-6\"><div class=\"vc_column-inner vc_custom_1639142241895\"><div class=\"wpb_wrapper\"><div class=\"featurebox21 pofo-featurebox featurebox21-8\" ><div class=\"display-inline-block margin-25px-bottom sm-margin-15px-bottom xs-margin-10px-bottom\"><i class=\"link-icon display-block icon-book-open icon-medium\"><\/i><\/div><span class=\"text-extra-dark-gray display-inline-block width-100 text-small font-weight-600 alt-font margin-5px-bottom\" style=\"font-size: 14px;\" data-fontsize=\"14px\">CATALOGUE<\/span><div class=\"xs-margin-10px-bottom center-col last-paragraph-no-margin\"><p>Debem Catalogue<\/p>\n<\/div><a class=\"pofo-info-link margin-15px-top xs-no-margin-top display-inline-block text-deep-pink text-small\" target=\"_blank\" href=\"https:\/\/sani.debem.com\/wp-content\/uploads\/2025\/03\/Debem-CatalogoHygienic2025-FR.pdf\">Download<\/a><\/div><\/div><\/div><\/div><div class=\"wpb_column vc_column_container vc_col-sm-4 vc_col-xs-6\"><div class=\"vc_column-inner vc_custom_1639142246935\"><div class=\"wpb_wrapper\"><\/div><\/div><\/div><div class=\"wpb_column vc_column_container vc_col-sm-4 vc_col-xs-6\"><div class=\"vc_column-inner vc_custom_1639142251706\"><div class=\"wpb_wrapper\"><\/div><\/div><\/div><\/div><\/div><\/div><\/div><\/section><section data-vc-full-width=\"true\" data-vc-full-width-init=\"false\" class=\"vc_row wpb_row vc_row-fluid  vc_custom_1639142760264 vc_row-has-fill pofo-stretch-content pofo-stretch-row-container\"><div class=\"wpb_column vc_column_container vc_col-sm-6  col-xs-mobile-fullwidth pofo-column-responsive-69d3a41a1a084\"><div class=\"vc_column-inner vc_custom_1639142744023\"><div class=\"wpb_wrapper\"><div class=\"text-medium-gray text-small margin-5px-bottom alt-font heading-style4  vc_custom_1650984121142  heading-5\"  style=\"font-size: 18px; line-height: 20px; font-weight: 500; color: #0069a5;\" data-fontsize=\"18px\" data-lineheight=\"20px\">MANUELS<\/div><div class=\"text-medium line-height-28 last-paragraph-no-margin\"><p>\u00c0 travers cette page, vous pouvez t\u00e9l\u00e9charger les manuels d\u2019utilisation et d\u2019entretien des pompes Debem Hygienic.<\/p>\n<\/div><\/div><\/div><\/div><div class=\"wpb_column vc_column_container vc_col-sm-6  col-xs-mobile-fullwidth\"><div class=\"vc_column-inner \"><div class=\"wpb_wrapper\"><div class=\"vc_row wpb_row vc_inner vc_row-fluid\"><div class=\"wpb_column vc_column_container vc_col-sm-4 vc_col-xs-6\"><div class=\"vc_column-inner vc_custom_1639142241895\"><div class=\"wpb_wrapper\"><div class=\"featurebox21 pofo-featurebox featurebox21-9\" ><div class=\"display-inline-block margin-25px-bottom sm-margin-15px-bottom xs-margin-10px-bottom\"><i class=\"link-icon display-block ti-bookmark-alt icon-medium\"><\/i><\/div><span class=\"text-extra-dark-gray display-inline-block width-100 text-small font-weight-600 alt-font margin-5px-bottom\" style=\"font-size: 14px;\" data-fontsize=\"14px\">MANUEL<\/span><div class=\"xs-margin-10px-bottom center-col last-paragraph-no-margin\"><p>Aisiboxer<\/p>\n<\/div><a class=\"pofo-info-link margin-15px-top xs-no-margin-top display-inline-block text-deep-pink text-small\" target=\"_blank\" href=\"https:\/\/sani.debem.com\/wp-content\/uploads\/2024\/07\/MANSANIBOXER-AISIBOXER-FR.pdf\">Download<\/a><\/div><\/div><\/div><\/div><div class=\"wpb_column vc_column_container vc_col-sm-4 vc_col-xs-6\"><div class=\"vc_column-inner vc_custom_1639142246935\"><div class=\"wpb_wrapper\"><div class=\"featurebox21 pofo-featurebox featurebox21-10\" ><div class=\"display-inline-block margin-25px-bottom sm-margin-15px-bottom xs-margin-10px-bottom\"><i class=\"link-icon display-block ti-bookmark-alt icon-medium\"><\/i><\/div><span class=\"text-extra-dark-gray display-inline-block width-100 text-small font-weight-600 alt-font margin-5px-bottom\" style=\"font-size: 14px;\" data-fontsize=\"14px\">MANUEL<\/span><div class=\"xs-margin-10px-bottom center-col last-paragraph-no-margin\"><p>Saniboxer<\/p>\n<\/div><a class=\"pofo-info-link margin-15px-top xs-no-margin-top display-inline-block text-deep-pink text-small\" target=\"_blank\" href=\"https:\/\/sani.debem.com\/wp-content\/uploads\/2024\/07\/MANSANIBOXER-AISIBOXER-FR.pdf\">Download<\/a><\/div><\/div><\/div><\/div><div class=\"wpb_column vc_column_container vc_col-sm-4 vc_col-xs-6\"><div class=\"vc_column-inner vc_custom_1639142251706\"><div class=\"wpb_wrapper\"><div class=\"featurebox21 pofo-featurebox featurebox21-11\" ><div class=\"display-inline-block margin-25px-bottom sm-margin-15px-bottom xs-margin-10px-bottom\"><i class=\"link-icon display-block ti-bookmark-alt icon-medium\"><\/i><\/div><span class=\"text-extra-dark-gray display-inline-block width-100 text-small font-weight-600 alt-font margin-5px-bottom\" style=\"font-size: 14px;\" data-fontsize=\"14px\">MANUEL<\/span><div class=\"xs-margin-10px-bottom center-col last-paragraph-no-margin\"><p>Aisiflow<\/p>\n<\/div><a class=\"pofo-info-link margin-15px-top xs-no-margin-top display-inline-block text-deep-pink text-small\" target=\"_self\" href=\"mailto:info@debem.it\">Request<\/a><\/div><\/div><\/div><\/div><\/div><\/div><\/div><\/div><\/section><div class=\"vc_row-full-width vc_clearfix\"><\/div><section data-vc-full-width=\"true\" data-vc-full-width-init=\"false\" class=\"vc_row wpb_row vc_row-fluid  vc_custom_1638461520204 cover-background wow fadeIn vc_row-has-fill pofo-stretch-content pofo-stretch-row-container pofo-row-responsive-69d3a41a1a523\"><div class=\"wpb_column vc_column_container vc_col-sm-12 vc_col-md-12 col-xs-mobile-fullwidth text-center\"><div class=\"vc_column-inner \"><div class=\"wpb_wrapper\"><span class=\"text-extra-large margin-25px-bottom vertical-align-middle sm-width-100 display-inline-block alt-font heading-style3  vc_custom_1650984133204 pofo-button-responsive-69d3a41a1a68a  heading-6\"  style=\"color: #ffffff;\">Souhaitez-vous recevoir plus d\u2019informations ? N\u2019h\u00e9sitez pas \u00e0 nous contacter<\/span><a  href=\"https:\/\/sani.debem.com\/fr\/contacts\" target=\"_self\" class=\"btn pofo-button-1 button-style2  btn-white  btn-medium   vc_custom_1650984146461 pofo-button-responsive-69d3a41a1a6cf\"  style=\"color:#0069a5; \">CONTACTEZ-NOUS<\/a><\/div><\/div><\/div><\/section><div class=\"vc_row-full-width vc_clearfix\"><\/div>\n","protected":false},"excerpt":{"rendered":"[vc_raw_html el_class=\"sgBreadcrumb\"]JTVCYWlvc2VvX2JyZWFkY3J1bWJzJTVE[\/vc_raw_html]RESSOURCESCatalogues, manuels et fichesLa gamme de produits de la gamme \u00ab Hygienic \u00bb comprend des pompes pneumatiques \u00e0 double membrane extr\u00eamement polyvalentes capables de traiter une large gamme de fluides \u00e0 viscosit\u00e9 variable de mani\u00e8re s\u00fbre et efficace. FICHES TECHNIQUESSur cette page, vous pouvez t\u00e9l\u00e9charger les fiches techniques d\u00e9di\u00e9es des pompes Debem Hygienic. FICHES TECHNIQUESAisiboxer 01 DownloadFICHES TECHNIQUESAisiboxer 02 DownloadFICHES TECHNIQUESAisiboxer 03 DownloadFICHES TECHNIQUESSaniboxer 01 DownloadFICHES TECHNIQUESSaniboxer 02 DownloadFICHES TECHNIQUESSaniboxer 03 DownloadFICHES TECHNIQUESAisiflow 251 DownloadCATALOGUESSur cette page, vous pouvez t\u00e9l\u00e9charger le catalogue complet des pompes Debem Hygienic. CATALOGUEDebem Catalogue DownloadMANUELS\u00c0 travers cette page, vous pouvez t\u00e9l\u00e9charger les manuels d\u2019utilisation et d\u2019entretien des pompes Debem Hygienic. MANUELAisiboxer DownloadMANUELSaniboxer DownloadMANUELAisiflow RequestSouhaitez-vous recevoir plus d\u2019informations ? N\u2019h\u00e9sitez pas \u00e0 nous contacterCONTACTEZ-NOUS","protected":false},"author":1,"featured_media":0,"parent":0,"menu_order":0,"comment_status":"closed","ping_status":"closed","template":"","meta":{"footnotes":""},"class_list":["post-26135","page","type-page","status-publish","hentry"],"aioseo_notices":[],"_links":{"self":[{"href":"https:\/\/sani.debem.com\/fr\/wp-json\/wp\/v2\/pages\/26135","targetHints":{"allow":["GET"]}}],"collection":[{"href":"https:\/\/sani.debem.com\/fr\/wp-json\/wp\/v2\/pages"}],"about":[{"href":"https:\/\/sani.debem.com\/fr\/wp-json\/wp\/v2\/types\/page"}],"author":[{"embeddable":true,"href":"https:\/\/sani.debem.com\/fr\/wp-json\/wp\/v2\/users\/1"}],"replies":[{"embeddable":true,"href":"https:\/\/sani.debem.com\/fr\/wp-json\/wp\/v2\/comments?post=26135"}],"version-history":[{"count":27,"href":"https:\/\/sani.debem.com\/fr\/wp-json\/wp\/v2\/pages\/26135\/revisions"}],"predecessor-version":[{"id":30411,"href":"https:\/\/sani.debem.com\/fr\/wp-json\/wp\/v2\/pages\/26135\/revisions\/30411"}],"wp:attachment":[{"href":"https:\/\/sani.debem.com\/fr\/wp-json\/wp\/v2\/media?parent=26135"}],"curies":[{"name":"wp","href":"https:\/\/api.w.org\/{rel}","templated":true}]}}