{"id":26068,"date":"2022-04-27T09:02:18","date_gmt":"2022-04-27T09:02:18","guid":{"rendered":"https:\/\/sani.debem.com\/?page_id=26068"},"modified":"2022-04-27T09:42:56","modified_gmt":"2022-04-27T09:42:56","slug":"demande-recue","status":"publish","type":"page","link":"https:\/\/sani.debem.com\/fr\/demande-recue\/","title":{"rendered":"Demande re\u00e7ue"},"content":{"rendered":"<section class=\"vc_row wpb_row vc_row-fluid  vc_custom_1642418633132 wow fadeIn vc_row-has-fill pofo-row-responsive-69f345632bc51\"><div class=\"wpb_column vc_column_container  col-xs-mobile-fullwidth\"><div class=\"vc_column-inner \"><div class=\"wpb_wrapper\">[vc_raw_html el_class=\u00a0\u00bbsgBreadcrumb\u00a0\u00bb]JTVCYWlvc2VvX2JyZWFkY3J1bWJzJTVE[\/vc_raw_html]<div class=\"vc_row wpb_row vc_inner vc_row-fluid  vc_custom_1650548070209 pofo-inner-row-responsive-69f345632bdde\"><div class=\"wpb_column vc_column_container vc_col-lg-3 vc_col-md-3 vc_hidden-sm col-xs-mobile-fullwidth\"><div class=\"vc_column-inner \"><div class=\"wpb_wrapper\"><\/div><\/div><\/div><div class=\"wpb_column vc_column_container vc_col-lg-6 vc_col-md-6 col-xs-mobile-fullwidth text-center md-text-center sm-text-left xs-text-left\"><div class=\"vc_column-inner \"><div class=\"wpb_wrapper\"><span class=\"text-extra-dark-gray margin-20px-bottom font-weight-600 display-inline-block alt-font text-uppercase heading-style2  vc_custom_1651050025643  heading-1\"  style=\"font-size: 15px; line-height: 22px; font-weight: 400; color: #0069a5;\" data-fontsize=\"15px\" data-lineheight=\"22px\">Demande re\u00e7ue<\/span><h1 class=\"text-extra-dark-gray margin-20px-bottom font-weight-600 display-inline-block alt-font  pofo_font_1651050034004 heading-style2  heading-2\"  style=\"font-size: 36px; line-height: 40px; font-weight: 500;\" data-fontsize=\"36px\" data-lineheight=\"40px\">Merci de soumettre votre demande<\/h1><div class=\"text-medium line-height-28  vc_custom_1651050062618 last-paragraph-no-margin pofo-text-block-responsive-69f345632c008\" style=\"width: 100%;\"><p>Notre \u00e9quipe a re\u00e7u votre demande et vous r\u00e9pondra dans les plus brefs d\u00e9lais.<\/p>\n<\/div><a  href=\"https:\/\/sani.debem.com\/fr\/debem\" target=\"_self\" class=\"btn pofo-button-1 button-style1  btn-dark-gray  btn-small   vc_custom_1651050113101\"  style=\"color:#ffffff;  border-color:#0069a5; \">RETOUR A LA PAGE D'ACCUEIL<\/a><\/div><\/div><\/div><div class=\"wpb_column vc_column_container vc_col-lg-3 vc_col-md-3 vc_hidden-sm col-xs-mobile-fullwidth\"><div class=\"vc_column-inner \"><div class=\"wpb_wrapper\"><\/div><\/div><\/div><\/div><\/div><\/div><\/div><\/section>\n","protected":false},"excerpt":{"rendered":"[vc_raw_html el_class=\"sgBreadcrumb\"]JTVCYWlvc2VvX2JyZWFkY3J1bWJzJTVE[\/vc_raw_html]Demande re\u00e7ueMerci de soumettre votre demandeNotre \u00e9quipe a re\u00e7u votre demande et vous r\u00e9pondra dans les plus brefs d\u00e9lais. RETOUR A LA PAGE D'ACCUEIL","protected":false},"author":1,"featured_media":0,"parent":0,"menu_order":0,"comment_status":"closed","ping_status":"closed","template":"","meta":{"footnotes":""},"class_list":["post-26068","page","type-page","status-publish","hentry"],"aioseo_notices":[],"_links":{"self":[{"href":"https:\/\/sani.debem.com\/fr\/wp-json\/wp\/v2\/pages\/26068","targetHints":{"allow":["GET"]}}],"collection":[{"href":"https:\/\/sani.debem.com\/fr\/wp-json\/wp\/v2\/pages"}],"about":[{"href":"https:\/\/sani.debem.com\/fr\/wp-json\/wp\/v2\/types\/page"}],"author":[{"embeddable":true,"href":"https:\/\/sani.debem.com\/fr\/wp-json\/wp\/v2\/users\/1"}],"replies":[{"embeddable":true,"href":"https:\/\/sani.debem.com\/fr\/wp-json\/wp\/v2\/comments?post=26068"}],"version-history":[{"count":1,"href":"https:\/\/sani.debem.com\/fr\/wp-json\/wp\/v2\/pages\/26068\/revisions"}],"predecessor-version":[{"id":26069,"href":"https:\/\/sani.debem.com\/fr\/wp-json\/wp\/v2\/pages\/26068\/revisions\/26069"}],"wp:attachment":[{"href":"https:\/\/sani.debem.com\/fr\/wp-json\/wp\/v2\/media?parent=26068"}],"curies":[{"name":"wp","href":"https:\/\/api.w.org\/{rel}","templated":true}]}}