{"id":29538,"date":"2025-03-20T17:45:23","date_gmt":"2025-03-20T17:45:23","guid":{"rendered":"https:\/\/sani.debem.com\/?page_id=29538"},"modified":"2025-05-28T13:33:05","modified_gmt":"2025-05-28T13:33:05","slug":"casos-de-exito","status":"publish","type":"page","link":"https:\/\/sani.debem.com\/es\/casos-de-exito\/","title":{"rendered":"Casos de \u00e9xito"},"content":{"rendered":"<section data-vc-full-width=\"true\" data-vc-full-width-init=\"false\" class=\"vc_row wpb_row vc_row-fluid big-section first-section vc_custom_1742304137150 wow fadeIn vc_row-has-fill pofo-stretch-content pofo-stretch-row-container vc_row-o-equal-height vc_row-o-content-middle vc_row-flex pofo-row-responsive-69f1e14a363c2\"><div class=\"wpb_column vc_column_container vc_col-md-2 col-xs-mobile-fullwidth\"><div class=\"vc_column-inner \"><div class=\"wpb_wrapper\"><div class=\"sm-display-none separator-line-horrizontal-full bg-extra-light-gray center-col pofo-separator  vc_custom_1738849714940\" style=\"background-color:#ffffff;\"><\/div><\/div><\/div><\/div><div class=\"wpb_column vc_column_container vc_col-md-offset-2 vc_col-md-8 col-xs-mobile-fullwidth\"><div class=\"vc_column-inner vc_custom_1507701469315\" style=\"min-height: 400px;\"><div class=\"wpb_wrapper\">[vc_single_image image=\u00bb25121&#8243; img_size=\u00bb60&#215;60&#8243; el_class=\u00bbmargin-five-bottom\u00bb css=\u00bb.vc_custom_1742298840520{margin-bottom: 30px !important;}\u00bb]<h2 class=\"text-medium-gray text-small margin-5px-bottom alt-font text-uppercase heading-style4  heading-1\"  style=\"letter-spacing: 1px; font-weight: 600; color: #43c7e7;\">ESTUDIOS<\/h2><h1 class=\"text-extra-dark-gray margin-20px-bottom font-weight-600 display-inline-block alt-font  pofo_font_1742492695925 heading-style2  vc_custom_1742492695926 pofo-button-responsive-69f1e14a36670  heading-2\"  style=\"width: 80%; font-size: 40px; line-height: 46px; font-weight: 400; color: #44c6e7;\" data-fontsize=\"40px\" data-lineheight=\"46px\">Casos de \u00e9xito: aplicaciones reales de soluciones de bombeo<\/h1><span class=\"text-extra-large margin-25px-bottom display-block alt-font  pofo_font_1742492700709 heading-style3  vc_custom_1742492700709 pofo-button-responsive-69f1e14a366ad  heading-3\"  style=\"width: 85%; font-size: 18px; line-height: 28px; font-weight: 300; color: #ffffff;\" data-fontsize=\"18px\" data-lineheight=\"28px\">Descubra casos reales donde las bombas Debem han optimizado los procesos de producci\u00f3n en los sectores de alimentaci\u00f3n y bebidas, farmac\u00e9utico y cosm\u00e9tico. Desde el transporte eficiente de ingredientes hasta la gesti\u00f3n higi\u00e9nica y segura de fluidos, nuestros casos de \u00e9xito muestran c\u00f3mo las empresas han mejorado la eficiencia del flujo de trabajo, reducido el tiempo de inactividad y mantenido los m\u00e1s altos est\u00e1ndares de calidad.<\/span><a  href=\"#case\" class=\"btn pofo-button-1 section-link button-style9  btn-link text-extra-dark-gray text-deep-pink-hover  btn-medium \"  style=\"color:#43c7e7; \">Descubrir<\/a><\/div><\/div><\/div><\/section><div class=\"vc_row-full-width vc_clearfix\"><\/div><section id=\"case\" class=\"vc_row wpb_row vc_row-fluid  vc_custom_1742304155447 wow fadeIn vc_row-has-fill pofo-row-responsive-69f1e14a36761\"><div class=\"wpb_column vc_column_container  col-xs-mobile-fullwidth pofo-column-responsive-69f1e14a36817\"><div class=\"vc_column-inner vc_custom_1742304681501\"><div class=\"wpb_wrapper\"><ul class=\"portfolio-grid hover-option6 work-3col gutter-medium portfolio-style-6 pofo-portfolio-layout-1\" data-uniqueid=\"pofo-portfolio-layout-1\"><li class=\"grid-sizer\"><\/li><li class=\"grid-item portfolio-filter-138-pofo-portfolio-layout-1 \"><div class=\"pofo-rich-snippet display-none post-30610 portfolio type-portfolio status-publish format-standard has-post-thumbnail hentry portfolio-category-cases-es\"><div class=\"pofo-rich-snippet display-none\"><span class=\"entry-title\">Pompa per oli extra vergine d&#8217;oliva<\/span><span class=\"author vcard\"><a class=\"url fn n\" href=\"https:\/\/sani.debem.com\/es\/author\/debem\/\">debem<\/a><\/span><span class=\"published\">30 de enero de 2026<\/span><time class=\"updated\" datetime=\"2026-01-30T11:44:35+00:00\">30 de enero de 2026<\/time><\/div><\/div><figure><div class=\"portfolio-img bg-deep-pink position-relative text-center overflow-hidden pofo-portfolio-page-background\"><img loading=\"lazy\" decoding=\"async\" class=\"skip-lazy\" src=\"https:\/\/sani.debem.com\/wp-content\/uploads\/2026\/01\/Copertine_Case_13.jpg\" width=\"800\" height=\"800\" alt=\"\" srcset=\"https:\/\/sani.debem.com\/wp-content\/uploads\/2026\/01\/Copertine_Case_13.jpg 800w, https:\/\/sani.debem.com\/wp-content\/uploads\/2026\/01\/Copertine_Case_13-300x300.jpg 300w, https:\/\/sani.debem.com\/wp-content\/uploads\/2026\/01\/Copertine_Case_13-150x150.jpg 150w, https:\/\/sani.debem.com\/wp-content\/uploads\/2026\/01\/Copertine_Case_13-768x768.jpg 768w, https:\/\/sani.debem.com\/wp-content\/uploads\/2026\/01\/Copertine_Case_13-771x771.jpg 771w, https:\/\/sani.debem.com\/wp-content\/uploads\/2026\/01\/Copertine_Case_13-120x120.jpg 120w, https:\/\/sani.debem.com\/wp-content\/uploads\/2026\/01\/Copertine_Case_13-81x81.jpg 81w\" sizes=\"auto, (max-width: 800px) 100vw, 800px\"><div class=\"portfolio-icon\"><a class=\"text-center\" href=\"https:\/\/sani.debem.com\/es\/app\/pompa-per-oli-extra-vergine-doliva\/\" target=\"_self\"><i class=\"fas fa-link text-extra-dark-gray\" aria-hidden=\"true\"><\/i><\/a><\/div><\/div><figcaption><div class=\"text-center portfolio-hover-main\"><div class=\"vertical-align-middle portfolio-hover-box\"><div class=\"portfolio-hover-content position-relative\"><span class=\"display-block\"><a class=\"line-height-normal font-weight-600 text-small alt-font margin-5px-bottom text-extra-dark-gray text-uppercase\" style=\"font-size: 14px; line-height: 20px;\" data-fontsize=\"14px\" data-lineheight=\"20px\" href=\"https:\/\/sani.debem.com\/es\/app\/pompa-per-oli-extra-vergine-doliva\/\" target=\"_self\">Pompa per oli extra vergine d&#8217;oliva<\/a><\/span><p class=\"text-medium-gray text-extra-small no-margin-bottom text-uppercase\" style=\"font-size: 13px; line-height: 26px; font-weight: 600; color: #43c7e7;\" data-fontsize=\"13px\" data-lineheight=\"26px\">AISIBOXER 01<\/p><\/div><\/div><\/div><\/figcaption><\/figure><\/li><li class=\"grid-item portfolio-filter-138-pofo-portfolio-layout-1 \"><div class=\"pofo-rich-snippet display-none post-30481 portfolio type-portfolio status-publish format-standard has-post-thumbnail hentry portfolio-category-cases-es\"><div class=\"pofo-rich-snippet display-none\"><span class=\"entry-title\">Bomba para geles y productos cosm\u00e9ticos<\/span><span class=\"author vcard\"><a class=\"url fn n\" href=\"https:\/\/sani.debem.com\/es\/author\/debem\/\">debem<\/a><\/span><span class=\"published\">25 de noviembre de 2025<\/span><time class=\"updated\" datetime=\"2025-11-25T07:15:34+00:00\">25 de noviembre de 2025<\/time><\/div><\/div><figure><div class=\"portfolio-img bg-deep-pink position-relative text-center overflow-hidden pofo-portfolio-page-background\"><img loading=\"lazy\" decoding=\"async\" class=\"skip-lazy\" src=\"https:\/\/sani.debem.com\/wp-content\/uploads\/2025\/11\/Copertine_Case_11-1.jpg\" width=\"800\" height=\"800\" alt=\"\" srcset=\"https:\/\/sani.debem.com\/wp-content\/uploads\/2025\/11\/Copertine_Case_11-1.jpg 800w, https:\/\/sani.debem.com\/wp-content\/uploads\/2025\/11\/Copertine_Case_11-1-300x300.jpg 300w, https:\/\/sani.debem.com\/wp-content\/uploads\/2025\/11\/Copertine_Case_11-1-150x150.jpg 150w, https:\/\/sani.debem.com\/wp-content\/uploads\/2025\/11\/Copertine_Case_11-1-768x768.jpg 768w, https:\/\/sani.debem.com\/wp-content\/uploads\/2025\/11\/Copertine_Case_11-1-771x771.jpg 771w, https:\/\/sani.debem.com\/wp-content\/uploads\/2025\/11\/Copertine_Case_11-1-120x120.jpg 120w, https:\/\/sani.debem.com\/wp-content\/uploads\/2025\/11\/Copertine_Case_11-1-81x81.jpg 81w\" sizes=\"auto, (max-width: 800px) 100vw, 800px\"><div class=\"portfolio-icon\"><a class=\"text-center\" href=\"https:\/\/sani.debem.com\/es\/app\/bomba-para-geles-y-productos-cosmeticos\/\" target=\"_self\"><i class=\"fas fa-link text-extra-dark-gray\" aria-hidden=\"true\"><\/i><\/a><\/div><\/div><figcaption><div class=\"text-center portfolio-hover-main\"><div class=\"vertical-align-middle portfolio-hover-box\"><div class=\"portfolio-hover-content position-relative\"><span class=\"display-block\"><a class=\"line-height-normal font-weight-600 text-small alt-font margin-5px-bottom text-extra-dark-gray text-uppercase\" style=\"font-size: 14px; line-height: 20px;\" data-fontsize=\"14px\" data-lineheight=\"20px\" href=\"https:\/\/sani.debem.com\/es\/app\/bomba-para-geles-y-productos-cosmeticos\/\" target=\"_self\">Bomba para geles y productos cosm\u00e9ticos<\/a><\/span><p class=\"text-medium-gray text-extra-small no-margin-bottom text-uppercase\" style=\"font-size: 13px; line-height: 26px; font-weight: 600; color: #43c7e7;\" data-fontsize=\"13px\" data-lineheight=\"26px\">AISIBOXER 03<\/p><\/div><\/div><\/div><\/figcaption><\/figure><\/li><li class=\"grid-item portfolio-filter-138-pofo-portfolio-layout-1 \"><div class=\"pofo-rich-snippet display-none post-30125 portfolio type-portfolio status-publish format-standard has-post-thumbnail hentry portfolio-category-cases-es\"><div class=\"pofo-rich-snippet display-none\"><span class=\"entry-title\">Bomba para para mezclas bot\u00e1nicas<\/span><span class=\"author vcard\"><a class=\"url fn n\" href=\"https:\/\/sani.debem.com\/es\/author\/debem\/\">debem<\/a><\/span><span class=\"published\">23 de septiembre de 2025<\/span><time class=\"updated\" datetime=\"2025-09-23T13:26:05+00:00\">23 de septiembre de 2025<\/time><\/div><\/div><figure><div class=\"portfolio-img bg-deep-pink position-relative text-center overflow-hidden pofo-portfolio-page-background\"><img loading=\"lazy\" decoding=\"async\" class=\"skip-lazy\" src=\"https:\/\/sani.debem.com\/wp-content\/uploads\/2025\/08\/Copertine_Case_9.jpg\" width=\"800\" height=\"800\" alt=\"\" srcset=\"https:\/\/sani.debem.com\/wp-content\/uploads\/2025\/08\/Copertine_Case_9.jpg 800w, https:\/\/sani.debem.com\/wp-content\/uploads\/2025\/08\/Copertine_Case_9-300x300.jpg 300w, https:\/\/sani.debem.com\/wp-content\/uploads\/2025\/08\/Copertine_Case_9-150x150.jpg 150w, https:\/\/sani.debem.com\/wp-content\/uploads\/2025\/08\/Copertine_Case_9-768x768.jpg 768w, https:\/\/sani.debem.com\/wp-content\/uploads\/2025\/08\/Copertine_Case_9-771x771.jpg 771w, https:\/\/sani.debem.com\/wp-content\/uploads\/2025\/08\/Copertine_Case_9-120x120.jpg 120w, https:\/\/sani.debem.com\/wp-content\/uploads\/2025\/08\/Copertine_Case_9-81x81.jpg 81w\" sizes=\"auto, (max-width: 800px) 100vw, 800px\"><div class=\"portfolio-icon\"><a class=\"text-center\" href=\"https:\/\/sani.debem.com\/es\/app\/bomba-para-para-mezclas-botanicas\/\" target=\"_self\"><i class=\"fas fa-link text-extra-dark-gray\" aria-hidden=\"true\"><\/i><\/a><\/div><\/div><figcaption><div class=\"text-center portfolio-hover-main\"><div class=\"vertical-align-middle portfolio-hover-box\"><div class=\"portfolio-hover-content position-relative\"><span class=\"display-block\"><a class=\"line-height-normal font-weight-600 text-small alt-font margin-5px-bottom text-extra-dark-gray text-uppercase\" style=\"font-size: 14px; line-height: 20px;\" data-fontsize=\"14px\" data-lineheight=\"20px\" href=\"https:\/\/sani.debem.com\/es\/app\/bomba-para-para-mezclas-botanicas\/\" target=\"_self\">Bomba para para mezclas bot\u00e1nicas<\/a><\/span><p class=\"text-medium-gray text-extra-small no-margin-bottom text-uppercase\" style=\"font-size: 13px; line-height: 26px; font-weight: 600; color: #43c7e7;\" data-fontsize=\"13px\" data-lineheight=\"26px\">AISIBOXER 01<\/p><\/div><\/div><\/div><\/figcaption><\/figure><\/li><li class=\"grid-item portfolio-filter-138-pofo-portfolio-layout-1 \"><div class=\"pofo-rich-snippet display-none post-30041 portfolio type-portfolio status-publish format-standard has-post-thumbnail hentry portfolio-category-cases-es\"><div class=\"pofo-rich-snippet display-none\"><span class=\"entry-title\">Bomba para masa de tortitas<\/span><span class=\"author vcard\"><a class=\"url fn n\" href=\"https:\/\/sani.debem.com\/es\/author\/debem\/\">debem<\/a><\/span><span class=\"published\">16 de julio de 2025<\/span><time class=\"updated\" datetime=\"2025-07-16T07:39:01+00:00\">16 de julio de 2025<\/time><\/div><\/div><figure><div class=\"portfolio-img bg-deep-pink position-relative text-center overflow-hidden pofo-portfolio-page-background\"><img loading=\"lazy\" decoding=\"async\" class=\"skip-lazy\" src=\"https:\/\/sani.debem.com\/wp-content\/uploads\/2025\/06\/Copertine_Case_7.jpg\" width=\"800\" height=\"800\" alt=\"\" srcset=\"https:\/\/sani.debem.com\/wp-content\/uploads\/2025\/06\/Copertine_Case_7.jpg 800w, https:\/\/sani.debem.com\/wp-content\/uploads\/2025\/06\/Copertine_Case_7-300x300.jpg 300w, https:\/\/sani.debem.com\/wp-content\/uploads\/2025\/06\/Copertine_Case_7-150x150.jpg 150w, https:\/\/sani.debem.com\/wp-content\/uploads\/2025\/06\/Copertine_Case_7-768x768.jpg 768w, https:\/\/sani.debem.com\/wp-content\/uploads\/2025\/06\/Copertine_Case_7-771x771.jpg 771w, https:\/\/sani.debem.com\/wp-content\/uploads\/2025\/06\/Copertine_Case_7-120x120.jpg 120w, https:\/\/sani.debem.com\/wp-content\/uploads\/2025\/06\/Copertine_Case_7-81x81.jpg 81w\" sizes=\"auto, (max-width: 800px) 100vw, 800px\"><div class=\"portfolio-icon\"><a class=\"text-center\" href=\"https:\/\/sani.debem.com\/es\/app\/bomba-para-masa-de-tortitas\/\" target=\"_self\"><i class=\"fas fa-link text-extra-dark-gray\" aria-hidden=\"true\"><\/i><\/a><\/div><\/div><figcaption><div class=\"text-center portfolio-hover-main\"><div class=\"vertical-align-middle portfolio-hover-box\"><div class=\"portfolio-hover-content position-relative\"><span class=\"display-block\"><a class=\"line-height-normal font-weight-600 text-small alt-font margin-5px-bottom text-extra-dark-gray text-uppercase\" style=\"font-size: 14px; line-height: 20px;\" data-fontsize=\"14px\" data-lineheight=\"20px\" href=\"https:\/\/sani.debem.com\/es\/app\/bomba-para-masa-de-tortitas\/\" target=\"_self\">Bomba para masa de tortitas<\/a><\/span><p class=\"text-medium-gray text-extra-small no-margin-bottom text-uppercase\" style=\"font-size: 13px; line-height: 26px; font-weight: 600; color: #43c7e7;\" data-fontsize=\"13px\" data-lineheight=\"26px\">AISIBOXER 02<\/p><\/div><\/div><\/div><\/figcaption><\/figure><\/li><li class=\"grid-item portfolio-filter-138-pofo-portfolio-layout-1 \"><div class=\"pofo-rich-snippet display-none post-29924 portfolio type-portfolio status-publish format-standard has-post-thumbnail hentry portfolio-category-cases-es\"><div class=\"pofo-rich-snippet display-none\"><span class=\"entry-title\">Bomba de salsa y pesto alla genovese<\/span><span class=\"author vcard\"><a class=\"url fn n\" href=\"https:\/\/sani.debem.com\/es\/author\/debem\/\">debem<\/a><\/span><span class=\"published\">28 de mayo de 2025<\/span><time class=\"updated\" datetime=\"2025-05-28T14:15:56+00:00\">28 de mayo de 2025<\/time><\/div><\/div><figure><div class=\"portfolio-img bg-deep-pink position-relative text-center overflow-hidden pofo-portfolio-page-background\"><img loading=\"lazy\" decoding=\"async\" class=\"skip-lazy\" src=\"https:\/\/sani.debem.com\/wp-content\/uploads\/2025\/05\/Copertine_Case_5.jpg\" width=\"800\" height=\"800\" alt=\"\" srcset=\"https:\/\/sani.debem.com\/wp-content\/uploads\/2025\/05\/Copertine_Case_5.jpg 800w, https:\/\/sani.debem.com\/wp-content\/uploads\/2025\/05\/Copertine_Case_5-300x300.jpg 300w, https:\/\/sani.debem.com\/wp-content\/uploads\/2025\/05\/Copertine_Case_5-150x150.jpg 150w, https:\/\/sani.debem.com\/wp-content\/uploads\/2025\/05\/Copertine_Case_5-768x768.jpg 768w, https:\/\/sani.debem.com\/wp-content\/uploads\/2025\/05\/Copertine_Case_5-771x771.jpg 771w, https:\/\/sani.debem.com\/wp-content\/uploads\/2025\/05\/Copertine_Case_5-120x120.jpg 120w, https:\/\/sani.debem.com\/wp-content\/uploads\/2025\/05\/Copertine_Case_5-81x81.jpg 81w\" sizes=\"auto, (max-width: 800px) 100vw, 800px\"><div class=\"portfolio-icon\"><a class=\"text-center\" href=\"https:\/\/sani.debem.com\/es\/app\/bomba-de-salsa-y-pesto-alla-genovese\/\" target=\"_self\"><i class=\"fas fa-link text-extra-dark-gray\" aria-hidden=\"true\"><\/i><\/a><\/div><\/div><figcaption><div class=\"text-center portfolio-hover-main\"><div class=\"vertical-align-middle portfolio-hover-box\"><div class=\"portfolio-hover-content position-relative\"><span class=\"display-block\"><a class=\"line-height-normal font-weight-600 text-small alt-font margin-5px-bottom text-extra-dark-gray text-uppercase\" style=\"font-size: 14px; line-height: 20px;\" data-fontsize=\"14px\" data-lineheight=\"20px\" href=\"https:\/\/sani.debem.com\/es\/app\/bomba-de-salsa-y-pesto-alla-genovese\/\" target=\"_self\">Bomba de salsa y pesto alla genovese<\/a><\/span><p class=\"text-medium-gray text-extra-small no-margin-bottom text-uppercase\" style=\"font-size: 13px; line-height: 26px; font-weight: 600; color: #43c7e7;\" data-fontsize=\"13px\" data-lineheight=\"26px\">AISIBOXER 03<\/p><\/div><\/div><\/div><\/figcaption><\/figure><\/li><li class=\"grid-item portfolio-filter-138-pofo-portfolio-layout-1 \"><div class=\"pofo-rich-snippet display-none post-29364 portfolio type-portfolio status-publish format-standard has-post-thumbnail hentry portfolio-category-cases-es\"><div class=\"pofo-rich-snippet display-none\"><span class=\"entry-title\">Bomba para la industria l\u00e1ctea<\/span><span class=\"author vcard\"><a class=\"url fn n\" href=\"https:\/\/sani.debem.com\/es\/author\/debem\/\">debem<\/a><\/span><span class=\"published\">17 de marzo de 2025<\/span><time class=\"updated\" datetime=\"2025-03-17T17:10:27+00:00\">17 de marzo de 2025<\/time><\/div><\/div><figure><div class=\"portfolio-img bg-deep-pink position-relative text-center overflow-hidden pofo-portfolio-page-background\"><img loading=\"lazy\" decoding=\"async\" class=\"skip-lazy\" src=\"https:\/\/sani.debem.com\/wp-content\/uploads\/2025\/03\/Copertine_Case_3.jpg\" width=\"800\" height=\"800\" alt=\"\" srcset=\"https:\/\/sani.debem.com\/wp-content\/uploads\/2025\/03\/Copertine_Case_3.jpg 800w, https:\/\/sani.debem.com\/wp-content\/uploads\/2025\/03\/Copertine_Case_3-300x300.jpg 300w, https:\/\/sani.debem.com\/wp-content\/uploads\/2025\/03\/Copertine_Case_3-150x150.jpg 150w, https:\/\/sani.debem.com\/wp-content\/uploads\/2025\/03\/Copertine_Case_3-768x768.jpg 768w, https:\/\/sani.debem.com\/wp-content\/uploads\/2025\/03\/Copertine_Case_3-771x771.jpg 771w, https:\/\/sani.debem.com\/wp-content\/uploads\/2025\/03\/Copertine_Case_3-120x120.jpg 120w, https:\/\/sani.debem.com\/wp-content\/uploads\/2025\/03\/Copertine_Case_3-81x81.jpg 81w\" sizes=\"auto, (max-width: 800px) 100vw, 800px\"><div class=\"portfolio-icon\"><a class=\"text-center\" href=\"https:\/\/sani.debem.com\/es\/app\/aisiboxer-02\/\" target=\"_self\"><i class=\"fas fa-link text-extra-dark-gray\" aria-hidden=\"true\"><\/i><\/a><\/div><\/div><figcaption><div class=\"text-center portfolio-hover-main\"><div class=\"vertical-align-middle portfolio-hover-box\"><div class=\"portfolio-hover-content position-relative\"><span class=\"display-block\"><a class=\"line-height-normal font-weight-600 text-small alt-font margin-5px-bottom text-extra-dark-gray text-uppercase\" style=\"font-size: 14px; line-height: 20px;\" data-fontsize=\"14px\" data-lineheight=\"20px\" href=\"https:\/\/sani.debem.com\/es\/app\/aisiboxer-02\/\" target=\"_self\">Bomba para la industria l\u00e1ctea<\/a><\/span><p class=\"text-medium-gray text-extra-small no-margin-bottom text-uppercase\" style=\"font-size: 13px; line-height: 26px; font-weight: 600; color: #43c7e7;\" data-fontsize=\"13px\" data-lineheight=\"26px\">AISIBOXER 02<\/p><\/div><\/div><\/div><\/figcaption><\/figure><\/li><li class=\"grid-item portfolio-filter-138-pofo-portfolio-layout-1 \"><div class=\"pofo-rich-snippet display-none post-29184 portfolio type-portfolio status-publish format-standard has-post-thumbnail hentry portfolio-category-cases-es\"><div class=\"pofo-rich-snippet display-none\"><span class=\"entry-title\">Bomba para la industria de la pizza congelada sin gluten<\/span><span class=\"author vcard\"><a class=\"url fn n\" href=\"https:\/\/sani.debem.com\/es\/author\/debem\/\">debem<\/a><\/span><span class=\"published\">13 de febrero de 2025<\/span><time class=\"updated\" datetime=\"2025-02-13T11:29:17+00:00\">13 de febrero de 2025<\/time><\/div><\/div><figure><div class=\"portfolio-img bg-deep-pink position-relative text-center overflow-hidden pofo-portfolio-page-background\"><img loading=\"lazy\" decoding=\"async\" class=\"skip-lazy\" src=\"https:\/\/sani.debem.com\/wp-content\/uploads\/2025\/03\/Copertine_Case_1.jpg\" width=\"800\" height=\"800\" alt=\"\" srcset=\"https:\/\/sani.debem.com\/wp-content\/uploads\/2025\/03\/Copertine_Case_1.jpg 800w, https:\/\/sani.debem.com\/wp-content\/uploads\/2025\/03\/Copertine_Case_1-300x300.jpg 300w, https:\/\/sani.debem.com\/wp-content\/uploads\/2025\/03\/Copertine_Case_1-150x150.jpg 150w, https:\/\/sani.debem.com\/wp-content\/uploads\/2025\/03\/Copertine_Case_1-768x768.jpg 768w, https:\/\/sani.debem.com\/wp-content\/uploads\/2025\/03\/Copertine_Case_1-771x771.jpg 771w, https:\/\/sani.debem.com\/wp-content\/uploads\/2025\/03\/Copertine_Case_1-120x120.jpg 120w, https:\/\/sani.debem.com\/wp-content\/uploads\/2025\/03\/Copertine_Case_1-81x81.jpg 81w\" sizes=\"auto, (max-width: 800px) 100vw, 800px\"><div class=\"portfolio-icon\"><a class=\"text-center\" href=\"https:\/\/sani.debem.com\/es\/app\/aisiboxer-01-ab001aadwaawcc\/\" target=\"_self\"><i class=\"fas fa-link text-extra-dark-gray\" aria-hidden=\"true\"><\/i><\/a><\/div><\/div><figcaption><div class=\"text-center portfolio-hover-main\"><div class=\"vertical-align-middle portfolio-hover-box\"><div class=\"portfolio-hover-content position-relative\"><span class=\"display-block\"><a class=\"line-height-normal font-weight-600 text-small alt-font margin-5px-bottom text-extra-dark-gray text-uppercase\" style=\"font-size: 14px; line-height: 20px;\" data-fontsize=\"14px\" data-lineheight=\"20px\" href=\"https:\/\/sani.debem.com\/es\/app\/aisiboxer-01-ab001aadwaawcc\/\" target=\"_self\">Bomba para la industria de la pizza congelada sin gluten<\/a><\/span><p class=\"text-medium-gray text-extra-small no-margin-bottom text-uppercase\" style=\"font-size: 13px; line-height: 26px; font-weight: 600; color: #43c7e7;\" data-fontsize=\"13px\" data-lineheight=\"26px\">AISIBOXER 02<\/p><\/div><\/div><\/div><\/figcaption><\/figure><\/li><\/ul><\/div><\/div><\/div><\/section><section data-vc-full-width=\"true\" data-vc-full-width-init=\"false\" data-vc-stretch-content=\"true\" class=\"vc_row wpb_row vc_row-fluid  vc_custom_1739264258190 pofo-stretch-content vc_row-no-padding\"><div class=\"wpb_column vc_column_container vc_col-sm-12  col-xs-mobile-fullwidth\"><div class=\"vc_column-inner vc_custom_1739264209753\"><div class=\"wpb_wrapper\"><video autoplay muted loop playsinline class=\"pofo-html5-video\"><source type=\"video\/mp4\" src=\"https:\/\/sani.debem.com\/wp-content\/uploads\/2025\/03\/LogoReveal_1920x1080_Background.mp4\"><\/video><\/div><\/div><\/div><\/section><div class=\"vc_row-full-width vc_clearfix\"><\/div><section data-vc-full-width=\"true\" data-vc-full-width-init=\"false\" class=\"vc_row wpb_row vc_row-fluid  vc_custom_1638461520204 cover-background wow fadeIn vc_row-has-fill pofo-stretch-content pofo-stretch-row-container pofo-row-responsive-69f1e14a3b94e\"><div class=\"wpb_column vc_column_container vc_col-sm-12 vc_col-md-12 col-xs-mobile-fullwidth text-center\"><div class=\"vc_column-inner \"><div class=\"wpb_wrapper\"><span class=\"text-extra-large margin-25px-bottom vertical-align-middle sm-width-100 display-inline-block alt-font heading-style3  vc_custom_1742493055201 pofo-button-responsive-69f1e14a3ba81  heading-4\"  style=\"color: #ffffff;\">\u00bfQuiere recibir m\u00e1s informaci\u00f3n? No dude en ponerse en contacto con nosotros<\/span><a  href=\"https:\/\/sani.debem.com\/es\/contactanos\" target=\"_self\" class=\"btn pofo-button-2 button-style2  btn-white  btn-medium   vc_custom_1742493069689 pofo-button-responsive-69f1e14a3babc\"  style=\"color:#0069a5; \">CONT\u00c1CTENOS<\/a><\/div><\/div><\/div><\/section><div class=\"vc_row-full-width vc_clearfix\"><\/div>\n","protected":false},"excerpt":{"rendered":"[vc_single_image image=\"29103\" img_size=\"full\" el_class=\"margin-five-bottom\" css=\".vc_custom_1738918542361{margin-bottom: 30px !important;}\"]Optimizaci\u00f3n del proceso de producci\u00f3nAISIBOXER-01 \/ Bomba para la industria de la pizza congelada sin glutenUna importante empresa italiana, especializada en la producci\u00f3n de pizzas congeladas sin gluten, ha optimizado su eficiencia operativa integrando la bomba Debem AISIBOXER-01 para el trasvase de salsa de tomate. Con su flujo presurizado continuo y su conformidad con MOCA, la nueva bomba ha sustituido a un sistema obsoleto, reduciendo el tiempo de inactividad, mejorando la seguridad del producto y aumentando la fiabilidad de todo el proceso de producci\u00f3n.DescubreS\u00cdNTESISPerfil de la empresaLa empresa opera en el sector de la pizza congelada sin gluten ni lactosa, con una especializaci\u00f3n en platos precocinados dise\u00f1ados para cel\u00edacos e intolerantes a la lactosa. Tercer productor italiano en este segmento de mercado, desempe\u00f1a un papel clave para satisfacer la creciente demanda mundial de alimentos sin al\u00e9rgenos. Gracias a un firme compromiso con la innovaci\u00f3n y la seguridad alimentaria, atiende tanto al mercado nacional como al internacional, garantizando el pleno cumplimiento de la normativa vigente. CLIENTETercer productor italianoSECTORIndustria de alimentos congelados sin glutenSOLUCI\u00d3NAISIBOXER 1MODELOAB001AADWAAWCC--R0 with easel[vc_single_image image=\"29234\" img_size=\"full\"]Aplicaci\u00f3nAplicaci\u00f3n de la bomba AISIBOXER-01La bomba AISIBOXER-01 contribuye a optimizar dos etapas esenciales del proceso de producci\u00f3n: Trasvase...","protected":false},"author":1,"featured_media":0,"parent":0,"menu_order":0,"comment_status":"closed","ping_status":"closed","template":"","meta":{"footnotes":""},"class_list":["post-29538","page","type-page","status-publish","hentry"],"aioseo_notices":[],"_links":{"self":[{"href":"https:\/\/sani.debem.com\/es\/wp-json\/wp\/v2\/pages\/29538","targetHints":{"allow":["GET"]}}],"collection":[{"href":"https:\/\/sani.debem.com\/es\/wp-json\/wp\/v2\/pages"}],"about":[{"href":"https:\/\/sani.debem.com\/es\/wp-json\/wp\/v2\/types\/page"}],"author":[{"embeddable":true,"href":"https:\/\/sani.debem.com\/es\/wp-json\/wp\/v2\/users\/1"}],"replies":[{"embeddable":true,"href":"https:\/\/sani.debem.com\/es\/wp-json\/wp\/v2\/comments?post=29538"}],"version-history":[{"count":6,"href":"https:\/\/sani.debem.com\/es\/wp-json\/wp\/v2\/pages\/29538\/revisions"}],"predecessor-version":[{"id":29943,"href":"https:\/\/sani.debem.com\/es\/wp-json\/wp\/v2\/pages\/29538\/revisions\/29943"}],"wp:attachment":[{"href":"https:\/\/sani.debem.com\/es\/wp-json\/wp\/v2\/media?parent=29538"}],"curies":[{"name":"wp","href":"https:\/\/api.w.org\/{rel}","templated":true}]}}