{"id":26263,"date":"2022-04-28T07:11:57","date_gmt":"2022-04-28T07:11:57","guid":{"rendered":"https:\/\/sani.debem.com\/?page_id=26263"},"modified":"2025-11-12T12:11:54","modified_gmt":"2025-11-12T12:11:54","slug":"recursos","status":"publish","type":"page","link":"https:\/\/sani.debem.com\/es\/recursos\/","title":{"rendered":"Recursos"},"content":{"rendered":"<section class=\"vc_row wpb_row vc_row-fluid  vc_custom_1639142734921 wow fadeIn vc_row-has-fill pofo-row-responsive-69e5976730800\"><div class=\"wpb_column vc_column_container vc_col-sm-12  col-xs-mobile-fullwidth\"><div class=\"vc_column-inner \"><div class=\"wpb_wrapper\">[vc_raw_html el_class=\u00bbsgBreadcrumb\u00bb]JTVCYWlvc2VvX2JyZWFkY3J1bWJzJTVE[\/vc_raw_html]<div class=\"vc_row wpb_row vc_inner vc_row-fluid\"><div class=\"wpb_column vc_column_container vc_col-lg-3 vc_col-md-3 vc_hidden-sm col-xs-mobile-fullwidth\"><div class=\"vc_column-inner \"><div class=\"wpb_wrapper\"><\/div><\/div><\/div><div class=\"wpb_column vc_column_container vc_col-lg-6 vc_col-md-6 col-xs-mobile-fullwidth text-center md-text-center sm-text-left xs-text-left\"><div class=\"vc_column-inner vc_custom_1636126277557\"><div class=\"wpb_wrapper\"><span class=\"text-extra-dark-gray margin-20px-bottom font-weight-600 display-block alt-font heading-style2  vc_custom_1651129937895  heading-1\"  style=\"font-size: 15px; line-height: 22px; font-weight: 400; color: #0069a5;\" data-fontsize=\"15px\" data-lineheight=\"22px\">RECURSOS<\/span><h1 class=\"text-extra-dark-gray margin-20px-bottom font-weight-600 display-inline-block alt-font  pofo_font_1651129942790 heading-style2  heading-2\"  style=\"font-size: 36px; line-height: 40px; font-weight: 500;\" data-fontsize=\"36px\" data-lineheight=\"40px\">Cat\u00e1logos, manuales y fichas t\u00e9cnicas<\/h1><div class=\"text-medium line-height-28  vc_custom_1651129949294 last-paragraph-no-margin pofo-text-block-responsive-69e5976730b9d\" style=\"width: 100%;\"><p>La gama de productos de la serie \u00abHygienic\u00bb incluye bombas neum\u00e1ticas de doble membrana extremadamente vers\u00e1tiles y capaces de trabajar con una amplia gama de fluidos con viscosidad variable de manera segura y eficiente.<\/p>\n<\/div><\/div><\/div><\/div><div class=\"wpb_column vc_column_container vc_col-lg-3 vc_col-md-3 vc_hidden-sm col-xs-mobile-fullwidth\"><div class=\"vc_column-inner \"><div class=\"wpb_wrapper\"><\/div><\/div><\/div><\/div><\/div><\/div><\/div><\/section><section data-vc-full-width=\"true\" data-vc-full-width-init=\"false\" class=\"vc_row wpb_row vc_row-fluid  vc_custom_1639142760264 vc_row-has-fill pofo-stretch-content pofo-stretch-row-container\"><div class=\"wpb_column vc_column_container vc_col-sm-6  col-xs-mobile-fullwidth pofo-column-responsive-69e5976730d17\"><div class=\"vc_column-inner vc_custom_1639142744023\"><div class=\"wpb_wrapper\"><div class=\"text-medium-gray text-small margin-5px-bottom alt-font heading-style4  vc_custom_1651129953742  heading-3\"  style=\"font-size: 18px; line-height: 20px; font-weight: 500; color: #0069a5;\" data-fontsize=\"18px\" data-lineheight=\"20px\">FICHAS T\u00c9CNICAS<\/div><div class=\"text-medium line-height-28 last-paragraph-no-margin\"><p>A trav\u00e9s de esta p\u00e1gina es posible descargar las fichas t\u00e9cnicas espec\u00edficas para las bombas Debem Hygienic.<\/p>\n<\/div><\/div><\/div><\/div><div class=\"wpb_column vc_column_container vc_col-sm-6  col-xs-mobile-fullwidth\"><div class=\"vc_column-inner \"><div class=\"wpb_wrapper\"><div class=\"vc_row wpb_row vc_inner vc_row-fluid\"><div class=\"wpb_column vc_column_container vc_col-sm-4 vc_col-xs-6\"><div class=\"vc_column-inner vc_custom_1639142241895\"><div class=\"wpb_wrapper\"><div class=\"featurebox21 pofo-featurebox featurebox21-1\" ><div class=\"display-inline-block margin-25px-bottom sm-margin-15px-bottom xs-margin-10px-bottom\"><i class=\"link-icon display-block icon-notebook icon-medium\"><\/i><\/div><span class=\"text-extra-dark-gray display-inline-block width-100 text-small font-weight-600 alt-font margin-5px-bottom\" style=\"font-size: 14px;\" data-fontsize=\"14px\">FICHA T\u00c9CNICA<\/span><div class=\"xs-margin-10px-bottom center-col last-paragraph-no-margin\"><p>Aisiboxer 01<\/p>\n<\/div><a class=\"pofo-info-link margin-15px-top xs-no-margin-top display-inline-block text-deep-pink text-small\" target=\"_blank\" href=\"https:\/\/sani.debem.com\/wp-content\/uploads\/2025\/09\/AISIBOXER-01-ES.pdf\">Descargar<\/a><\/div><\/div><\/div><\/div><div class=\"wpb_column vc_column_container vc_col-sm-4 vc_col-xs-6\"><div class=\"vc_column-inner vc_custom_1639142246935\"><div class=\"wpb_wrapper\"><div class=\"featurebox21 pofo-featurebox featurebox21-2\" ><div class=\"display-inline-block margin-25px-bottom sm-margin-15px-bottom xs-margin-10px-bottom\"><i class=\"link-icon display-block icon-notebook icon-medium\"><\/i><\/div><span class=\"text-extra-dark-gray display-inline-block width-100 text-small font-weight-600 alt-font margin-5px-bottom\" style=\"font-size: 14px;\" data-fontsize=\"14px\">FICHA T\u00c9CNICA<\/span><div class=\"xs-margin-10px-bottom center-col last-paragraph-no-margin\"><p>Aisiboxer 02<\/p>\n<\/div><a class=\"pofo-info-link margin-15px-top xs-no-margin-top display-inline-block text-deep-pink text-small\" target=\"_blank\" href=\"https:\/\/sani.debem.com\/wp-content\/uploads\/2025\/09\/AISIBOXER-02-ES.pdf\">Descargar<\/a><\/div><\/div><\/div><\/div><div class=\"wpb_column vc_column_container vc_col-sm-4 vc_col-xs-6\"><div class=\"vc_column-inner vc_custom_1639142251706\"><div class=\"wpb_wrapper\"><div class=\"featurebox21 pofo-featurebox featurebox21-3\" ><div class=\"display-inline-block margin-25px-bottom sm-margin-15px-bottom xs-margin-10px-bottom\"><i class=\"link-icon display-block icon-notebook icon-medium\"><\/i><\/div><span class=\"text-extra-dark-gray display-inline-block width-100 text-small font-weight-600 alt-font margin-5px-bottom\" style=\"font-size: 14px;\" data-fontsize=\"14px\">FICHA T\u00c9CNICA<\/span><div class=\"xs-margin-10px-bottom center-col last-paragraph-no-margin\"><p>Aisiboxer 03<\/p>\n<\/div><a class=\"pofo-info-link margin-15px-top xs-no-margin-top display-inline-block text-deep-pink text-small\" target=\"_blank\" href=\"https:\/\/sani.debem.com\/wp-content\/uploads\/2025\/09\/AISIBOXER-03-ES.pdf\">Descargar<\/a><\/div><\/div><\/div><\/div><div class=\"wpb_column vc_column_container vc_col-sm-4 vc_col-xs-6\"><div class=\"vc_column-inner vc_custom_1639142257064\"><div class=\"wpb_wrapper\"><div class=\"featurebox21 pofo-featurebox featurebox21-4\" ><div class=\"display-inline-block margin-25px-bottom sm-margin-15px-bottom xs-margin-10px-bottom\"><i class=\"link-icon display-block icon-notebook icon-medium\"><\/i><\/div><span class=\"text-extra-dark-gray display-inline-block width-100 text-small font-weight-600 alt-font margin-5px-bottom\" style=\"font-size: 14px;\" data-fontsize=\"14px\">FICHA T\u00c9CNICA<\/span><div class=\"xs-margin-10px-bottom center-col last-paragraph-no-margin\"><p>Saniboxer 01<\/p>\n<\/div><a class=\"pofo-info-link margin-15px-top xs-no-margin-top display-inline-block text-deep-pink text-small\" target=\"_blank\" href=\"https:\/\/sani.debem.com\/wp-content\/uploads\/2025\/09\/SANIBOXER-01-ES.pdf\">Descargar<\/a><\/div><\/div><\/div><\/div><div class=\"wpb_column vc_column_container vc_col-sm-4 vc_col-xs-6\"><div class=\"vc_column-inner vc_custom_1639142261911\"><div class=\"wpb_wrapper\"><div class=\"featurebox21 pofo-featurebox featurebox21-5\" ><div class=\"display-inline-block margin-25px-bottom sm-margin-15px-bottom xs-margin-10px-bottom\"><i class=\"link-icon display-block icon-notebook icon-medium\"><\/i><\/div><span class=\"text-extra-dark-gray display-inline-block width-100 text-small font-weight-600 alt-font margin-5px-bottom\" style=\"font-size: 14px;\" data-fontsize=\"14px\">FICHA T\u00c9CNICA<\/span><div class=\"xs-margin-10px-bottom center-col last-paragraph-no-margin\"><p>Saniboxer 02<\/p>\n<\/div><a class=\"pofo-info-link margin-15px-top xs-no-margin-top display-inline-block text-deep-pink text-small\" target=\"_blank\" href=\"https:\/\/sani.debem.com\/wp-content\/uploads\/2025\/09\/SANIBOXER-02-ES.pdf\">Descargar<\/a><\/div><\/div><\/div><\/div><div class=\"wpb_column vc_column_container vc_col-sm-4 vc_col-xs-6\"><div class=\"vc_column-inner vc_custom_1639142267105\"><div class=\"wpb_wrapper\"><div class=\"featurebox21 pofo-featurebox featurebox21-6\" ><div class=\"display-inline-block margin-25px-bottom sm-margin-15px-bottom xs-margin-10px-bottom\"><i class=\"link-icon display-block icon-notebook icon-medium\"><\/i><\/div><span class=\"text-extra-dark-gray display-inline-block width-100 text-small font-weight-600 alt-font margin-5px-bottom\" style=\"font-size: 14px;\" data-fontsize=\"14px\">FICHA T\u00c9CNICA<\/span><div class=\"xs-margin-10px-bottom center-col last-paragraph-no-margin\"><p>Saniboxer 03<\/p>\n<\/div><a class=\"pofo-info-link margin-15px-top xs-no-margin-top display-inline-block text-deep-pink text-small\" target=\"_blank\" href=\"https:\/\/sani.debem.com\/wp-content\/uploads\/2025\/09\/SANIBOXER-03-ES.pdf\">Descargar<\/a><\/div><\/div><\/div><\/div><div class=\"wpb_column vc_column_container vc_col-sm-4 vc_col-xs-6\"><div class=\"vc_column-inner vc_custom_1642513133144\"><div class=\"wpb_wrapper\"><div class=\"featurebox21 pofo-featurebox featurebox21-7\" ><div class=\"display-inline-block margin-25px-bottom sm-margin-15px-bottom xs-margin-10px-bottom\"><i class=\"link-icon display-block icon-notebook icon-medium\"><\/i><\/div><span class=\"text-extra-dark-gray display-inline-block width-100 text-small font-weight-600 alt-font margin-5px-bottom\" style=\"font-size: 14px;\" data-fontsize=\"14px\">FICHA T\u00c9CNICA<\/span><div class=\"xs-margin-10px-bottom center-col last-paragraph-no-margin\"><p>Aisiflow 251<\/p>\n<\/div><a class=\"pofo-info-link margin-15px-top xs-no-margin-top display-inline-block text-deep-pink text-small\" target=\"_blank\" href=\"https:\/\/sani.debem.com\/wp-content\/uploads\/2022\/05\/FULLFLOW-251_ES.pdf\">Descargar<\/a><\/div><\/div><\/div><\/div><\/div><\/div><\/div><\/div><\/section><div class=\"vc_row-full-width vc_clearfix\"><\/div><section class=\"vc_row wpb_row vc_row-fluid  vc_custom_1639142766805 vc_row-has-fill\"><div class=\"wpb_column vc_column_container vc_col-sm-6  col-xs-mobile-fullwidth pofo-column-responsive-69e5976731621\"><div class=\"vc_column-inner vc_custom_1639142752455\"><div class=\"wpb_wrapper\"><div class=\"text-medium-gray text-small margin-5px-bottom alt-font heading-style4  vc_custom_1651130156482  heading-4\"  style=\"font-size: 18px; line-height: 20px; font-weight: 500; color: #0069a5;\" data-fontsize=\"18px\" data-lineheight=\"20px\">CAT\u00c1LOGOS<\/div><div class=\"text-medium line-height-28 last-paragraph-no-margin\"><p>A trav\u00e9s de esta p\u00e1gina es posible descargar el cat\u00e1logo completo de las bombas Higi\u00e9nicas Debem.<\/p>\n<\/div><\/div><\/div><\/div><div class=\"wpb_column vc_column_container vc_col-sm-6  col-xs-mobile-fullwidth\"><div class=\"vc_column-inner \"><div class=\"wpb_wrapper\"><div class=\"vc_row wpb_row vc_inner vc_row-fluid\"><div class=\"wpb_column vc_column_container vc_col-sm-4 vc_col-xs-6\"><div class=\"vc_column-inner vc_custom_1639142241895\"><div class=\"wpb_wrapper\"><div class=\"featurebox21 pofo-featurebox featurebox21-8\" ><div class=\"display-inline-block margin-25px-bottom sm-margin-15px-bottom xs-margin-10px-bottom\"><i class=\"link-icon display-block icon-book-open icon-medium\"><\/i><\/div><span class=\"text-extra-dark-gray display-inline-block width-100 text-small font-weight-600 alt-font margin-5px-bottom\" style=\"font-size: 14px;\" data-fontsize=\"14px\">CAT\u00c1LOGO<\/span><div class=\"xs-margin-10px-bottom center-col last-paragraph-no-margin\"><p>Cat\u00e1logo Debem<\/p>\n<\/div><a class=\"pofo-info-link margin-15px-top xs-no-margin-top display-inline-block text-deep-pink text-small\" target=\"_blank\" href=\"https:\/\/sani.debem.com\/wp-content\/uploads\/2023\/06\/Brochure-FDA-Debem-2023-ES.pdf\">Descargar<\/a><\/div><\/div><\/div><\/div><div class=\"wpb_column vc_column_container vc_col-sm-4 vc_col-xs-6\"><div class=\"vc_column-inner vc_custom_1639142246935\"><div class=\"wpb_wrapper\"><\/div><\/div><\/div><div class=\"wpb_column vc_column_container vc_col-sm-4 vc_col-xs-6\"><div class=\"vc_column-inner vc_custom_1639142251706\"><div class=\"wpb_wrapper\"><\/div><\/div><\/div><\/div><\/div><\/div><\/div><\/section><section data-vc-full-width=\"true\" data-vc-full-width-init=\"false\" class=\"vc_row wpb_row vc_row-fluid  vc_custom_1639142760264 vc_row-has-fill pofo-stretch-content pofo-stretch-row-container\"><div class=\"wpb_column vc_column_container vc_col-sm-6  col-xs-mobile-fullwidth pofo-column-responsive-69e5976731966\"><div class=\"vc_column-inner vc_custom_1639142744023\"><div class=\"wpb_wrapper\"><div class=\"text-medium-gray text-small margin-5px-bottom alt-font heading-style4  vc_custom_1651130203364  heading-5\"  style=\"font-size: 18px; line-height: 20px; font-weight: 500; color: #0069a5;\" data-fontsize=\"18px\" data-lineheight=\"20px\">MANUALES<\/div><div class=\"text-medium line-height-28 last-paragraph-no-margin\"><p>A trav\u00e9s de esta p\u00e1gina es posible descargar los manuales de uso y mantenimiento de las bombas Higi\u00e9nicas Debem.<\/p>\n<\/div><\/div><\/div><\/div><div class=\"wpb_column vc_column_container vc_col-sm-6  col-xs-mobile-fullwidth\"><div class=\"vc_column-inner \"><div class=\"wpb_wrapper\"><div class=\"vc_row wpb_row vc_inner vc_row-fluid\"><div class=\"wpb_column vc_column_container vc_col-sm-4 vc_col-xs-6\"><div class=\"vc_column-inner vc_custom_1639142241895\"><div class=\"wpb_wrapper\"><div class=\"featurebox21 pofo-featurebox featurebox21-9\" ><div class=\"display-inline-block margin-25px-bottom sm-margin-15px-bottom xs-margin-10px-bottom\"><i class=\"link-icon display-block ti-bookmark-alt icon-medium\"><\/i><\/div><span class=\"text-extra-dark-gray display-inline-block width-100 text-small font-weight-600 alt-font margin-5px-bottom\" style=\"font-size: 14px;\" data-fontsize=\"14px\">MANUAL<\/span><div class=\"xs-margin-10px-bottom center-col last-paragraph-no-margin\"><p>Aisiboxer<\/p>\n<\/div><a class=\"pofo-info-link margin-15px-top xs-no-margin-top display-inline-block text-deep-pink text-small\" target=\"_blank\" href=\"https:\/\/sani.debem.com\/wp-content\/uploads\/2024\/07\/MANSANIBOXER-AISIBOXER-ES.pdf\">Descargar<\/a><\/div><\/div><\/div><\/div><div class=\"wpb_column vc_column_container vc_col-sm-4 vc_col-xs-6\"><div class=\"vc_column-inner vc_custom_1639142246935\"><div class=\"wpb_wrapper\"><div class=\"featurebox21 pofo-featurebox featurebox21-10\" ><div class=\"display-inline-block margin-25px-bottom sm-margin-15px-bottom xs-margin-10px-bottom\"><i class=\"link-icon display-block ti-bookmark-alt icon-medium\"><\/i><\/div><span class=\"text-extra-dark-gray display-inline-block width-100 text-small font-weight-600 alt-font margin-5px-bottom\" style=\"font-size: 14px;\" data-fontsize=\"14px\">MANUAL<\/span><div class=\"xs-margin-10px-bottom center-col last-paragraph-no-margin\"><p>Saniboxer<\/p>\n<\/div><a class=\"pofo-info-link margin-15px-top xs-no-margin-top display-inline-block text-deep-pink text-small\" target=\"_blank\" href=\"https:\/\/sani.debem.com\/wp-content\/uploads\/2024\/07\/MANSANIBOXER-AISIBOXER-ES.pdf\">Descargar<\/a><\/div><\/div><\/div><\/div><div class=\"wpb_column vc_column_container vc_col-sm-4 vc_col-xs-6\"><div class=\"vc_column-inner vc_custom_1639142251706\"><div class=\"wpb_wrapper\"><div class=\"featurebox21 pofo-featurebox featurebox21-11\" ><div class=\"display-inline-block margin-25px-bottom sm-margin-15px-bottom xs-margin-10px-bottom\"><i class=\"link-icon display-block ti-bookmark-alt icon-medium\"><\/i><\/div><span class=\"text-extra-dark-gray display-inline-block width-100 text-small font-weight-600 alt-font margin-5px-bottom\" style=\"font-size: 14px;\" data-fontsize=\"14px\">MANUAL<\/span><div class=\"xs-margin-10px-bottom center-col last-paragraph-no-margin\"><p>Aisiflow<\/p>\n<\/div><a class=\"pofo-info-link margin-15px-top xs-no-margin-top display-inline-block text-deep-pink text-small\" target=\"_self\" href=\"mailto:info@debem.it\">Solicite<\/a><\/div><\/div><\/div><\/div><\/div><\/div><\/div><\/div><\/section><div class=\"vc_row-full-width vc_clearfix\"><\/div><section data-vc-full-width=\"true\" data-vc-full-width-init=\"false\" class=\"vc_row wpb_row vc_row-fluid  vc_custom_1638461520204 cover-background wow fadeIn vc_row-has-fill pofo-stretch-content pofo-stretch-row-container pofo-row-responsive-69e5976731df3\"><div class=\"wpb_column vc_column_container vc_col-sm-12 vc_col-md-12 col-xs-mobile-fullwidth text-center\"><div class=\"vc_column-inner \"><div class=\"wpb_wrapper\"><span class=\"text-extra-large margin-25px-bottom vertical-align-middle sm-width-100 display-inline-block alt-font heading-style3  vc_custom_1651130307602 pofo-button-responsive-69e5976731f48  heading-6\"  style=\"color: #ffffff;\">\u00bfQuiere recibir m\u00e1s informaci\u00f3n? No dude en ponerse en contacto con nosotros<\/span><a  href=\"https:\/\/sani.debem.com\/es\/contactanos\" target=\"_self\" class=\"btn pofo-button-1 button-style2  btn-white  btn-medium   vc_custom_1651130297869 pofo-button-responsive-69e5976731f86\"  style=\"color:#0069a5; \">CONT\u00c1CTENOS<\/a><\/div><\/div><\/div><\/section><div class=\"vc_row-full-width vc_clearfix\"><\/div>\n","protected":false},"excerpt":{"rendered":"[vc_raw_html el_class=\"sgBreadcrumb\"]JTVCYWlvc2VvX2JyZWFkY3J1bWJzJTVE[\/vc_raw_html]RECURSOSCat\u00e1logos, manuales y fichas t\u00e9cnicasLa gama de productos de la serie \u00abHygienic\u00bb incluye bombas neum\u00e1ticas de doble membrana extremadamente vers\u00e1tiles y capaces de trabajar con una amplia gama de fluidos con viscosidad variable de manera segura y eficiente. FICHAS T\u00c9CNICASA trav\u00e9s de esta p\u00e1gina es posible descargar las fichas t\u00e9cnicas espec\u00edficas para las bombas Debem Hygienic. FICHA T\u00c9CNICAAisiboxer 01 DescargarFICHA T\u00c9CNICAAisiboxer 02 DescargarFICHA T\u00c9CNICAAisiboxer 03 DescargarFICHA T\u00c9CNICASaniboxer 01 DescargarFICHA T\u00c9CNICASaniboxer 02 DescargarFICHA T\u00c9CNICASaniboxer 03 DescargarFICHA T\u00c9CNICAAisiflow 251 DescargarCAT\u00c1LOGOSA trav\u00e9s de esta p\u00e1gina es posible descargar el cat\u00e1logo completo de las bombas Higi\u00e9nicas Debem. CAT\u00c1LOGOCat\u00e1logo Debem DescargarMANUALESA trav\u00e9s de esta p\u00e1gina es posible descargar los manuales de uso y mantenimiento de las bombas Higi\u00e9nicas Debem. MANUALAisiboxer DescargarMANUALSaniboxer DescargarMANUALAisiflow Solicite\u00bfQuiere recibir m\u00e1s informaci\u00f3n? No dude en ponerse en contacto con nosotrosCONT\u00c1CTENOS","protected":false},"author":1,"featured_media":0,"parent":0,"menu_order":0,"comment_status":"closed","ping_status":"closed","template":"","meta":{"footnotes":""},"class_list":["post-26263","page","type-page","status-publish","hentry"],"aioseo_notices":[],"_links":{"self":[{"href":"https:\/\/sani.debem.com\/es\/wp-json\/wp\/v2\/pages\/26263","targetHints":{"allow":["GET"]}}],"collection":[{"href":"https:\/\/sani.debem.com\/es\/wp-json\/wp\/v2\/pages"}],"about":[{"href":"https:\/\/sani.debem.com\/es\/wp-json\/wp\/v2\/types\/page"}],"author":[{"embeddable":true,"href":"https:\/\/sani.debem.com\/es\/wp-json\/wp\/v2\/users\/1"}],"replies":[{"embeddable":true,"href":"https:\/\/sani.debem.com\/es\/wp-json\/wp\/v2\/comments?post=26263"}],"version-history":[{"count":25,"href":"https:\/\/sani.debem.com\/es\/wp-json\/wp\/v2\/pages\/26263\/revisions"}],"predecessor-version":[{"id":30414,"href":"https:\/\/sani.debem.com\/es\/wp-json\/wp\/v2\/pages\/26263\/revisions\/30414"}],"wp:attachment":[{"href":"https:\/\/sani.debem.com\/es\/wp-json\/wp\/v2\/media?parent=26263"}],"curies":[{"name":"wp","href":"https:\/\/api.w.org\/{rel}","templated":true}]}}