{"id":29536,"date":"2025-03-20T17:39:33","date_gmt":"2025-03-20T17:39:33","guid":{"rendered":"https:\/\/sani.debem.com\/?page_id=29536"},"modified":"2025-05-28T13:33:02","modified_gmt":"2025-05-28T13:33:02","slug":"case-history","status":"publish","type":"page","link":"https:\/\/sani.debem.com\/de\/case-history\/","title":{"rendered":"Case History"},"content":{"rendered":"<section data-vc-full-width=\"true\" data-vc-full-width-init=\"false\" class=\"vc_row wpb_row vc_row-fluid big-section first-section vc_custom_1742304137150 wow fadeIn vc_row-has-fill pofo-stretch-content pofo-stretch-row-container vc_row-o-equal-height vc_row-o-content-middle vc_row-flex pofo-row-responsive-69dc4af465191\"><div class=\"wpb_column vc_column_container vc_col-md-2 col-xs-mobile-fullwidth\"><div class=\"vc_column-inner \"><div class=\"wpb_wrapper\"><div class=\"sm-display-none separator-line-horrizontal-full bg-extra-light-gray center-col pofo-separator  vc_custom_1738849714940\" style=\"background-color:#ffffff;\"><\/div><\/div><\/div><\/div><div class=\"wpb_column vc_column_container vc_col-md-offset-2 vc_col-md-8 col-xs-mobile-fullwidth\"><div class=\"vc_column-inner vc_custom_1507701469315\" style=\"min-height: 400px;\"><div class=\"wpb_wrapper\">[vc_single_image image=&#8220;25120&#8243; img_size=&#8220;60&#215;60&#8243; el_class=&#8220;margin-five-bottom&#8220; css=&#8220;.vc_custom_1742298840520{margin-bottom: 30px !important;}&#8220;]<h2 class=\"text-medium-gray text-small margin-5px-bottom alt-font text-uppercase heading-style4  heading-1\"  style=\"letter-spacing: 1px; font-weight: 600; color: #43c7e7;\">STUDIEN<\/h2><h1 class=\"text-extra-dark-gray margin-20px-bottom font-weight-600 display-inline-block alt-font  pofo_font_1742492330890 heading-style2  vc_custom_1742492330890 pofo-button-responsive-69dc4af465432  heading-2\"  style=\"width: 80%; font-size: 40px; line-height: 46px; font-weight: 400; color: #44c6e7;\" data-fontsize=\"40px\" data-lineheight=\"46px\">Case History Einblicke: reale Anwendungen von Pumpenl\u00f6sungen<\/h1><span class=\"text-extra-large margin-25px-bottom display-block alt-font  pofo_font_1742492336074 heading-style3  vc_custom_1742492336074 pofo-button-responsive-69dc4af46546c  heading-3\"  style=\"width: 85%; font-size: 18px; line-height: 28px; font-weight: 300; color: #ffffff;\" data-fontsize=\"18px\" data-lineheight=\"28px\">Entdecken Sie praxisnahe Fallstudien, in denen Debem-Pumpen die Produktionsprozesse in den Bereichen Lebensmittel &amp; Getr\u00e4nke, Pharmazeutik und Kosmetik optimiert haben. Vom effizienten Transfer von Zutaten bis zur hygienischen und sicheren Handhabung von Fl\u00fcssigkeiten zeigen unsere Erfolgsgeschichten, wie Unternehmen ihre Arbeitsabl\u00e4ufe verbessert, Ausfallzeiten reduziert und h\u00f6chste Qualit\u00e4tsstandards eingehalten haben.<\/span><a  href=\"#case\" class=\"btn pofo-button-1 section-link button-style9  btn-link text-extra-dark-gray text-deep-pink-hover  btn-medium \"  style=\"color:#43c7e7; \">Entdecken<\/a><\/div><\/div><\/div><\/section><div class=\"vc_row-full-width vc_clearfix\"><\/div><section id=\"case\" class=\"vc_row wpb_row vc_row-fluid  vc_custom_1742304155447 wow fadeIn vc_row-has-fill pofo-row-responsive-69dc4af46551b\"><div class=\"wpb_column vc_column_container  col-xs-mobile-fullwidth pofo-column-responsive-69dc4af4655c5\"><div class=\"vc_column-inner vc_custom_1742304681501\"><div class=\"wpb_wrapper\"><ul class=\"portfolio-grid hover-option6 work-3col gutter-medium portfolio-style-6 pofo-portfolio-layout-1\" data-uniqueid=\"pofo-portfolio-layout-1\"><li class=\"grid-sizer\"><\/li><li class=\"grid-item portfolio-filter-136-pofo-portfolio-layout-1 \"><div class=\"pofo-rich-snippet display-none post-30611 portfolio type-portfolio status-publish format-standard has-post-thumbnail hentry portfolio-category-cases-de\"><div class=\"pofo-rich-snippet display-none\"><span class=\"entry-title\">\u00d6lumf\u00fcllpumpe f\u00fcr Natives Oliven\u00f6l extra<\/span><span class=\"author vcard\"><a class=\"url fn n\" href=\"https:\/\/sani.debem.com\/de\/author\/debem\/\">debem<\/a><\/span><span class=\"published\">30. Januar 2026<\/span><time class=\"updated\" datetime=\"2026-01-30T11:17:30+00:00\">30. Januar 2026<\/time><\/div><\/div><figure><div class=\"portfolio-img bg-deep-pink position-relative text-center overflow-hidden pofo-portfolio-page-background\"><img loading=\"lazy\" decoding=\"async\" class=\"skip-lazy\" src=\"https:\/\/sani.debem.com\/wp-content\/uploads\/2026\/01\/Copertine_Case_13.jpg\" width=\"800\" height=\"800\" alt=\"\" srcset=\"https:\/\/sani.debem.com\/wp-content\/uploads\/2026\/01\/Copertine_Case_13.jpg 800w, https:\/\/sani.debem.com\/wp-content\/uploads\/2026\/01\/Copertine_Case_13-300x300.jpg 300w, https:\/\/sani.debem.com\/wp-content\/uploads\/2026\/01\/Copertine_Case_13-150x150.jpg 150w, https:\/\/sani.debem.com\/wp-content\/uploads\/2026\/01\/Copertine_Case_13-768x768.jpg 768w, https:\/\/sani.debem.com\/wp-content\/uploads\/2026\/01\/Copertine_Case_13-771x771.jpg 771w, https:\/\/sani.debem.com\/wp-content\/uploads\/2026\/01\/Copertine_Case_13-120x120.jpg 120w, https:\/\/sani.debem.com\/wp-content\/uploads\/2026\/01\/Copertine_Case_13-81x81.jpg 81w\" sizes=\"auto, (max-width: 800px) 100vw, 800px\"><div class=\"portfolio-icon\"><a class=\"text-center\" href=\"https:\/\/sani.debem.com\/de\/app\/oelumfuellpumpe-fuer-natives-olivenoel-extra\/\" target=\"_self\"><i class=\"fas fa-link text-extra-dark-gray\" aria-hidden=\"true\"><\/i><\/a><\/div><\/div><figcaption><div class=\"text-center portfolio-hover-main\"><div class=\"vertical-align-middle portfolio-hover-box\"><div class=\"portfolio-hover-content position-relative\"><span class=\"display-block\"><a class=\"line-height-normal font-weight-600 text-small alt-font margin-5px-bottom text-extra-dark-gray text-uppercase\" style=\"font-size: 14px; line-height: 20px;\" data-fontsize=\"14px\" data-lineheight=\"20px\" href=\"https:\/\/sani.debem.com\/de\/app\/oelumfuellpumpe-fuer-natives-olivenoel-extra\/\" target=\"_self\">\u00d6lumf\u00fcllpumpe f\u00fcr Natives Oliven\u00f6l extra<\/a><\/span><p class=\"text-medium-gray text-extra-small no-margin-bottom text-uppercase\" style=\"font-size: 13px; line-height: 26px; font-weight: 600; color: #43c7e7;\" data-fontsize=\"13px\" data-lineheight=\"26px\">AISIBOXER 01<\/p><\/div><\/div><\/div><\/figcaption><\/figure><\/li><li class=\"grid-item portfolio-filter-136-pofo-portfolio-layout-1 \"><div class=\"pofo-rich-snippet display-none post-30483 portfolio type-portfolio status-publish format-standard has-post-thumbnail hentry portfolio-category-cases-de\"><div class=\"pofo-rich-snippet display-none\"><span class=\"entry-title\">Pumpe f\u00fcr Gele und Kosmetikprodukte<\/span><span class=\"author vcard\"><a class=\"url fn n\" href=\"https:\/\/sani.debem.com\/de\/author\/debem\/\">debem<\/a><\/span><span class=\"published\">25. November 2025<\/span><time class=\"updated\" datetime=\"2025-11-25T15:20:44+00:00\">25. November 2025<\/time><\/div><\/div><figure><div class=\"portfolio-img bg-deep-pink position-relative text-center overflow-hidden pofo-portfolio-page-background\"><img loading=\"lazy\" decoding=\"async\" class=\"skip-lazy\" src=\"https:\/\/sani.debem.com\/wp-content\/uploads\/2025\/11\/Copertine_Case_11-1.jpg\" width=\"800\" height=\"800\" alt=\"\" srcset=\"https:\/\/sani.debem.com\/wp-content\/uploads\/2025\/11\/Copertine_Case_11-1.jpg 800w, https:\/\/sani.debem.com\/wp-content\/uploads\/2025\/11\/Copertine_Case_11-1-300x300.jpg 300w, https:\/\/sani.debem.com\/wp-content\/uploads\/2025\/11\/Copertine_Case_11-1-150x150.jpg 150w, https:\/\/sani.debem.com\/wp-content\/uploads\/2025\/11\/Copertine_Case_11-1-768x768.jpg 768w, https:\/\/sani.debem.com\/wp-content\/uploads\/2025\/11\/Copertine_Case_11-1-771x771.jpg 771w, https:\/\/sani.debem.com\/wp-content\/uploads\/2025\/11\/Copertine_Case_11-1-120x120.jpg 120w, https:\/\/sani.debem.com\/wp-content\/uploads\/2025\/11\/Copertine_Case_11-1-81x81.jpg 81w\" sizes=\"auto, (max-width: 800px) 100vw, 800px\"><div class=\"portfolio-icon\"><a class=\"text-center\" href=\"https:\/\/sani.debem.com\/de\/app\/pumpe-fuer-gele-und-kosmetikprodukte\/\" target=\"_self\"><i class=\"fas fa-link text-extra-dark-gray\" aria-hidden=\"true\"><\/i><\/a><\/div><\/div><figcaption><div class=\"text-center portfolio-hover-main\"><div class=\"vertical-align-middle portfolio-hover-box\"><div class=\"portfolio-hover-content position-relative\"><span class=\"display-block\"><a class=\"line-height-normal font-weight-600 text-small alt-font margin-5px-bottom text-extra-dark-gray text-uppercase\" style=\"font-size: 14px; line-height: 20px;\" data-fontsize=\"14px\" data-lineheight=\"20px\" href=\"https:\/\/sani.debem.com\/de\/app\/pumpe-fuer-gele-und-kosmetikprodukte\/\" target=\"_self\">Pumpe f\u00fcr Gele und Kosmetikprodukte<\/a><\/span><p class=\"text-medium-gray text-extra-small no-margin-bottom text-uppercase\" style=\"font-size: 13px; line-height: 26px; font-weight: 600; color: #43c7e7;\" data-fontsize=\"13px\" data-lineheight=\"26px\">AISIBOXER 03<\/p><\/div><\/div><\/div><\/figcaption><\/figure><\/li><li class=\"grid-item portfolio-filter-136-pofo-portfolio-layout-1 \"><div class=\"pofo-rich-snippet display-none post-30124 portfolio type-portfolio status-publish format-standard has-post-thumbnail hentry portfolio-category-cases-de\"><div class=\"pofo-rich-snippet display-none\"><span class=\"entry-title\">Alkoholpumpe f\u00fcr Destillate<\/span><span class=\"author vcard\"><a class=\"url fn n\" href=\"https:\/\/sani.debem.com\/de\/author\/debem\/\">debem<\/a><\/span><span class=\"published\">25. September 2025<\/span><time class=\"updated\" datetime=\"2025-09-25T06:30:34+00:00\">25. September 2025<\/time><\/div><\/div><figure><div class=\"portfolio-img bg-deep-pink position-relative text-center overflow-hidden pofo-portfolio-page-background\"><img loading=\"lazy\" decoding=\"async\" class=\"skip-lazy\" src=\"https:\/\/sani.debem.com\/wp-content\/uploads\/2025\/08\/Copertine_Case_9.jpg\" width=\"800\" height=\"800\" alt=\"\" srcset=\"https:\/\/sani.debem.com\/wp-content\/uploads\/2025\/08\/Copertine_Case_9.jpg 800w, https:\/\/sani.debem.com\/wp-content\/uploads\/2025\/08\/Copertine_Case_9-300x300.jpg 300w, https:\/\/sani.debem.com\/wp-content\/uploads\/2025\/08\/Copertine_Case_9-150x150.jpg 150w, https:\/\/sani.debem.com\/wp-content\/uploads\/2025\/08\/Copertine_Case_9-768x768.jpg 768w, https:\/\/sani.debem.com\/wp-content\/uploads\/2025\/08\/Copertine_Case_9-771x771.jpg 771w, https:\/\/sani.debem.com\/wp-content\/uploads\/2025\/08\/Copertine_Case_9-120x120.jpg 120w, https:\/\/sani.debem.com\/wp-content\/uploads\/2025\/08\/Copertine_Case_9-81x81.jpg 81w\" sizes=\"auto, (max-width: 800px) 100vw, 800px\"><div class=\"portfolio-icon\"><a class=\"text-center\" href=\"https:\/\/sani.debem.com\/de\/app\/alkoholpumpe-fuer-destillate\/\" target=\"_self\"><i class=\"fas fa-link text-extra-dark-gray\" aria-hidden=\"true\"><\/i><\/a><\/div><\/div><figcaption><div class=\"text-center portfolio-hover-main\"><div class=\"vertical-align-middle portfolio-hover-box\"><div class=\"portfolio-hover-content position-relative\"><span class=\"display-block\"><a class=\"line-height-normal font-weight-600 text-small alt-font margin-5px-bottom text-extra-dark-gray text-uppercase\" style=\"font-size: 14px; line-height: 20px;\" data-fontsize=\"14px\" data-lineheight=\"20px\" href=\"https:\/\/sani.debem.com\/de\/app\/alkoholpumpe-fuer-destillate\/\" target=\"_self\">Alkoholpumpe f\u00fcr Destillate<\/a><\/span><p class=\"text-medium-gray text-extra-small no-margin-bottom text-uppercase\" style=\"font-size: 13px; line-height: 26px; font-weight: 600; color: #43c7e7;\" data-fontsize=\"13px\" data-lineheight=\"26px\">AISIBOXER 01<\/p><\/div><\/div><\/div><\/figcaption><\/figure><\/li><li class=\"grid-item portfolio-filter-136-pofo-portfolio-layout-1 \"><div class=\"pofo-rich-snippet display-none post-30040 portfolio type-portfolio status-publish format-standard has-post-thumbnail hentry portfolio-category-cases-de\"><div class=\"pofo-rich-snippet display-none\"><span class=\"entry-title\">Pumpe f\u00fcr Pfannkuchenteig<\/span><span class=\"author vcard\"><a class=\"url fn n\" href=\"https:\/\/sani.debem.com\/de\/author\/debem\/\">debem<\/a><\/span><span class=\"published\">16. Juli 2025<\/span><time class=\"updated\" datetime=\"2025-07-16T14:32:31+00:00\">16. Juli 2025<\/time><\/div><\/div><figure><div class=\"portfolio-img bg-deep-pink position-relative text-center overflow-hidden pofo-portfolio-page-background\"><img loading=\"lazy\" decoding=\"async\" class=\"skip-lazy\" src=\"https:\/\/sani.debem.com\/wp-content\/uploads\/2025\/06\/Copertine_Case_7.jpg\" width=\"800\" height=\"800\" alt=\"\" srcset=\"https:\/\/sani.debem.com\/wp-content\/uploads\/2025\/06\/Copertine_Case_7.jpg 800w, https:\/\/sani.debem.com\/wp-content\/uploads\/2025\/06\/Copertine_Case_7-300x300.jpg 300w, https:\/\/sani.debem.com\/wp-content\/uploads\/2025\/06\/Copertine_Case_7-150x150.jpg 150w, https:\/\/sani.debem.com\/wp-content\/uploads\/2025\/06\/Copertine_Case_7-768x768.jpg 768w, https:\/\/sani.debem.com\/wp-content\/uploads\/2025\/06\/Copertine_Case_7-771x771.jpg 771w, https:\/\/sani.debem.com\/wp-content\/uploads\/2025\/06\/Copertine_Case_7-120x120.jpg 120w, https:\/\/sani.debem.com\/wp-content\/uploads\/2025\/06\/Copertine_Case_7-81x81.jpg 81w\" sizes=\"auto, (max-width: 800px) 100vw, 800px\"><div class=\"portfolio-icon\"><a class=\"text-center\" href=\"https:\/\/sani.debem.com\/de\/app\/pumpe-fuer-pfannkuchenteig\/\" target=\"_self\"><i class=\"fas fa-link text-extra-dark-gray\" aria-hidden=\"true\"><\/i><\/a><\/div><\/div><figcaption><div class=\"text-center portfolio-hover-main\"><div class=\"vertical-align-middle portfolio-hover-box\"><div class=\"portfolio-hover-content position-relative\"><span class=\"display-block\"><a class=\"line-height-normal font-weight-600 text-small alt-font margin-5px-bottom text-extra-dark-gray text-uppercase\" style=\"font-size: 14px; line-height: 20px;\" data-fontsize=\"14px\" data-lineheight=\"20px\" href=\"https:\/\/sani.debem.com\/de\/app\/pumpe-fuer-pfannkuchenteig\/\" target=\"_self\">Pumpe f\u00fcr Pfannkuchenteig<\/a><\/span><p class=\"text-medium-gray text-extra-small no-margin-bottom text-uppercase\" style=\"font-size: 13px; line-height: 26px; font-weight: 600; color: #43c7e7;\" data-fontsize=\"13px\" data-lineheight=\"26px\">AISIBOXER 02<\/p><\/div><\/div><\/div><\/figcaption><\/figure><\/li><li class=\"grid-item portfolio-filter-136-pofo-portfolio-layout-1 \"><div class=\"pofo-rich-snippet display-none post-29922 portfolio type-portfolio status-publish format-standard has-post-thumbnail hentry portfolio-category-cases-de\"><div class=\"pofo-rich-snippet display-none\"><span class=\"entry-title\">Pumpe f\u00fcr Saucen und Pesto alla Genovese<\/span><span class=\"author vcard\"><a class=\"url fn n\" href=\"https:\/\/sani.debem.com\/de\/author\/debem\/\">debem<\/a><\/span><span class=\"published\">30. Mai 2025<\/span><time class=\"updated\" datetime=\"2025-05-30T11:53:02+00:00\">30. Mai 2025<\/time><\/div><\/div><figure><div class=\"portfolio-img bg-deep-pink position-relative text-center overflow-hidden pofo-portfolio-page-background\"><img loading=\"lazy\" decoding=\"async\" class=\"skip-lazy\" src=\"https:\/\/sani.debem.com\/wp-content\/uploads\/2025\/05\/Copertine_Case_5.jpg\" width=\"800\" height=\"800\" alt=\"\" srcset=\"https:\/\/sani.debem.com\/wp-content\/uploads\/2025\/05\/Copertine_Case_5.jpg 800w, https:\/\/sani.debem.com\/wp-content\/uploads\/2025\/05\/Copertine_Case_5-300x300.jpg 300w, https:\/\/sani.debem.com\/wp-content\/uploads\/2025\/05\/Copertine_Case_5-150x150.jpg 150w, https:\/\/sani.debem.com\/wp-content\/uploads\/2025\/05\/Copertine_Case_5-768x768.jpg 768w, https:\/\/sani.debem.com\/wp-content\/uploads\/2025\/05\/Copertine_Case_5-771x771.jpg 771w, https:\/\/sani.debem.com\/wp-content\/uploads\/2025\/05\/Copertine_Case_5-120x120.jpg 120w, https:\/\/sani.debem.com\/wp-content\/uploads\/2025\/05\/Copertine_Case_5-81x81.jpg 81w\" sizes=\"auto, (max-width: 800px) 100vw, 800px\"><div class=\"portfolio-icon\"><a class=\"text-center\" href=\"https:\/\/sani.debem.com\/de\/app\/pumpe-fuer-saucen-und-pesto-alla-genovese\/\" target=\"_self\"><i class=\"fas fa-link text-extra-dark-gray\" aria-hidden=\"true\"><\/i><\/a><\/div><\/div><figcaption><div class=\"text-center portfolio-hover-main\"><div class=\"vertical-align-middle portfolio-hover-box\"><div class=\"portfolio-hover-content position-relative\"><span class=\"display-block\"><a class=\"line-height-normal font-weight-600 text-small alt-font margin-5px-bottom text-extra-dark-gray text-uppercase\" style=\"font-size: 14px; line-height: 20px;\" data-fontsize=\"14px\" data-lineheight=\"20px\" href=\"https:\/\/sani.debem.com\/de\/app\/pumpe-fuer-saucen-und-pesto-alla-genovese\/\" target=\"_self\">Pumpe f\u00fcr Saucen und Pesto alla Genovese<\/a><\/span><p class=\"text-medium-gray text-extra-small no-margin-bottom text-uppercase\" style=\"font-size: 13px; line-height: 26px; font-weight: 600; color: #43c7e7;\" data-fontsize=\"13px\" data-lineheight=\"26px\">AISIBOXER 03<\/p><\/div><\/div><\/div><\/figcaption><\/figure><\/li><li class=\"grid-item portfolio-filter-136-pofo-portfolio-layout-1 \"><div class=\"pofo-rich-snippet display-none post-29362 portfolio type-portfolio status-publish format-standard has-post-thumbnail hentry portfolio-category-cases-de\"><div class=\"pofo-rich-snippet display-none\"><span class=\"entry-title\">Pumpe f\u00fcr die Milchindustrie<\/span><span class=\"author vcard\"><a class=\"url fn n\" href=\"https:\/\/sani.debem.com\/de\/author\/debem\/\">debem<\/a><\/span><span class=\"published\">18. M\u00e4rz 2025<\/span><time class=\"updated\" datetime=\"2025-03-18T12:54:44+00:00\">18. M\u00e4rz 2025<\/time><\/div><\/div><figure><div class=\"portfolio-img bg-deep-pink position-relative text-center overflow-hidden pofo-portfolio-page-background\"><img loading=\"lazy\" decoding=\"async\" class=\"skip-lazy\" src=\"https:\/\/sani.debem.com\/wp-content\/uploads\/2025\/03\/Copertine_Case_3.jpg\" width=\"800\" height=\"800\" alt=\"\" srcset=\"https:\/\/sani.debem.com\/wp-content\/uploads\/2025\/03\/Copertine_Case_3.jpg 800w, https:\/\/sani.debem.com\/wp-content\/uploads\/2025\/03\/Copertine_Case_3-300x300.jpg 300w, https:\/\/sani.debem.com\/wp-content\/uploads\/2025\/03\/Copertine_Case_3-150x150.jpg 150w, https:\/\/sani.debem.com\/wp-content\/uploads\/2025\/03\/Copertine_Case_3-768x768.jpg 768w, https:\/\/sani.debem.com\/wp-content\/uploads\/2025\/03\/Copertine_Case_3-771x771.jpg 771w, https:\/\/sani.debem.com\/wp-content\/uploads\/2025\/03\/Copertine_Case_3-120x120.jpg 120w, https:\/\/sani.debem.com\/wp-content\/uploads\/2025\/03\/Copertine_Case_3-81x81.jpg 81w\" sizes=\"auto, (max-width: 800px) 100vw, 800px\"><div class=\"portfolio-icon\"><a class=\"text-center\" href=\"https:\/\/sani.debem.com\/de\/app\/aisiboxer-02\/\" target=\"_self\"><i class=\"fas fa-link text-extra-dark-gray\" aria-hidden=\"true\"><\/i><\/a><\/div><\/div><figcaption><div class=\"text-center portfolio-hover-main\"><div class=\"vertical-align-middle portfolio-hover-box\"><div class=\"portfolio-hover-content position-relative\"><span class=\"display-block\"><a class=\"line-height-normal font-weight-600 text-small alt-font margin-5px-bottom text-extra-dark-gray text-uppercase\" style=\"font-size: 14px; line-height: 20px;\" data-fontsize=\"14px\" data-lineheight=\"20px\" href=\"https:\/\/sani.debem.com\/de\/app\/aisiboxer-02\/\" target=\"_self\">Pumpe f\u00fcr die Milchindustrie<\/a><\/span><p class=\"text-medium-gray text-extra-small no-margin-bottom text-uppercase\" style=\"font-size: 13px; line-height: 26px; font-weight: 600; color: #43c7e7;\" data-fontsize=\"13px\" data-lineheight=\"26px\">AISIBOXER 02<\/p><\/div><\/div><\/div><\/figcaption><\/figure><\/li><li class=\"grid-item portfolio-filter-136-pofo-portfolio-layout-1 \"><div class=\"pofo-rich-snippet display-none post-29186 portfolio type-portfolio status-publish format-standard has-post-thumbnail hentry portfolio-category-cases-de\"><div class=\"pofo-rich-snippet display-none\"><span class=\"entry-title\">Pumpe f\u00fcr die glutenfreie Pizzaindustrie<\/span><span class=\"author vcard\"><a class=\"url fn n\" href=\"https:\/\/sani.debem.com\/de\/author\/debem\/\">debem<\/a><\/span><span class=\"published\">13. Februar 2025<\/span><time class=\"updated\" datetime=\"2025-02-13T15:31:00+00:00\">13. Februar 2025<\/time><\/div><\/div><figure><div class=\"portfolio-img bg-deep-pink position-relative text-center overflow-hidden pofo-portfolio-page-background\"><img loading=\"lazy\" decoding=\"async\" class=\"skip-lazy\" src=\"https:\/\/sani.debem.com\/wp-content\/uploads\/2025\/03\/Copertine_Case_1.jpg\" width=\"800\" height=\"800\" alt=\"\" srcset=\"https:\/\/sani.debem.com\/wp-content\/uploads\/2025\/03\/Copertine_Case_1.jpg 800w, https:\/\/sani.debem.com\/wp-content\/uploads\/2025\/03\/Copertine_Case_1-300x300.jpg 300w, https:\/\/sani.debem.com\/wp-content\/uploads\/2025\/03\/Copertine_Case_1-150x150.jpg 150w, https:\/\/sani.debem.com\/wp-content\/uploads\/2025\/03\/Copertine_Case_1-768x768.jpg 768w, https:\/\/sani.debem.com\/wp-content\/uploads\/2025\/03\/Copertine_Case_1-771x771.jpg 771w, https:\/\/sani.debem.com\/wp-content\/uploads\/2025\/03\/Copertine_Case_1-120x120.jpg 120w, https:\/\/sani.debem.com\/wp-content\/uploads\/2025\/03\/Copertine_Case_1-81x81.jpg 81w\" sizes=\"auto, (max-width: 800px) 100vw, 800px\"><div class=\"portfolio-icon\"><a class=\"text-center\" href=\"https:\/\/sani.debem.com\/de\/app\/aisiboxer-01-ab001aadwaawcc\/\" target=\"_self\"><i class=\"fas fa-link text-extra-dark-gray\" aria-hidden=\"true\"><\/i><\/a><\/div><\/div><figcaption><div class=\"text-center portfolio-hover-main\"><div class=\"vertical-align-middle portfolio-hover-box\"><div class=\"portfolio-hover-content position-relative\"><span class=\"display-block\"><a class=\"line-height-normal font-weight-600 text-small alt-font margin-5px-bottom text-extra-dark-gray text-uppercase\" style=\"font-size: 14px; line-height: 20px;\" data-fontsize=\"14px\" data-lineheight=\"20px\" href=\"https:\/\/sani.debem.com\/de\/app\/aisiboxer-01-ab001aadwaawcc\/\" target=\"_self\">Pumpe f\u00fcr die glutenfreie Pizzaindustrie<\/a><\/span><p class=\"text-medium-gray text-extra-small no-margin-bottom text-uppercase\" style=\"font-size: 13px; line-height: 26px; font-weight: 600; color: #43c7e7;\" data-fontsize=\"13px\" data-lineheight=\"26px\">AISIBOXER 01<\/p><\/div><\/div><\/div><\/figcaption><\/figure><\/li><\/ul><\/div><\/div><\/div><\/section><section data-vc-full-width=\"true\" data-vc-full-width-init=\"false\" data-vc-stretch-content=\"true\" class=\"vc_row wpb_row vc_row-fluid  vc_custom_1739264258190 pofo-stretch-content vc_row-no-padding\"><div class=\"wpb_column vc_column_container vc_col-sm-12  col-xs-mobile-fullwidth\"><div class=\"vc_column-inner vc_custom_1739264209753\"><div class=\"wpb_wrapper\"><video autoplay muted loop playsinline class=\"pofo-html5-video\"><source type=\"video\/mp4\" src=\"https:\/\/sani.debem.com\/wp-content\/uploads\/2025\/03\/LogoReveal_1920x1080_Background.mp4\"><\/video><\/div><\/div><\/div><\/section><div class=\"vc_row-full-width vc_clearfix\"><\/div><section data-vc-full-width=\"true\" data-vc-full-width-init=\"false\" class=\"vc_row wpb_row vc_row-fluid  vc_custom_1638461520204 cover-background wow fadeIn vc_row-has-fill pofo-stretch-content pofo-stretch-row-container pofo-row-responsive-69dc4af469e20\"><div class=\"wpb_column vc_column_container vc_col-sm-12 vc_col-md-12 col-xs-mobile-fullwidth text-center\"><div class=\"vc_column-inner \"><div class=\"wpb_wrapper\"><span class=\"text-extra-large margin-25px-bottom vertical-align-middle sm-width-100 display-inline-block alt-font heading-style3  vc_custom_1742492356605 pofo-button-responsive-69dc4af469f41  heading-4\"  style=\"color: #ffffff;\">M\u00f6chten Sie mehr erfahren? Z\u00f6gern Sie nicht, uns zu kontaktieren.<\/span><a  href=\"https:\/\/sani.debem.com\/de\/kontakte\/\" target=\"_self\" class=\"btn pofo-button-2 button-style2  btn-white  btn-medium   vc_custom_1742492367258 pofo-button-responsive-69dc4af469f78\"  style=\"color:#0069a5; \">KONTAKTIERE UNS<\/a><\/div><\/div><\/div><\/section><div class=\"vc_row-full-width vc_clearfix\"><\/div>\n","protected":false},"excerpt":{"rendered":"[vc_single_image image=\"29101\" img_size=\"full\" el_class=\"margin-five-bottom\" css=\".vc_custom_1738918542361{margin-bottom: 30px !important;}\"]Optimierung im ProduktionsprozessAISIBOXER-01 \/ Pumpe f\u00fcr die glutenfreie PizzaindustrieEin f\u00fchrender italienischer Hersteller von glutenfreien Tiefk\u00fchlpizzas hat seine Betriebseffizienz durch die Integration einer AISIBOXER-01 Pumpe von Debem zum Umf\u00fcllen von Tomatensauce verbessert. Dank ihrer F\u00e4higkeit, einen kontinuierlichen Druckfluss zu gew\u00e4hrleisten und die MOCA-Anforderungen zu erf\u00fcllen, ersetzte die Pumpe ein veraltetes System. Dadurch wurden Ausfallzeiten reduziert, die Produktsicherheit verbessert und die allgemeine Produktionszuverl\u00e4ssigkeit erh\u00f6ht.ENTDECKENZUSAMMENFASSUNGUnternehmensprofilDas Unternehmen ist im Bereich der gluten- und laktosefreien Tiefk\u00fchlpizzen t\u00e4tig und hat sich auf Fertiggerichte f\u00fcr Verbraucher mit Z\u00f6liakie und Laktoseintoleranz spezialisiert. Als drittgr\u00f6\u00dfter italienischer Hersteller in diesem Marktsegment spielt das Unternehmen eine Schl\u00fcsselrolle bei der Befriedigung der weltweit wachsenden Nachfrage nach allergenfreien Lebensmitteln. Mit einem starken Fokus auf Innovation und Lebensmittelsicherheit bedient das Unternehmen sowohl den nationalen als auch den internationalen Markt in \u00dcbereinstimmung mit den geltenden Vorschriften. KUNDEDrittgr\u00f6\u00dfter italienischer HerstellerINDUSTRIEGlutenfreie Tiefk\u00fchlkost-IndustrieL\u00d6SUNGAISIBOXER 1MODELLAB001AADWAAWCC--R0 mit Staffelei[vc_single_image image=\"29232\" img_size=\"full\"]AnwendungAnwendung der Pumpe AISIBOXER-01Die AISIBOXER-01 tr\u00e4gt zur Optimierung von zwei wesentlichen Phasen des Produktionsprozesses bei: Umf\u00fcllen von Tomatenso\u00dfe: Die Pumpe saugt die So\u00dfe aus einem Edelstahlbeh\u00e4lter an und f\u00f6rdert sie in einen Einf\u00fclltrichter. So wird ein gleichm\u00e4\u00dfiger Fluss gew\u00e4hrleistet. Diese Kontinuit\u00e4t ist f\u00fcr die Aufrechterhaltung der Produktqualit\u00e4t und zur Vermeidung von Produktionsunterbrechungen unerl\u00e4sslich.Flexibles Produkthandling: Die...","protected":false},"author":1,"featured_media":0,"parent":0,"menu_order":0,"comment_status":"closed","ping_status":"closed","template":"","meta":{"footnotes":""},"class_list":["post-29536","page","type-page","status-publish","hentry"],"aioseo_notices":[],"_links":{"self":[{"href":"https:\/\/sani.debem.com\/de\/wp-json\/wp\/v2\/pages\/29536","targetHints":{"allow":["GET"]}}],"collection":[{"href":"https:\/\/sani.debem.com\/de\/wp-json\/wp\/v2\/pages"}],"about":[{"href":"https:\/\/sani.debem.com\/de\/wp-json\/wp\/v2\/types\/page"}],"author":[{"embeddable":true,"href":"https:\/\/sani.debem.com\/de\/wp-json\/wp\/v2\/users\/1"}],"replies":[{"embeddable":true,"href":"https:\/\/sani.debem.com\/de\/wp-json\/wp\/v2\/comments?post=29536"}],"version-history":[{"count":6,"href":"https:\/\/sani.debem.com\/de\/wp-json\/wp\/v2\/pages\/29536\/revisions"}],"predecessor-version":[{"id":29942,"href":"https:\/\/sani.debem.com\/de\/wp-json\/wp\/v2\/pages\/29536\/revisions\/29942"}],"wp:attachment":[{"href":"https:\/\/sani.debem.com\/de\/wp-json\/wp\/v2\/media?parent=29536"}],"curies":[{"name":"wp","href":"https:\/\/api.w.org\/{rel}","templated":true}]}}