{"id":27024,"date":"2022-07-21T11:02:25","date_gmt":"2022-07-21T11:02:25","guid":{"rendered":"https:\/\/sani.debem.com\/?page_id=27024"},"modified":"2022-07-21T11:02:25","modified_gmt":"2022-07-21T11:02:25","slug":"anfrage-erhalten","status":"publish","type":"page","link":"https:\/\/sani.debem.com\/de\/anfrage-erhalten\/","title":{"rendered":"Anfrage erhalten"},"content":{"rendered":"<section class=\"vc_row wpb_row vc_row-fluid  vc_custom_1642418633132 wow fadeIn vc_row-has-fill pofo-row-responsive-69f339b757fad\"><div class=\"wpb_column vc_column_container  col-xs-mobile-fullwidth\"><div class=\"vc_column-inner \"><div class=\"wpb_wrapper\">[vc_raw_html el_class=&#8220;sgBreadcrumb&#8220;]JTVCYWlvc2VvX2JyZWFkY3J1bWJzJTVE[\/vc_raw_html]<div class=\"vc_row wpb_row vc_inner vc_row-fluid  vc_custom_1650548070209 pofo-inner-row-responsive-69f339b75813a\"><div class=\"wpb_column vc_column_container vc_col-lg-3 vc_col-md-3 vc_hidden-sm col-xs-mobile-fullwidth\"><div class=\"vc_column-inner \"><div class=\"wpb_wrapper\"><\/div><\/div><\/div><div class=\"wpb_column vc_column_container vc_col-lg-6 vc_col-md-6 col-xs-mobile-fullwidth text-center md-text-center sm-text-left xs-text-left\"><div class=\"vc_column-inner \"><div class=\"wpb_wrapper\"><span class=\"text-extra-dark-gray margin-20px-bottom font-weight-600 display-inline-block alt-font text-uppercase heading-style2  vc_custom_1658401301645  heading-1\"  style=\"font-size: 15px; line-height: 22px; font-weight: 400; color: #0069a5;\" data-fontsize=\"15px\" data-lineheight=\"22px\">ANFRAGE ERHALTEN<\/span><h1 class=\"text-extra-dark-gray margin-20px-bottom font-weight-600 display-inline-block alt-font  pofo_font_1658401313565 heading-style2  heading-2\"  style=\"font-size: 36px; line-height: 40px; font-weight: 500;\" data-fontsize=\"36px\" data-lineheight=\"40px\">Vielen Dank f\u00fcr Ihre Anfrage<\/h1><div class=\"text-medium line-height-28  vc_custom_1658401322555 last-paragraph-no-margin pofo-text-block-responsive-69f339b75835e\" style=\"width: 100%;\"><p>Ihre Anfrage wurde empfangen. Unser Team wird Ihre Anfrage so schnell wie m\u00f6glich beantworten.<\/p>\n<\/div><a  href=\"\/de\/\" target=\"_self\" class=\"btn pofo-button-1 button-style1  btn-dark-gray  btn-small   vc_custom_1658401343285\"  style=\"color:#ffffff;  border-color:#0069a5; \">ZUR\u00dcCK ZUR STARTSEITE<\/a><\/div><\/div><\/div><div class=\"wpb_column vc_column_container vc_col-lg-3 vc_col-md-3 vc_hidden-sm col-xs-mobile-fullwidth\"><div class=\"vc_column-inner \"><div class=\"wpb_wrapper\"><\/div><\/div><\/div><\/div><\/div><\/div><\/div><\/section>\n","protected":false},"excerpt":{"rendered":"[vc_raw_html el_class=\"sgBreadcrumb\"]JTVCYWlvc2VvX2JyZWFkY3J1bWJzJTVE[\/vc_raw_html]ANFRAGE ERHALTENVielen Dank f\u00fcr Ihre AnfrageIhre Anfrage wurde empfangen. Unser Team wird Ihre Anfrage so schnell wie m\u00f6glich beantworten. ZUR\u00dcCK ZUR STARTSEITE","protected":false},"author":1,"featured_media":0,"parent":0,"menu_order":0,"comment_status":"closed","ping_status":"closed","template":"","meta":{"footnotes":""},"class_list":["post-27024","page","type-page","status-publish","hentry"],"aioseo_notices":[],"_links":{"self":[{"href":"https:\/\/sani.debem.com\/de\/wp-json\/wp\/v2\/pages\/27024","targetHints":{"allow":["GET"]}}],"collection":[{"href":"https:\/\/sani.debem.com\/de\/wp-json\/wp\/v2\/pages"}],"about":[{"href":"https:\/\/sani.debem.com\/de\/wp-json\/wp\/v2\/types\/page"}],"author":[{"embeddable":true,"href":"https:\/\/sani.debem.com\/de\/wp-json\/wp\/v2\/users\/1"}],"replies":[{"embeddable":true,"href":"https:\/\/sani.debem.com\/de\/wp-json\/wp\/v2\/comments?post=27024"}],"version-history":[{"count":1,"href":"https:\/\/sani.debem.com\/de\/wp-json\/wp\/v2\/pages\/27024\/revisions"}],"predecessor-version":[{"id":27025,"href":"https:\/\/sani.debem.com\/de\/wp-json\/wp\/v2\/pages\/27024\/revisions\/27025"}],"wp:attachment":[{"href":"https:\/\/sani.debem.com\/de\/wp-json\/wp\/v2\/media?parent=27024"}],"curies":[{"name":"wp","href":"https:\/\/api.w.org\/{rel}","templated":true}]}}