{"id":26952,"date":"2022-07-21T10:31:24","date_gmt":"2022-07-21T10:31:24","guid":{"rendered":"https:\/\/sani.debem.com\/?page_id=26952"},"modified":"2024-07-26T09:20:05","modified_gmt":"2024-07-26T09:20:05","slug":"kontakte","status":"publish","type":"page","link":"https:\/\/sani.debem.com\/de\/kontakte\/","title":{"rendered":"Kontakte"},"content":{"rendered":"<section data-vc-full-width=\"true\" data-vc-full-width-init=\"false\" class=\"vc_row wpb_row vc_row-fluid  vc_custom_1639576765917 wow fadeIn vc_row-has-fill pofo-stretch-content pofo-stretch-row-container pofo-row-responsive-69de59b54224e\"><div class=\"wpb_column vc_column_container  col-xs-mobile-fullwidth\"><div class=\"vc_column-inner \"><div class=\"wpb_wrapper\">[vc_raw_html el_class=&#8220;sgBreadcrumb&#8220;]JTVCYWlvc2VvX2JyZWFkY3J1bWJzJTVE[\/vc_raw_html]<\/div><\/div><\/div><div class=\"wpb_column vc_column_container vc_col-sm-12 vc_col-md-6 col-xs-mobile-fullwidth wow fadeIn sm-text-left xs-text-left pofo-column-responsive-69de59b5423af\"><div class=\"vc_column-inner vc_custom_1639396186051\"><div class=\"wpb_wrapper\"><span class=\"text-extra-dark-gray margin-20px-bottom font-weight-600 display-block alt-font heading-style2  vc_custom_1658393184317  heading-1\"  style=\"font-size: 16px; line-height: 23px; font-weight: 500; color: #0069a5;\" data-fontsize=\"16px\" data-lineheight=\"23px\">KONTAKTE<\/span><h1 class=\"text-extra-dark-gray margin-20px-bottom font-weight-600 display-inline-block alt-font  pofo_font_1658393190391 heading-style2  heading-2\"  style=\"font-size: 36px; line-height: 40px; font-weight: 500;\" data-fontsize=\"36px\" data-lineheight=\"40px\">Kontaktieren Sie das Debem-Team<\/h1><div class=\"text-medium line-height-28  vc_custom_1658393198764 last-paragraph-no-margin\"><p>Das DEBEM-Team steht Ihnen f\u00fcr technische und kaufm\u00e4nnische Informationen zu den Produkten der Hygienic-Solutions-Linie jederzeit zur Verf\u00fcgung. Wenden Sie sich bitte an die untenstehenden Kontaktdaten oder f\u00fcllen Sie das Kontaktformular aus.<\/p>\n<\/div><div class=\"vc_row wpb_row vc_inner vc_row-fluid   vc_row-o-equal-height vc_row-flex\"><div class=\"wpb_column vc_column_container vc_col-sm-6 vc_col-xs-6 text-left md-text-left sm-text-left xs-text-left\"><div class=\"vc_column-inner vc_custom_1639398658152\"><div class=\"wpb_wrapper\"><div class=\"featurebox21 pofo-featurebox featurebox21-1\" ><div class=\"display-inline-block margin-25px-bottom sm-margin-15px-bottom xs-margin-10px-bottom\"><img decoding=\"async\" src=\"https:\/\/sani.debem.com\/wp-content\/uploads\/2021\/12\/Sede_blu.png\" alt=\"\" class=\"icon-image\" style=\"max-width: 60px;\"\/><\/div><span class=\"text-extra-dark-gray display-inline-block width-100 text-small font-weight-600 alt-font margin-5px-bottom\" style=\"font-size: 16px; font-weight: 500; color: #000000;\" data-fontsize=\"16px\">VERWALTUNGSSITZ<\/span><div class=\"xs-margin-10px-bottom center-col last-paragraph-no-margin\"><p>Bergfeldstrasse 1, 83607<br \/>\nHolzkirchen<\/p>\n<\/div><a class=\"pofo-info-link margin-15px-top xs-no-margin-top display-inline-block text-deep-pink text-small\" target=\"_blank\" href=\"https:\/\/www.google.com\/maps\/place\/Bergfeldstra%C3%9Fe+1,+83607+Holzkirchen,+Germany\/@47.892935,11.722272,16z\/data=!4m5!3m4!1s0x479dee65e8c4f131:0x17d96250dec43b1c!8m2!3d47.8929353!4d11.7222723?hl=en\">ANREISE<\/a><\/div><\/div><\/div><\/div><div class=\"wpb_column vc_column_container vc_col-sm-6 vc_col-xs-6\"><div class=\"vc_column-inner vc_custom_1639398665400\"><div class=\"wpb_wrapper\"><div class=\"featurebox21 pofo-featurebox featurebox21-2\" ><div class=\"display-inline-block margin-25px-bottom sm-margin-15px-bottom xs-margin-10px-bottom\"><img decoding=\"async\" src=\"https:\/\/sani.debem.com\/wp-content\/uploads\/2021\/12\/Mail_blu.png\" alt=\"\" class=\"icon-image\" style=\"max-width: 60px;\"\/><\/div><span class=\"text-extra-dark-gray display-inline-block width-100 text-small font-weight-600 alt-font margin-5px-bottom\" style=\"font-size: 16px; font-weight: 500; color: #000000;\" data-fontsize=\"16px\">EMAIL<\/span><div class=\"xs-margin-10px-bottom center-col last-paragraph-no-margin\"><p><a href=\"mailto:info@debem.de\">info@debem.de<\/a><\/p>\n<\/div><a class=\"pofo-info-link margin-15px-top xs-no-margin-top display-inline-block text-deep-pink text-small\" target=\"_blank\" href=\"mailto:info@debem.de\">SCHREIBEN SIE UNS<\/a><\/div><\/div><\/div><\/div><div class=\"wpb_column vc_column_container vc_col-sm-6 vc_col-xs-6\"><div class=\"vc_column-inner vc_custom_1639398671627\"><div class=\"wpb_wrapper\"><div class=\"featurebox21 pofo-featurebox featurebox21-3\" ><div class=\"display-inline-block margin-25px-bottom sm-margin-15px-bottom xs-margin-10px-bottom\"><img decoding=\"async\" src=\"https:\/\/sani.debem.com\/wp-content\/uploads\/2021\/12\/Chiamaci_blu.png\" alt=\"\" class=\"icon-image\" style=\"max-width: 60px;\"\/><\/div><span class=\"text-extra-dark-gray display-inline-block width-100 text-small font-weight-600 alt-font margin-5px-bottom\" style=\"font-size: 16px; font-weight: 500; color: #000000;\" data-fontsize=\"16px\">RUFEN SIE UNS AN<\/span><div class=\"xs-margin-10px-bottom center-col last-paragraph-no-margin\"><p>+ 49 08024 4602744<\/p>\n<\/div><a class=\"pofo-info-link margin-15px-top xs-no-margin-top display-inline-block text-deep-pink text-small\" target=\"_blank\" href=\"tel:0049080244602744\">CALL US<\/a><\/div><\/div><\/div><\/div><div class=\"wpb_column vc_column_container vc_col-sm-6 vc_hidden-lg vc_hidden-md vc_hidden-sm vc_col-xs-6 vc_hidden-xs\"><div class=\"vc_column-inner vc_custom_1721985575547\"><div class=\"wpb_wrapper\"><div class=\"featurebox21 pofo-featurebox featurebox21-4\" ><div class=\"display-inline-block margin-25px-bottom sm-margin-15px-bottom xs-margin-10px-bottom\"><img decoding=\"async\" src=\"https:\/\/sani.debem.com\/wp-content\/uploads\/2021\/12\/Fax_blu.png\" alt=\"\" class=\"icon-image\" style=\"max-width: 60px;\"\/><\/div><span class=\"text-extra-dark-gray display-inline-block width-100 text-small font-weight-600 alt-font margin-5px-bottom\" style=\"font-size: 16px; font-weight: 500; color: #000000;\" data-fontsize=\"16px\">FAX<\/span><div class=\"xs-margin-10px-bottom center-col last-paragraph-no-margin\"><p>+39 0331074036<\/p>\n<\/div><\/div><\/div><\/div><\/div><\/div><\/div><\/div><\/div><div class=\"wpb_column vc_column_container vc_col-has-fill vc_col-sm-12 vc_col-md-6 col-xs-mobile-fullwidth wow fadeIn pofo-column-responsive-69de59b543069\"><div class=\"vc_column-inner vc_custom_1639577192713\"><div class=\"wpb_wrapper\">\n<div class=\"wpcf7 no-js\" id=\"wpcf7-f26955-o1\" lang=\"de-DE\" dir=\"ltr\" data-wpcf7-id=\"26955\">\n<div class=\"screen-reader-response\"><p role=\"status\" aria-live=\"polite\" aria-atomic=\"true\"><\/p> <ul><\/ul><\/div>\n<form action=\"\/de\/wp-json\/wp\/v2\/pages\/26952#wpcf7-f26955-o1\" method=\"post\" class=\"wpcf7-form init\" aria-label=\"Kontaktformular\" novalidate=\"novalidate\" data-status=\"init\">\n<fieldset class=\"hidden-fields-container\"><input type=\"hidden\" name=\"_wpcf7\" value=\"26955\" \/><input type=\"hidden\" name=\"_wpcf7_version\" value=\"6.1.5\" \/><input type=\"hidden\" name=\"_wpcf7_locale\" value=\"de_DE\" \/><input type=\"hidden\" name=\"_wpcf7_unit_tag\" value=\"wpcf7-f26955-o1\" \/><input type=\"hidden\" name=\"_wpcf7_container_post\" value=\"0\" \/><input type=\"hidden\" name=\"_wpcf7_posted_data_hash\" value=\"\" \/><input type=\"hidden\" name=\"_wpcf7_recaptcha_response\" value=\"\" \/>\n<\/fieldset>\n<div class=\"text-white alt-font text-extra-large font-weight-600 margin-30px-bottom\">Senden sie uns eine anfrage<\/div>\n<div>\n    <span class=\"wpcf7-form-control-wrap\" data-name=\"nome\"><input size=\"40\" maxlength=\"400\" class=\"wpcf7-form-control wpcf7-text wpcf7-validates-as-required input-bg\" aria-required=\"true\" aria-invalid=\"false\" placeholder=\"Vorname*\" value=\"\" type=\"text\" name=\"nome\" \/><\/span>\n    <span class=\"wpcf7-form-control-wrap\" data-name=\"cognome\"><input size=\"40\" maxlength=\"400\" class=\"wpcf7-form-control wpcf7-text wpcf7-validates-as-required input-bg\" aria-required=\"true\" aria-invalid=\"false\" placeholder=\"Nachname*\" value=\"\" type=\"text\" name=\"cognome\" \/><\/span>\n    <span class=\"wpcf7-form-control-wrap\" data-name=\"azienda\"><input size=\"40\" maxlength=\"400\" class=\"wpcf7-form-control wpcf7-text wpcf7-validates-as-required input-bg\" aria-required=\"true\" aria-invalid=\"false\" placeholder=\"Firma*\" value=\"\" type=\"text\" name=\"azienda\" \/><\/span>\n    <span class=\"wpcf7-form-control-wrap\" data-name=\"provincia\"><input size=\"40\" maxlength=\"400\" class=\"wpcf7-form-control wpcf7-text wpcf7-validates-as-required input-bg\" aria-required=\"true\" aria-invalid=\"false\" placeholder=\"Land*\" value=\"\" type=\"text\" name=\"provincia\" \/><\/span>\n    <span class=\"wpcf7-form-control-wrap\" data-name=\"email\"><input size=\"40\" maxlength=\"400\" class=\"wpcf7-form-control wpcf7-email wpcf7-validates-as-required wpcf7-text wpcf7-validates-as-email input-bg\" aria-required=\"true\" aria-invalid=\"false\" placeholder=\"E-mail*\" value=\"\" type=\"email\" name=\"email\" \/><\/span>\n    <span class=\"wpcf7-form-control-wrap\" data-name=\"telefono\"><input size=\"40\" maxlength=\"400\" class=\"wpcf7-form-control wpcf7-text wpcf7-validates-as-required input-bg\" aria-required=\"true\" aria-invalid=\"false\" placeholder=\"Telefon*\" value=\"\" type=\"text\" name=\"telefono\" \/><\/span>\n    <span class=\"wpcf7-form-control-wrap\" data-name=\"messaggio\"><textarea cols=\"40\" rows=\"3\" maxlength=\"2000\" class=\"wpcf7-form-control wpcf7-textarea input-bg\" aria-invalid=\"false\" placeholder=\"Mitteilung\" name=\"messaggio\"><\/textarea><\/span>\n    <span class=\"wpcf7-form-control-wrap\" data-name=\"opt-in\"><span class=\"wpcf7-form-control wpcf7-acceptance optional\"><span class=\"wpcf7-list-item\"><label><input type=\"checkbox\" name=\"opt-in\" value=\"1\" aria-invalid=\"false\" \/><span class=\"wpcf7-list-item-label\">Ich m\u00f6chte Ihren Newsletter abonnieren<\/span><\/label><\/span><\/span><\/span>\n    <span class=\"wpcf7-form-control-wrap\" data-name=\"contact-privacy\"><span class=\"wpcf7-form-control wpcf7-acceptance\"><span class=\"wpcf7-list-item\"><label><input type=\"checkbox\" name=\"contact-privacy\" value=\"1\" aria-invalid=\"false\" \/><span class=\"wpcf7-list-item-label\">Ich stimme Ihrer <a href=\"https:\/\/www.iubenda.com\/privacy-policy\/93075195\/legal\" target=\"_blank\">Datenschutzrichtlinie<\/a> zu<\/span><\/label><\/span><\/span><\/span>\n    <span class=\"wpcf7-form-control-wrap\" data-name=\"contact-cookie\"><span class=\"wpcf7-form-control wpcf7-acceptance\"><span class=\"wpcf7-list-item\"><label><input type=\"checkbox\" name=\"contact-cookie\" value=\"1\" aria-invalid=\"false\" \/><span class=\"wpcf7-list-item-label\">Ich stimme Ihrer <a href=\"https:\/\/www.iubenda.com\/privacy-policy\/93075195\/cookie-policy\" target=\"_blank\">Cookie-Richtlinie <\/a> zu<\/span><\/label><\/span><\/span><\/span><br>\n    <input class=\"wpcf7-form-control wpcf7-submit has-spinner btn btn-small border-radius-0 btn-white\" type=\"submit\" value=\"Senden\" \/>\n<\/div>\n<input class=\"wpcf7-form-control wpcf7-hidden\" value=\"\" type=\"hidden\" name=\"utm_source\" \/>\n<input class=\"wpcf7-form-control wpcf7-hidden\" value=\"\" type=\"hidden\" name=\"utm_medium\" \/>\n<input class=\"wpcf7-form-control wpcf7-hidden\" value=\"\" type=\"hidden\" name=\"utm_campaign\" \/><div class=\"wpcf7-response-output\" aria-hidden=\"true\"><\/div>\n<\/form>\n<\/div>\n<\/div><\/div><\/div><\/section><div class=\"vc_row-full-width vc_clearfix\"><\/div>\n","protected":false},"excerpt":{"rendered":"[vc_raw_html el_class=\"sgBreadcrumb\"]JTVCYWlvc2VvX2JyZWFkY3J1bWJzJTVE[\/vc_raw_html]KONTAKTEKontaktieren Sie das Debem-TeamDas DEBEM-Team steht Ihnen f\u00fcr technische und kaufm\u00e4nnische Informationen zu den Produkten der Hygienic-Solutions-Linie jederzeit zur Verf\u00fcgung. Wenden Sie sich bitte an die untenstehenden Kontaktdaten oder f\u00fcllen Sie das Kontaktformular aus. VERWALTUNGSSITZBergfeldstrasse 1, 83607 Holzkirchen ANREISEEMAILinfo@debem.de SCHREIBEN SIE UNSRUFEN SIE UNS AN+ 49 08024 4602744 CALL USFAX+39 0331074036 Senden sie uns eine anfrage Ich m\u00f6chte Ihren Newsletter abonnieren Ich stimme Ihrer Datenschutzrichtlinie zu Ich stimme Ihrer Cookie-Richtlinie zu","protected":false},"author":1,"featured_media":0,"parent":0,"menu_order":0,"comment_status":"closed","ping_status":"closed","template":"","meta":{"footnotes":""},"class_list":["post-26952","page","type-page","status-publish","hentry"],"aioseo_notices":[],"_links":{"self":[{"href":"https:\/\/sani.debem.com\/de\/wp-json\/wp\/v2\/pages\/26952","targetHints":{"allow":["GET"]}}],"collection":[{"href":"https:\/\/sani.debem.com\/de\/wp-json\/wp\/v2\/pages"}],"about":[{"href":"https:\/\/sani.debem.com\/de\/wp-json\/wp\/v2\/types\/page"}],"author":[{"embeddable":true,"href":"https:\/\/sani.debem.com\/de\/wp-json\/wp\/v2\/users\/1"}],"replies":[{"embeddable":true,"href":"https:\/\/sani.debem.com\/de\/wp-json\/wp\/v2\/comments?post=26952"}],"version-history":[{"count":6,"href":"https:\/\/sani.debem.com\/de\/wp-json\/wp\/v2\/pages\/26952\/revisions"}],"predecessor-version":[{"id":28725,"href":"https:\/\/sani.debem.com\/de\/wp-json\/wp\/v2\/pages\/26952\/revisions\/28725"}],"wp:attachment":[{"href":"https:\/\/sani.debem.com\/de\/wp-json\/wp\/v2\/media?parent=26952"}],"curies":[{"name":"wp","href":"https:\/\/api.w.org\/{rel}","templated":true}]}}