{"id":26900,"date":"2022-07-21T10:31:03","date_gmt":"2022-07-21T10:31:03","guid":{"rendered":"https:\/\/sani.debem.com\/?page_id=26900"},"modified":"2026-04-15T10:02:36","modified_gmt":"2026-04-15T10:02:36","slug":"betriebsmittel","status":"publish","type":"page","link":"https:\/\/sani.debem.com\/de\/betriebsmittel\/","title":{"rendered":"Betriebsmittel"},"content":{"rendered":"<section class=\"vc_row wpb_row vc_row-fluid  vc_custom_1639142734921 wow fadeIn vc_row-has-fill pofo-row-responsive-69ed2f6352131\"><div class=\"wpb_column vc_column_container vc_col-sm-12  col-xs-mobile-fullwidth\"><div class=\"vc_column-inner \"><div class=\"wpb_wrapper\">[vc_raw_html el_class=&#8220;sgBreadcrumb&#8220;]JTVCYWlvc2VvX2JyZWFkY3J1bWJzJTVE[\/vc_raw_html]<div class=\"vc_row wpb_row vc_inner vc_row-fluid\"><div class=\"wpb_column vc_column_container vc_col-lg-3 vc_col-md-3 vc_hidden-sm col-xs-mobile-fullwidth\"><div class=\"vc_column-inner \"><div class=\"wpb_wrapper\"><\/div><\/div><\/div><div class=\"wpb_column vc_column_container vc_col-lg-6 vc_col-md-6 col-xs-mobile-fullwidth text-center md-text-center sm-text-left xs-text-left\"><div class=\"vc_column-inner vc_custom_1636126277557\"><div class=\"wpb_wrapper\"><span class=\"text-extra-dark-gray margin-20px-bottom font-weight-600 display-block alt-font heading-style2  vc_custom_1658390536334  heading-1\"  style=\"font-size: 15px; line-height: 22px; font-weight: 400; color: #0069a5;\" data-fontsize=\"15px\" data-lineheight=\"22px\">BETRIEBSMITTEL<\/span><h1 class=\"text-extra-dark-gray margin-20px-bottom font-weight-600 display-inline-block alt-font  pofo_font_1658390540460 heading-style2  heading-2\"  style=\"font-size: 36px; line-height: 40px; font-weight: 500;\" data-fontsize=\"36px\" data-lineheight=\"40px\">Kataloge, Handb\u00fccher und technische Datenbl\u00e4tter<\/h1><div class=\"text-medium line-height-28  vc_custom_1658390553198 last-paragraph-no-margin pofo-text-block-responsive-69ed2f63524df\" style=\"width: 100%;\"><p>Unsere Produktline \u201eHygienic\u201c umfasst \u00e4u\u00dferst vielseitige, luftbetriebene Doppelmembranpumpen, die in der Lage sind, eine breite Palette von Fl\u00fcssigkeiten mit variabler Viskosit\u00e4t sicher und effizient zu handhaben.<\/p>\n<\/div><\/div><\/div><\/div><div class=\"wpb_column vc_column_container vc_col-lg-3 vc_col-md-3 vc_hidden-sm col-xs-mobile-fullwidth\"><div class=\"vc_column-inner \"><div class=\"wpb_wrapper\"><\/div><\/div><\/div><\/div><\/div><\/div><\/div><\/section><section data-vc-full-width=\"true\" data-vc-full-width-init=\"false\" class=\"vc_row wpb_row vc_row-fluid  vc_custom_1639142760264 vc_row-has-fill pofo-stretch-content pofo-stretch-row-container\"><div class=\"wpb_column vc_column_container vc_col-sm-6  col-xs-mobile-fullwidth pofo-column-responsive-69ed2f6352660\"><div class=\"vc_column-inner vc_custom_1639142744023\"><div class=\"wpb_wrapper\"><div class=\"text-medium-gray text-small margin-5px-bottom alt-font heading-style4  vc_custom_1658390575422  heading-3\"  style=\"font-size: 18px; line-height: 20px; font-weight: 500; color: #0069a5;\" data-fontsize=\"18px\" data-lineheight=\"20px\">TECHNISCHE DATENBL\u00c4TTER<\/div><div class=\"text-medium line-height-28 last-paragraph-no-margin\"><p>Auf dieser Seite k\u00f6nnen Sie die technischen Datenbl\u00e4tter der Hygienic-Pumpenserie von Debem herunterladen.<\/p>\n<\/div><\/div><\/div><\/div><div class=\"wpb_column vc_column_container vc_col-sm-6  col-xs-mobile-fullwidth\"><div class=\"vc_column-inner \"><div class=\"wpb_wrapper\"><div class=\"vc_row wpb_row vc_inner vc_row-fluid\"><div class=\"wpb_column vc_column_container vc_col-sm-4 vc_col-xs-6\"><div class=\"vc_column-inner vc_custom_1639142241895\"><div class=\"wpb_wrapper\"><div class=\"featurebox21 pofo-featurebox featurebox21-1\" ><div class=\"display-inline-block margin-25px-bottom sm-margin-15px-bottom xs-margin-10px-bottom\"><i class=\"link-icon display-block icon-notebook icon-medium\"><\/i><\/div><span class=\"text-extra-dark-gray display-inline-block width-100 text-small font-weight-600 alt-font margin-5px-bottom\" style=\"font-size: 14px;\" data-fontsize=\"14px\">TECHNISCHES DATENBLATT<\/span><div class=\"xs-margin-10px-bottom center-col last-paragraph-no-margin\"><p>Aisiboxer 01<\/p>\n<\/div><a class=\"pofo-info-link margin-15px-top xs-no-margin-top display-inline-block text-deep-pink text-small\" target=\"_blank\" href=\"https:\/\/sani.debem.com\/wp-content\/uploads\/2026\/04\/AISIBOXER-01-DE.pdf\">Download<\/a><\/div><\/div><\/div><\/div><div class=\"wpb_column vc_column_container vc_col-sm-4 vc_col-xs-6\"><div class=\"vc_column-inner vc_custom_1639142246935\"><div class=\"wpb_wrapper\"><div class=\"featurebox21 pofo-featurebox featurebox21-2\" ><div class=\"display-inline-block margin-25px-bottom sm-margin-15px-bottom xs-margin-10px-bottom\"><i class=\"link-icon display-block icon-notebook icon-medium\"><\/i><\/div><span class=\"text-extra-dark-gray display-inline-block width-100 text-small font-weight-600 alt-font margin-5px-bottom\" style=\"font-size: 14px;\" data-fontsize=\"14px\">TECHNISCHES DATENBLATT<\/span><div class=\"xs-margin-10px-bottom center-col last-paragraph-no-margin\"><p>Aisiboxer 02<\/p>\n<\/div><a class=\"pofo-info-link margin-15px-top xs-no-margin-top display-inline-block text-deep-pink text-small\" target=\"_blank\" href=\"https:\/\/sani.debem.com\/wp-content\/uploads\/2026\/04\/AISIBOXER-02-DE.pdf\">Download<\/a><\/div><\/div><\/div><\/div><div class=\"wpb_column vc_column_container vc_col-sm-4 vc_col-xs-6\"><div class=\"vc_column-inner vc_custom_1639142251706\"><div class=\"wpb_wrapper\"><div class=\"featurebox21 pofo-featurebox featurebox21-3\" ><div class=\"display-inline-block margin-25px-bottom sm-margin-15px-bottom xs-margin-10px-bottom\"><i class=\"link-icon display-block icon-notebook icon-medium\"><\/i><\/div><span class=\"text-extra-dark-gray display-inline-block width-100 text-small font-weight-600 alt-font margin-5px-bottom\" style=\"font-size: 14px;\" data-fontsize=\"14px\">TECHNISCHES DATENBLATT<\/span><div class=\"xs-margin-10px-bottom center-col last-paragraph-no-margin\"><p>Aisiboxer 03<\/p>\n<\/div><a class=\"pofo-info-link margin-15px-top xs-no-margin-top display-inline-block text-deep-pink text-small\" target=\"_blank\" href=\"https:\/\/sani.debem.com\/wp-content\/uploads\/2026\/04\/AISIBOXER-03-DE.pdf\">Download<\/a><\/div><\/div><\/div><\/div><div class=\"wpb_column vc_column_container vc_col-sm-4 vc_col-xs-6\"><div class=\"vc_column-inner vc_custom_1639142257064\"><div class=\"wpb_wrapper\"><div class=\"featurebox21 pofo-featurebox featurebox21-4\" ><div class=\"display-inline-block margin-25px-bottom sm-margin-15px-bottom xs-margin-10px-bottom\"><i class=\"link-icon display-block icon-notebook icon-medium\"><\/i><\/div><span class=\"text-extra-dark-gray display-inline-block width-100 text-small font-weight-600 alt-font margin-5px-bottom\" style=\"font-size: 14px;\" data-fontsize=\"14px\">TECHNISCHES DATENBLATT<\/span><div class=\"xs-margin-10px-bottom center-col last-paragraph-no-margin\"><p>Saniboxer 01<\/p>\n<\/div><a class=\"pofo-info-link margin-15px-top xs-no-margin-top display-inline-block text-deep-pink text-small\" target=\"_blank\" href=\"https:\/\/sani.debem.com\/wp-content\/uploads\/2026\/04\/SANIBOXER-01-DE.pdf\">Download<\/a><\/div><\/div><\/div><\/div><div class=\"wpb_column vc_column_container vc_col-sm-4 vc_col-xs-6\"><div class=\"vc_column-inner vc_custom_1639142261911\"><div class=\"wpb_wrapper\"><div class=\"featurebox21 pofo-featurebox featurebox21-5\" ><div class=\"display-inline-block margin-25px-bottom sm-margin-15px-bottom xs-margin-10px-bottom\"><i class=\"link-icon display-block icon-notebook icon-medium\"><\/i><\/div><span class=\"text-extra-dark-gray display-inline-block width-100 text-small font-weight-600 alt-font margin-5px-bottom\" style=\"font-size: 14px;\" data-fontsize=\"14px\">TECHNISCHES DATENBLATT<\/span><div class=\"xs-margin-10px-bottom center-col last-paragraph-no-margin\"><p>Saniboxer 02<\/p>\n<\/div><a class=\"pofo-info-link margin-15px-top xs-no-margin-top display-inline-block text-deep-pink text-small\" target=\"_blank\" href=\"https:\/\/sani.debem.com\/wp-content\/uploads\/2026\/04\/SANIBOXER-02-DE.pdf\">Download<\/a><\/div><\/div><\/div><\/div><div class=\"wpb_column vc_column_container vc_col-sm-4 vc_col-xs-6\"><div class=\"vc_column-inner vc_custom_1639142267105\"><div class=\"wpb_wrapper\"><div class=\"featurebox21 pofo-featurebox featurebox21-6\" ><div class=\"display-inline-block margin-25px-bottom sm-margin-15px-bottom xs-margin-10px-bottom\"><i class=\"link-icon display-block icon-notebook icon-medium\"><\/i><\/div><span class=\"text-extra-dark-gray display-inline-block width-100 text-small font-weight-600 alt-font margin-5px-bottom\" style=\"font-size: 14px;\" data-fontsize=\"14px\">TECHNISCHES DATENBLATT<\/span><div class=\"xs-margin-10px-bottom center-col last-paragraph-no-margin\"><p>Saniboxer 03<\/p>\n<\/div><a class=\"pofo-info-link margin-15px-top xs-no-margin-top display-inline-block text-deep-pink text-small\" target=\"_blank\" href=\"https:\/\/sani.debem.com\/wp-content\/uploads\/2026\/04\/SANIBOXER-03-DE.pdf\">Download<\/a><\/div><\/div><\/div><\/div><div class=\"wpb_column vc_column_container vc_col-sm-4 vc_col-xs-6\"><div class=\"vc_column-inner vc_custom_1642513133144\"><div class=\"wpb_wrapper\"><div class=\"featurebox21 pofo-featurebox featurebox21-7\" ><div class=\"display-inline-block margin-25px-bottom sm-margin-15px-bottom xs-margin-10px-bottom\"><i class=\"link-icon display-block icon-notebook icon-medium\"><\/i><\/div><span class=\"text-extra-dark-gray display-inline-block width-100 text-small font-weight-600 alt-font margin-5px-bottom\" style=\"font-size: 14px;\" data-fontsize=\"14px\">TECHNISCHES DATENBLATT<\/span><div class=\"xs-margin-10px-bottom center-col last-paragraph-no-margin\"><p>Aisiflow 251<\/p>\n<\/div><a class=\"pofo-info-link margin-15px-top xs-no-margin-top display-inline-block text-deep-pink text-small\" target=\"_blank\" href=\"https:\/\/sani.debem.com\/wp-content\/uploads\/2026\/04\/FULLFLOW-251-DE.pdf\">Download<\/a><\/div><\/div><\/div><\/div><\/div><\/div><\/div><\/div><\/section><div class=\"vc_row-full-width vc_clearfix\"><\/div><section class=\"vc_row wpb_row vc_row-fluid  vc_custom_1639142766805 vc_row-has-fill\"><div class=\"wpb_column vc_column_container vc_col-sm-6  col-xs-mobile-fullwidth pofo-column-responsive-69ed2f6352f67\"><div class=\"vc_column-inner vc_custom_1639142752455\"><div class=\"wpb_wrapper\"><div class=\"text-medium-gray text-small margin-5px-bottom alt-font heading-style4  vc_custom_1658390594909  heading-4\"  style=\"font-size: 18px; line-height: 20px; font-weight: 500; color: #0069a5;\" data-fontsize=\"18px\" data-lineheight=\"20px\">KATALOGE<\/div><div class=\"text-medium line-height-28 last-paragraph-no-margin\"><p>Auf dieser Seite k\u00f6nnen Sie den vollst\u00e4ndigen Katalog der Debem Hygienic-Pumpenserie herunterladen.<\/p>\n<\/div><\/div><\/div><\/div><div class=\"wpb_column vc_column_container vc_col-sm-6  col-xs-mobile-fullwidth\"><div class=\"vc_column-inner \"><div class=\"wpb_wrapper\"><div class=\"vc_row wpb_row vc_inner vc_row-fluid\"><div class=\"wpb_column vc_column_container vc_col-sm-4 vc_col-xs-6\"><div class=\"vc_column-inner vc_custom_1639142241895\"><div class=\"wpb_wrapper\"><div class=\"featurebox21 pofo-featurebox featurebox21-8\" ><div class=\"display-inline-block margin-25px-bottom sm-margin-15px-bottom xs-margin-10px-bottom\"><i class=\"link-icon display-block icon-book-open icon-medium\"><\/i><\/div><span class=\"text-extra-dark-gray display-inline-block width-100 text-small font-weight-600 alt-font margin-5px-bottom\" style=\"font-size: 14px;\" data-fontsize=\"14px\">Katalog<\/span><div class=\"xs-margin-10px-bottom center-col last-paragraph-no-margin\"><p>Debem Katalog<\/p>\n<\/div><a class=\"pofo-info-link margin-15px-top xs-no-margin-top display-inline-block text-deep-pink text-small\" target=\"_blank\" href=\"https:\/\/sani.debem.com\/wp-content\/uploads\/2025\/03\/Debem-CatalogoHygienic2025-DE.pdf\">Download<\/a><\/div><\/div><\/div><\/div><div class=\"wpb_column vc_column_container vc_col-sm-4 vc_col-xs-6\"><div class=\"vc_column-inner vc_custom_1639142246935\"><div class=\"wpb_wrapper\"><\/div><\/div><\/div><div class=\"wpb_column vc_column_container vc_col-sm-4 vc_col-xs-6\"><div class=\"vc_column-inner vc_custom_1639142251706\"><div class=\"wpb_wrapper\"><\/div><\/div><\/div><\/div><\/div><\/div><\/div><\/section><section data-vc-full-width=\"true\" data-vc-full-width-init=\"false\" class=\"vc_row wpb_row vc_row-fluid  vc_custom_1639142760264 vc_row-has-fill pofo-stretch-content pofo-stretch-row-container\"><div class=\"wpb_column vc_column_container vc_col-sm-6  col-xs-mobile-fullwidth pofo-column-responsive-69ed2f63532b6\"><div class=\"vc_column-inner vc_custom_1639142744023\"><div class=\"wpb_wrapper\"><div class=\"text-medium-gray text-small margin-5px-bottom alt-font heading-style4  vc_custom_1658390607413  heading-5\"  style=\"font-size: 18px; line-height: 20px; font-weight: 500; color: #0069a5;\" data-fontsize=\"18px\" data-lineheight=\"20px\">HANDB\u00dcCHER<\/div><div class=\"text-medium line-height-28 last-paragraph-no-margin\"><p>Auf dieser Seite k\u00f6nnen Sie die Bedienungs- und Wartungsanleitungen der Hygienic-Pumpenserie von Debem herunterladen.<\/p>\n<\/div><\/div><\/div><\/div><div class=\"wpb_column vc_column_container vc_col-sm-6  col-xs-mobile-fullwidth\"><div class=\"vc_column-inner \"><div class=\"wpb_wrapper\"><div class=\"vc_row wpb_row vc_inner vc_row-fluid\"><div class=\"wpb_column vc_column_container vc_col-sm-4 vc_col-xs-6\"><div class=\"vc_column-inner vc_custom_1639142241895\"><div class=\"wpb_wrapper\"><div class=\"featurebox21 pofo-featurebox featurebox21-9\" ><div class=\"display-inline-block margin-25px-bottom sm-margin-15px-bottom xs-margin-10px-bottom\"><i class=\"link-icon display-block ti-bookmark-alt icon-medium\"><\/i><\/div><span class=\"text-extra-dark-gray display-inline-block width-100 text-small font-weight-600 alt-font margin-5px-bottom\" style=\"font-size: 14px;\" data-fontsize=\"14px\">HANDB\u00dcCH<\/span><div class=\"xs-margin-10px-bottom center-col last-paragraph-no-margin\"><p>Aisiboxer<\/p>\n<\/div><a class=\"pofo-info-link margin-15px-top xs-no-margin-top display-inline-block text-deep-pink text-small\" target=\"_blank\" href=\"https:\/\/sani.debem.com\/wp-content\/uploads\/2024\/07\/MANSANIBOXER-AISIBOXER-DE.pdf\">Download<\/a><\/div><\/div><\/div><\/div><div class=\"wpb_column vc_column_container vc_col-sm-4 vc_col-xs-6\"><div class=\"vc_column-inner vc_custom_1639142246935\"><div class=\"wpb_wrapper\"><div class=\"featurebox21 pofo-featurebox featurebox21-10\" ><div class=\"display-inline-block margin-25px-bottom sm-margin-15px-bottom xs-margin-10px-bottom\"><i class=\"link-icon display-block ti-bookmark-alt icon-medium\"><\/i><\/div><span class=\"text-extra-dark-gray display-inline-block width-100 text-small font-weight-600 alt-font margin-5px-bottom\" style=\"font-size: 14px;\" data-fontsize=\"14px\">HANDB\u00dcCH<\/span><div class=\"xs-margin-10px-bottom center-col last-paragraph-no-margin\"><p>Saniboxer<\/p>\n<\/div><a class=\"pofo-info-link margin-15px-top xs-no-margin-top display-inline-block text-deep-pink text-small\" target=\"_blank\" href=\"https:\/\/sani.debem.com\/wp-content\/uploads\/2024\/07\/MANSANIBOXER-AISIBOXER-DE.pdf\">Download<\/a><\/div><\/div><\/div><\/div><div class=\"wpb_column vc_column_container vc_col-sm-4 vc_col-xs-6\"><div class=\"vc_column-inner vc_custom_1639142251706\"><div class=\"wpb_wrapper\"><div class=\"featurebox21 pofo-featurebox featurebox21-11\" ><div class=\"display-inline-block margin-25px-bottom sm-margin-15px-bottom xs-margin-10px-bottom\"><i class=\"link-icon display-block ti-bookmark-alt icon-medium\"><\/i><\/div><span class=\"text-extra-dark-gray display-inline-block width-100 text-small font-weight-600 alt-font margin-5px-bottom\" style=\"font-size: 14px;\" data-fontsize=\"14px\">HANDB\u00dcCH<\/span><div class=\"xs-margin-10px-bottom center-col last-paragraph-no-margin\"><p>Aisiflow<\/p>\n<\/div><a class=\"pofo-info-link margin-15px-top xs-no-margin-top display-inline-block text-deep-pink text-small\" target=\"_self\" href=\"mailto:info@debem.de\">Anfrage<\/a><\/div><\/div><\/div><\/div><\/div><\/div><\/div><\/div><\/section><div class=\"vc_row-full-width vc_clearfix\"><\/div><section data-vc-full-width=\"true\" data-vc-full-width-init=\"false\" class=\"vc_row wpb_row vc_row-fluid  vc_custom_1638461520204 cover-background wow fadeIn vc_row-has-fill pofo-stretch-content pofo-stretch-row-container pofo-row-responsive-69ed2f6353727\"><div class=\"wpb_column vc_column_container vc_col-sm-12 vc_col-md-12 col-xs-mobile-fullwidth text-center\"><div class=\"vc_column-inner \"><div class=\"wpb_wrapper\"><span class=\"text-extra-large margin-25px-bottom vertical-align-middle sm-width-100 display-inline-block alt-font heading-style3  vc_custom_1658387054027 pofo-button-responsive-69ed2f635387e  heading-6\"  style=\"color: #ffffff;\">M\u00f6chten Sie mehr erfahren? Z\u00f6gern Sie nicht, uns zu kontaktieren.<\/span><a  href=\"\/de\/kontakte\/\" target=\"_self\" class=\"btn pofo-button-1 button-style2  btn-white  btn-medium   vc_custom_1658387099709 pofo-button-responsive-69ed2f63538d1\"  style=\"color:#0069a5; \">KONTAKTIERE UNS<\/a><\/div><\/div><\/div><\/section><div class=\"vc_row-full-width vc_clearfix\"><\/div>\n","protected":false},"excerpt":{"rendered":"[vc_raw_html el_class=\"sgBreadcrumb\"]JTVCYWlvc2VvX2JyZWFkY3J1bWJzJTVE[\/vc_raw_html]BETRIEBSMITTELKataloge, Handb\u00fccher und technische Datenbl\u00e4tterUnsere Produktline \u201eHygienic\u201c umfasst \u00e4u\u00dferst vielseitige, luftbetriebene Doppelmembranpumpen, die in der Lage sind, eine breite Palette von Fl\u00fcssigkeiten mit variabler Viskosit\u00e4t sicher und effizient zu handhaben. TECHNISCHE DATENBL\u00c4TTERAuf dieser Seite k\u00f6nnen Sie die technischen Datenbl\u00e4tter der Hygienic-Pumpenserie von Debem herunterladen. TECHNISCHES DATENBLATTAisiboxer 01 DownloadTECHNISCHES DATENBLATTAisiboxer 02 DownloadTECHNISCHES DATENBLATTAisiboxer 03 DownloadTECHNISCHES DATENBLATTSaniboxer 01 DownloadTECHNISCHES DATENBLATTSaniboxer 02 DownloadTECHNISCHES DATENBLATTSaniboxer 03 DownloadTECHNISCHES DATENBLATTAisiflow 251 DownloadKATALOGEAuf dieser Seite k\u00f6nnen Sie den vollst\u00e4ndigen Katalog der Debem Hygienic-Pumpenserie herunterladen. KatalogDebem Katalog DownloadHANDB\u00dcCHERAuf dieser Seite k\u00f6nnen Sie die Bedienungs- und Wartungsanleitungen der Hygienic-Pumpenserie von Debem herunterladen. HANDB\u00dcCHAisiboxer DownloadHANDB\u00dcCHSaniboxer DownloadHANDB\u00dcCHAisiflow AnfrageM\u00f6chten Sie mehr erfahren? Z\u00f6gern Sie nicht, uns zu kontaktieren.KONTAKTIERE UNS","protected":false},"author":1,"featured_media":0,"parent":0,"menu_order":0,"comment_status":"closed","ping_status":"closed","template":"","meta":{"footnotes":""},"class_list":["post-26900","page","type-page","status-publish","hentry"],"aioseo_notices":[],"_links":{"self":[{"href":"https:\/\/sani.debem.com\/de\/wp-json\/wp\/v2\/pages\/26900","targetHints":{"allow":["GET"]}}],"collection":[{"href":"https:\/\/sani.debem.com\/de\/wp-json\/wp\/v2\/pages"}],"about":[{"href":"https:\/\/sani.debem.com\/de\/wp-json\/wp\/v2\/types\/page"}],"author":[{"embeddable":true,"href":"https:\/\/sani.debem.com\/de\/wp-json\/wp\/v2\/users\/1"}],"replies":[{"embeddable":true,"href":"https:\/\/sani.debem.com\/de\/wp-json\/wp\/v2\/comments?post=26900"}],"version-history":[{"count":36,"href":"https:\/\/sani.debem.com\/de\/wp-json\/wp\/v2\/pages\/26900\/revisions"}],"predecessor-version":[{"id":30831,"href":"https:\/\/sani.debem.com\/de\/wp-json\/wp\/v2\/pages\/26900\/revisions\/30831"}],"wp:attachment":[{"href":"https:\/\/sani.debem.com\/de\/wp-json\/wp\/v2\/media?parent=26900"}],"curies":[{"name":"wp","href":"https:\/\/api.w.org\/{rel}","templated":true}]}}